{"id":412,"date":"2020-10-05T13:18:09","date_gmt":"2020-10-05T11:18:09","guid":{"rendered":"https:\/\/wordpress.nibis.de\/gsbelm\/?page_id=412"},"modified":"2020-10-05T13:41:24","modified_gmt":"2020-10-05T11:41:24","slug":"leistungsbewertung-deutsch","status":"publish","type":"page","link":"https:\/\/wordpress.nibis.de\/gsbelm\/leistungsbewertung-deutsch\/","title":{"rendered":"Leistungsbewertung Deutsch"},"content":{"rendered":"\n<p>Als Grundlage dient der einstimmige Beschluss der Belmer Verbundkonferenz vom 29.10.2018.<\/p>\n<p><strong><u>Jahrgang 1 und 2:<\/u><\/strong><\/p>\n<p>Im 1. und 2. Jahrgang erfolgt die Leistungsbewertung auf der Basis von individuellen Beobachtungen der Sch\u00fclerinnen und Sch\u00fcler. Die Lernfortschritte werden in der Dokumentation der individuellen Lernentwicklung erfasst (vgl. Beobachtungsb\u00f6gen).<\/p>\n<p>\u00a0<\/p>\n<p><strong><u>Jahrgang 3 und 4:<\/u><\/strong><strong>\u00a0\u00a0\u00a0\u00a0\u00a0\u00a0\u00a0\u00a0\u00a0\u00a0<\/strong><\/p>\n<p>Zusammensetzung der Note:<\/p>\n<p><strong>50%<\/strong> schriftliche Lernkontrollen<\/p>\n<p><strong>25% <\/strong>m\u00fcndliche Leistungen\u00a0\u00a0\u00a0\u00a0\u00a0\u00a0\u00a0<\/p>\n<p><strong>25%<\/strong> fachspezifische Leistungen (Insgesamt 4 St\u00fcck pro Schuljahr. Bspw. Lesetagebuch, Zeitungsheft, W\u00f6rterbucharbeit, Gedichtvortrag, szenische Darstellung etc.)<\/p>\n<p><strong>Schriftliche Lernkontrollen:<\/strong><\/p>\n<p>Pro Halbjahr werden <strong>vier<\/strong> schriftliche Lernkontrollen geschrieben, davon <u>drei kombinierte<\/u> Lernkontrollen, z.B. Kombination aus 80% Lesen und 20% Schreibfertigkeiten. Die vierte Lernkontrolle kommt aus dem Bereich &#8222;Texte verfassen&#8220; und wird nicht mit anderen Bereichen kombiniert.<\/p>\n<p><a href=\"#_ftn3\" name=\"_ftnref3\"><\/a><\/p>\n","protected":false},"excerpt":{"rendered":"<p>Als Grundlage dient der einstimmige Beschluss der Belmer Verbundkonferenz vom 29.10.2018. Jahrgang 1 und 2: Im 1. und 2. Jahrgang erfolgt die Leistungsbewertung auf der Basis von individuellen Beobachtungen der Sch\u00fclerinnen und Sch\u00fcler. Die Lernfortschritte werden in der Dokumentation der &hellip; <a href=\"https:\/\/wordpress.nibis.de\/gsbelm\/leistungsbewertung-deutsch\/\">Weiterlesen <span class=\"meta-nav\">&rarr;<\/span><\/a><\/p>\n","protected":false},"author":9193389,"featured_media":0,"parent":0,"menu_order":0,"comment_status":"closed","ping_status":"closed","template":"","meta":{"footnotes":""},"class_list":["post-412","page","type-page","status-publish","hentry"],"_links":{"self":[{"href":"https:\/\/wordpress.nibis.de\/gsbelm\/wp-json\/wp\/v2\/pages\/412","targetHints":{"allow":["GET"]}}],"collection":[{"href":"https:\/\/wordpress.nibis.de\/gsbelm\/wp-json\/wp\/v2\/pages"}],"about":[{"href":"https:\/\/wordpress.nibis.de\/gsbelm\/wp-json\/wp\/v2\/types\/page"}],"author":[{"embeddable":true,"href":"https:\/\/wordpress.nibis.de\/gsbelm\/wp-json\/wp\/v2\/users\/9193389"}],"replies":[{"embeddable":true,"href":"https:\/\/wordpress.nibis.de\/gsbelm\/wp-json\/wp\/v2\/comments?post=412"}],"version-history":[{"count":3,"href":"https:\/\/wordpress.nibis.de\/gsbelm\/wp-json\/wp\/v2\/pages\/412\/revisions"}],"predecessor-version":[{"id":423,"href":"https:\/\/wordpress.nibis.de\/gsbelm\/wp-json\/wp\/v2\/pages\/412\/revisions\/423"}],"wp:attachment":[{"href":"https:\/\/wordpress.nibis.de\/gsbelm\/wp-json\/wp\/v2\/media?parent=412"}],"curies":[{"name":"wp","href":"https:\/\/api.w.org\/{rel}","templated":true}]}}