{"id":63,"date":"2020-03-19T20:55:33","date_gmt":"2020-03-19T19:55:33","guid":{"rendered":"https:\/\/wordpress.nibis.de\/gsbelm\/?page_id=63"},"modified":"2025-01-29T17:58:54","modified_gmt":"2025-01-29T16:58:54","slug":"aulastunde","status":"publish","type":"page","link":"https:\/\/wordpress.nibis.de\/gsbelm\/aulastunde\/","title":{"rendered":"Monatsforum"},"content":{"rendered":"\n<p>Einmal im Monat trifft sich die ganze Schulgemeinschaft in der Aula zum Monatsforum. Hier singen wir erst einmal zusammen unser Schullied. Die Klassensprecher:innen der dritten und vierten Klassen f\u00fchren dann durch das weitere Programm. Da kommt es immer ganz darauf an was ansteht: Ehrungen von Turnieren, des Vorlesewettbewerbs oder das Besprechen bestimmter Themen. Danach gibt es immer ungef\u00e4hr vier Auff\u00fchrungen, es wird getanzt, gesungen, ein selbst geschriebenes Gedicht vorgetragen oder ein Ergebnis aus dem Unterricht pr\u00e4sentiert. Jedes Kind darf hier die ersten Erfahrungen auf der Schulb\u00fchne sammeln und wird mit viel Applaus der Zuschauenden belohnt. Zum Abschied wird gemeinsam das Lied des Monats gesungen, welches vorher in den Klassen einge\u00fcbt wurde.<\/p>\n\n\n\n<p><\/p>\n\n\n\n<p>Anmeldungen und Fragen dazu k\u00f6nnen jederzeit an Frau Ahlborn oder Frau Billek gegeben werden.<\/p>\n\n\n\n<figure class=\"wp-block-gallery has-nested-images columns-default is-cropped wp-block-gallery-1 is-layout-flex wp-block-gallery-is-layout-flex\">\n<figure class=\"wp-block-image size-large\"><img loading=\"lazy\" decoding=\"async\" width=\"1200\" height=\"675\" data-id=\"2087\" src=\"https:\/\/wordpress.nibis.de\/gsbelm\/files\/2025\/01\/IMG_4734-1200x675.jpeg\" alt=\"\" class=\"wp-image-2087\" srcset=\"https:\/\/wordpress.nibis.de\/gsbelm\/files\/2025\/01\/IMG_4734-1200x675.jpeg 1200w, https:\/\/wordpress.nibis.de\/gsbelm\/files\/2025\/01\/IMG_4734-850x478.jpeg 850w, https:\/\/wordpress.nibis.de\/gsbelm\/files\/2025\/01\/IMG_4734-250x141.jpeg 250w\" sizes=\"auto, (max-width: 1200px) 100vw, 1200px\" \/><\/figure>\n<figcaption class=\"blocks-gallery-caption\">Die Klasse 2b probt mit Frau Billek f\u00fcr ihren Auftritt im n\u00e4chsten Monatsforum<\/figcaption><\/figure>\n\n\n\n<figure class=\"wp-block-video\"><video controls src=\"https:\/\/wordpress.nibis.de\/94da824a-7b29-4463-82e8-c5f411a37c9c\"><\/video><figcaption>Die Chor-AG von Frau Billek probt das Lied \u201cPacken\u201c aus dem Musical \u201cHohoho &#8211; wer rettet Weihnachten\u201c (Sarah Kurze &amp; Wolfgang Kohne)<\/figcaption><\/figure>\n\n\n\n<p><\/p>\n","protected":false},"excerpt":{"rendered":"<p>Einmal im Monat trifft sich die ganze Schulgemeinschaft in der Aula zum Monatsforum. Hier singen wir erst einmal zusammen unser Schullied. Die Klassensprecher:innen der dritten und vierten Klassen f\u00fchren dann durch das weitere Programm. Da kommt es immer ganz darauf &hellip; <a href=\"https:\/\/wordpress.nibis.de\/gsbelm\/aulastunde\/\">Weiterlesen <span class=\"meta-nav\">&rarr;<\/span><\/a><\/p>\n","protected":false},"author":9193389,"featured_media":0,"parent":0,"menu_order":0,"comment_status":"closed","ping_status":"closed","template":"","meta":{"footnotes":""},"class_list":["post-63","page","type-page","status-publish","hentry"],"_links":{"self":[{"href":"https:\/\/wordpress.nibis.de\/gsbelm\/wp-json\/wp\/v2\/pages\/63","targetHints":{"allow":["GET"]}}],"collection":[{"href":"https:\/\/wordpress.nibis.de\/gsbelm\/wp-json\/wp\/v2\/pages"}],"about":[{"href":"https:\/\/wordpress.nibis.de\/gsbelm\/wp-json\/wp\/v2\/types\/page"}],"author":[{"embeddable":true,"href":"https:\/\/wordpress.nibis.de\/gsbelm\/wp-json\/wp\/v2\/users\/9193389"}],"replies":[{"embeddable":true,"href":"https:\/\/wordpress.nibis.de\/gsbelm\/wp-json\/wp\/v2\/comments?post=63"}],"version-history":[{"count":6,"href":"https:\/\/wordpress.nibis.de\/gsbelm\/wp-json\/wp\/v2\/pages\/63\/revisions"}],"predecessor-version":[{"id":2085,"href":"https:\/\/wordpress.nibis.de\/gsbelm\/wp-json\/wp\/v2\/pages\/63\/revisions\/2085"}],"wp:attachment":[{"href":"https:\/\/wordpress.nibis.de\/gsbelm\/wp-json\/wp\/v2\/media?parent=63"}],"curies":[{"name":"wp","href":"https:\/\/api.w.org\/{rel}","templated":true}]}}