{"id":127,"date":"2016-05-08T13:45:04","date_gmt":"2016-05-08T11:45:04","guid":{"rendered":"http:\/\/wordpress.nibis.de\/gsbernhard\/?page_id=127"},"modified":"2026-01-12T12:14:36","modified_gmt":"2026-01-12T11:14:36","slug":"schuelervertretung","status":"publish","type":"page","link":"https:\/\/wordpress.nibis.de\/gsbernhard\/schuelervertretung\/","title":{"rendered":"Sch\u00fclervertretung"},"content":{"rendered":"\n<h2>Sch\u00fclervertretung (SV)<\/h2>\n<p>Seit dem Schuljahr 2011\/12 gibt es an der Bernhardschule eine Sch\u00fclervertretung, die sich aus den Klassensprechern der 3. und 4.\u00a0 Klassen zusammensetzt.<\/p>\n<p>Bei den regelm\u00e4\u00dfigen Treffen unter der Leitung von Frau Janning \u00fcberlegen die Sch\u00fclervertreter, wie sie das Schulleben lebendiger gestalten k\u00f6nnen.<\/p>\n<h3>Unsere aktuellen Sch\u00fclervertreter 2024\/25:<\/h3>\n\n\n\n<div class=\"wp-block-image\"><img loading=\"lazy\" decoding=\"async\" class=\"wpa-warning wpa-image-missing-alt aligncenter  wp-image-4767\" src=\"https:\/\/wordpress.nibis.de\/gsbernhard\/files\/2026\/01\/SV-Mitglieder-24-25.jpg\" alt=\"\" width=\"610\" height=\"813\" data-warning=\"Missing alt text\" srcset=\"https:\/\/wordpress.nibis.de\/gsbernhard\/files\/2026\/01\/SV-Mitglieder-24-25.jpg 1080w, https:\/\/wordpress.nibis.de\/gsbernhard\/files\/2026\/01\/SV-Mitglieder-24-25-100x133.jpg 100w, https:\/\/wordpress.nibis.de\/gsbernhard\/files\/2026\/01\/SV-Mitglieder-24-25-203x270.jpg 203w\" sizes=\"auto, (max-width: 610px) 100vw, 610px\" \/><\/div>\n","protected":false},"excerpt":{"rendered":"<p>Sch\u00fclervertretung (SV) Seit dem Schuljahr 2011\/12 gibt es an der Bernhardschule eine Sch\u00fclervertretung, die sich aus den Klassensprechern der 3. und 4.\u00a0 Klassen zusammensetzt. Bei den regelm\u00e4\u00dfigen Treffen unter der Leitung von Frau Janning \u00fcberlegen die Sch\u00fclervertreter, wie sie das Schulleben lebendiger gestalten k\u00f6nnen. Unsere aktuellen Sch\u00fclervertreter 2024\/25:<\/p>\n","protected":false},"author":1002,"featured_media":0,"parent":0,"menu_order":0,"comment_status":"closed","ping_status":"closed","template":"","meta":{"footnotes":""},"class_list":["post-127","page","type-page","status-publish","hentry"],"_links":{"self":[{"href":"https:\/\/wordpress.nibis.de\/gsbernhard\/wp-json\/wp\/v2\/pages\/127","targetHints":{"allow":["GET"]}}],"collection":[{"href":"https:\/\/wordpress.nibis.de\/gsbernhard\/wp-json\/wp\/v2\/pages"}],"about":[{"href":"https:\/\/wordpress.nibis.de\/gsbernhard\/wp-json\/wp\/v2\/types\/page"}],"author":[{"embeddable":true,"href":"https:\/\/wordpress.nibis.de\/gsbernhard\/wp-json\/wp\/v2\/users\/1002"}],"replies":[{"embeddable":true,"href":"https:\/\/wordpress.nibis.de\/gsbernhard\/wp-json\/wp\/v2\/comments?post=127"}],"version-history":[{"count":17,"href":"https:\/\/wordpress.nibis.de\/gsbernhard\/wp-json\/wp\/v2\/pages\/127\/revisions"}],"predecessor-version":[{"id":4768,"href":"https:\/\/wordpress.nibis.de\/gsbernhard\/wp-json\/wp\/v2\/pages\/127\/revisions\/4768"}],"wp:attachment":[{"href":"https:\/\/wordpress.nibis.de\/gsbernhard\/wp-json\/wp\/v2\/media?parent=127"}],"curies":[{"name":"wp","href":"https:\/\/api.w.org\/{rel}","templated":true}]}}