{"id":131,"date":"2016-05-08T13:49:36","date_gmt":"2016-05-08T11:49:36","guid":{"rendered":"http:\/\/wordpress.nibis.de\/gsbernhard\/?page_id=131"},"modified":"2024-09-25T16:36:13","modified_gmt":"2024-09-25T14:36:13","slug":"ganztagsschule","status":"publish","type":"page","link":"https:\/\/wordpress.nibis.de\/gsbernhard\/ganztagsschule\/","title":{"rendered":"Ganztagsschule"},"content":{"rendered":"<h3><strong>VERL\u00c4SSLICHE UND OFFENE GANZTAGSSCHULE <\/strong><\/h3>\n<p>Zum 01.08.2009 hat die Bernhardschule, Grundschule S\u00f6gel, als offene Ganztagsschule den Ganztagsbetrieb aufgenommen. <em>\u00a0<\/em>Wir sind eine \u201eVerl\u00e4ssliche Grundschule\u201c mit offenen Ganztagsangeboten von 7:45 Uhr bis 15:30 Uhr. Zurzeit werden an regul\u00e4ren Schultagen von montags bis donnerstags ein Mittagessen sowie vielf\u00e4ltige Nachmittagsveranstaltungen angeboten. Der Schwerpunkt liegt neben der Hausaufgabenbetreuung und F\u00f6rderung in Kleinlerngruppen besonders im musischen, sportlichen und handwerklichen Bereich und orientiert sich in seiner p\u00e4dagogischen Gestaltung am Leitbild der Bernhardschule. Gemeinsames Lernen, gegenseitiges F\u00f6rdern und Unterst\u00fctzen, Teamwork sowie das \u00dcbernehmen von Verantwortung sind ein wichtiger Bestandteil unseres p\u00e4dagogischen Konzepts und kommen selbstverst\u00e4ndlich auch im Ganztagsangebot zum Tragen.<\/p>\n<p>Seit Beginn des Schuljahres 2015\/16 setzen wir auch Lehrkr\u00e4fte im Ganztagsangebot ein. Seit dem 15.01.2020 hat die Gemeinde eine Ganztags-Koordinatorin mit einer halben Stelle eingesetzt. Zum Februar 2020 wurde die Schulsozialarbeiterstelle durch das Schulamt neu besetzt.<\/p>\n<p>Durch all diese Ma\u00dfnahmen ist die Bernhardschule mittlerweile nicht mehr nur ein Ort zum Lernen, sondern vielmehr ein Ort der Begegnung und des Miteinanders \u2013 ein Lebensraum, in dem sich unsere Sch\u00fclerinnen und Sch\u00fcler auch au\u00dferhalb des Pflichtunterrichts wohl f\u00fchlen sollen.<\/p>\n<p><span style=\"color: #ffffff\">.<\/span><\/p>\n<p><img loading=\"lazy\" decoding=\"async\" class=\"size-full wp-image-4309 alignleft\" src=\"https:\/\/wordpress.nibis.de\/gsbernhard\/files\/2024\/09\/geaenderte-Schulzeiten-am-Vormittag-2024.png\" alt=\"\" width=\"517\" height=\"433\" srcset=\"https:\/\/wordpress.nibis.de\/gsbernhard\/files\/2024\/09\/geaenderte-Schulzeiten-am-Vormittag-2024.png 517w, https:\/\/wordpress.nibis.de\/gsbernhard\/files\/2024\/09\/geaenderte-Schulzeiten-am-Vormittag-2024-322x270.png 322w\" sizes=\"auto, (max-width: 517px) 100vw, 517px\" \/><\/p>\n<p><span style=\"color: #ffffff\">.<\/span><\/p>\n<h2><\/h2>\n<p><span style=\"color: #ffffff\">.<\/span><\/p>\n<p><span style=\"color: #ffffff\">.<\/span><\/p>\n<p><img loading=\"lazy\" decoding=\"async\" class=\"aligncenter size-full wp-image-4314\" src=\"https:\/\/wordpress.nibis.de\/gsbernhard\/files\/2024\/09\/geaenderte-Schulzeiten-am-Nachmittag-2024-1.png\" alt=\"\" width=\"810\" height=\"498\" srcset=\"https:\/\/wordpress.nibis.de\/gsbernhard\/files\/2024\/09\/geaenderte-Schulzeiten-am-Nachmittag-2024-1.png 810w, https:\/\/wordpress.nibis.de\/gsbernhard\/files\/2024\/09\/geaenderte-Schulzeiten-am-Nachmittag-2024-1-439x270.png 439w\" sizes=\"auto, (max-width: 810px) 100vw, 810px\" \/><\/p>\n<p><span style=\"color: #ffffff\">.<\/span><strong><span style=\"text-decoration: underline;color: #333333\">Links zu weiteren Informationen zur Ganztagsschule<\/span><\/strong><\/p>\n<ul>\n<li><a href=\"https:\/\/wordpress.nibis.de\/gsbernhard\/ganztagsschule\/personal-im-ganztagsbereich\/\"><span style=\"text-decoration: underline\"><span style=\"color: #339966;text-decoration: underline\">Team des Ganztages<\/span><\/span><\/a><\/li>\n<li><a href=\"https:\/\/wordpress.nibis.de\/gsbernhard\/ganztagsschule\/schulzeiten\/\"><span style=\"text-decoration: underline\"><span style=\"color: #339966;text-decoration: underline\">Ganztagsprogramm<\/span><\/span><\/a><\/li>\n<li><a href=\"https:\/\/wordpress.nibis.de\/gsbernhard\/ganztagsschule\/ags\/\"><span style=\"text-decoration: underline\"><span style=\"color: #339966;text-decoration: underline\">AG-Angebote<\/span><\/span><\/a><\/li>\n<\/ul>\n","protected":false},"excerpt":{"rendered":"<p>VERL\u00c4SSLICHE UND OFFENE GANZTAGSSCHULE Zum 01.08.2009 hat die Bernhardschule, Grundschule S\u00f6gel, als offene Ganztagsschule den Ganztagsbetrieb aufgenommen. \u00a0Wir sind eine \u201eVerl\u00e4ssliche Grundschule\u201c mit offenen Ganztagsangeboten von 7:45 Uhr bis 15:30 Uhr. Zurzeit werden an regul\u00e4ren Schultagen von montags bis donnerstags ein Mittagessen sowie vielf\u00e4ltige Nachmittagsveranstaltungen angeboten. Der Schwerpunkt liegt neben der Hausaufgabenbetreuung und F\u00f6rderung in Kleinlerngruppen besonders im musischen, sportlichen und handwerklichen Bereich und orientiert sich in seiner p\u00e4dagogischen Gestaltung am Leitbild der Bernhardschule. Gemeinsames Lernen, gegenseitiges F\u00f6rdern und Unterst\u00fctzen,&#8230;<\/p>\n<p class=\"read-more\"><a class=\"btn btn-default\" href=\"https:\/\/wordpress.nibis.de\/gsbernhard\/ganztagsschule\/\">Weiterlesen<span class=\"screen-reader-text\"> Weiterlesen<\/span><\/a><\/p>\n","protected":false},"author":1002,"featured_media":0,"parent":0,"menu_order":0,"comment_status":"closed","ping_status":"closed","template":"onecolumn-page.php","meta":{"footnotes":""},"class_list":["post-131","page","type-page","status-publish","hentry"],"_links":{"self":[{"href":"https:\/\/wordpress.nibis.de\/gsbernhard\/wp-json\/wp\/v2\/pages\/131","targetHints":{"allow":["GET"]}}],"collection":[{"href":"https:\/\/wordpress.nibis.de\/gsbernhard\/wp-json\/wp\/v2\/pages"}],"about":[{"href":"https:\/\/wordpress.nibis.de\/gsbernhard\/wp-json\/wp\/v2\/types\/page"}],"author":[{"embeddable":true,"href":"https:\/\/wordpress.nibis.de\/gsbernhard\/wp-json\/wp\/v2\/users\/1002"}],"replies":[{"embeddable":true,"href":"https:\/\/wordpress.nibis.de\/gsbernhard\/wp-json\/wp\/v2\/comments?post=131"}],"version-history":[{"count":12,"href":"https:\/\/wordpress.nibis.de\/gsbernhard\/wp-json\/wp\/v2\/pages\/131\/revisions"}],"predecessor-version":[{"id":4317,"href":"https:\/\/wordpress.nibis.de\/gsbernhard\/wp-json\/wp\/v2\/pages\/131\/revisions\/4317"}],"wp:attachment":[{"href":"https:\/\/wordpress.nibis.de\/gsbernhard\/wp-json\/wp\/v2\/media?parent=131"}],"curies":[{"name":"wp","href":"https:\/\/api.w.org\/{rel}","templated":true}]}}