{"id":133,"date":"2016-05-08T13:52:24","date_gmt":"2016-05-08T11:52:24","guid":{"rendered":"http:\/\/wordpress.nibis.de\/gsbernhard\/?page_id=133"},"modified":"2026-01-09T08:26:26","modified_gmt":"2026-01-09T07:26:26","slug":"schulzeiten","status":"publish","type":"page","link":"https:\/\/wordpress.nibis.de\/gsbernhard\/ganztagsschule\/schulzeiten\/","title":{"rendered":"Ganztagsprogramm"},"content":{"rendered":"<p><span style=\"color: #ffffff\">.<\/span><\/p>\n<div class=\"wp-block-image\"><img loading=\"lazy\" decoding=\"async\" class=\"wpa-warning wpa-image-missing-alt aligncenter size-full wp-image-4720\" src=\"https:\/\/wordpress.nibis.de\/gsbernhard\/files\/2026\/01\/Titelblatt-GTS-Schuljahr-2025-2026-Halbjahr-2.png\" alt=\"\" width=\"617\" height=\"855\" data-warning=\"Missing alt text\" srcset=\"https:\/\/wordpress.nibis.de\/gsbernhard\/files\/2026\/01\/Titelblatt-GTS-Schuljahr-2025-2026-Halbjahr-2.png 617w, https:\/\/wordpress.nibis.de\/gsbernhard\/files\/2026\/01\/Titelblatt-GTS-Schuljahr-2025-2026-Halbjahr-2-100x139.png 100w, https:\/\/wordpress.nibis.de\/gsbernhard\/files\/2026\/01\/Titelblatt-GTS-Schuljahr-2025-2026-Halbjahr-2-195x270.png 195w\" sizes=\"auto, (max-width: 617px) 100vw, 617px\" \/><\/div>\n<p><strong>Liebe Sch\u00fclerinnen und Sch\u00fcler, <\/strong><\/p>\n<p><strong>sehr geehrte Eltern und Erziehungsberechtigte!<\/strong><\/p>\n<p><strong>Das Ganztagsangebot f\u00fcr das zweite Halbjahr des Schuljahres 2025\/26 steht bereit! <\/strong><\/p>\n<p><strong>Die meisten Angebote gleichen denen des vergangenen Schuljahres. Ob aber schlie\u00dflich alle Arbeitsgemeinschaften angeboten werden, k\u00f6nnen wir noch nicht zusagen, es h\u00e4ngt unter anderem von den Anmeldezahlen ab.<\/strong><\/p>\n<p>F\u00fcr Sie als Eltern und Erziehungsberechtigte ergibt sich die M\u00f6glichkeit, Ihre Kinder <strong>von montags bis donnerstags<\/strong> vom Schulbeginn um <strong>7:55 Uhr <\/strong>bis zum Ende des Ganztagsangebots um <strong>15:30 Uhr<\/strong>, anzumelden. Einige AGs bilden eine Ausnahme und dauern bis 16:15 Uhr! Wir bitten um Beachtung. Die Anmeldung f\u00fcr einzelne Tage ist auch m\u00f6glich. <strong>Nach erfolgter Anmeldung, ist die Teilnahme bis 15:30 Uhr verpflichtend.<\/strong> In Ausnahmef\u00e4llen \u2013 z. B. wg. eines Arztbesuchs \u2013 ist eine \u00c4nderung der Betreuungszeit oder eine einmalige Abmeldung f\u00fcr diesen einen Tag m\u00f6glich: bitte schriftlich und im Voraus! <strong>Freitags<\/strong> endet die Betreuung bereits um<strong> 12:30 Uhr. <\/strong>\u00a0<\/p>\n<p><span style=\"color: #ffffff\">.<\/span><\/p>\n<p><img loading=\"lazy\" decoding=\"async\" class=\"aligncenter size-full wp-image-4314\" src=\"https:\/\/wordpress.nibis.de\/gsbernhard\/files\/2024\/09\/geaenderte-Schulzeiten-am-Nachmittag-2024-1.png\" alt=\"\" width=\"810\" height=\"498\" srcset=\"https:\/\/wordpress.nibis.de\/gsbernhard\/files\/2024\/09\/geaenderte-Schulzeiten-am-Nachmittag-2024-1.png 810w, https:\/\/wordpress.nibis.de\/gsbernhard\/files\/2024\/09\/geaenderte-Schulzeiten-am-Nachmittag-2024-1-439x270.png 439w\" sizes=\"auto, (max-width: 810px) 100vw, 810px\" \/><\/p>\n<p><span style=\"color: #ffffff\">.<\/span><\/p>\n<p><strong>Offene Betreuungsgruppen f\u00fcr die Klassen 1 und 2<\/strong><\/p>\n<p>Alle Sch\u00fclerinnen und Sch\u00fcler dieser Klassenstufen k\u00f6nnen von Montag bis Freitag nach Unterrichtsschluss (nach der 4. Stunde) von unseren p\u00e4dagogischen Mitarbeiter*innen in der offenen Betreuung bis 12:30 Uhr in Kleingruppen betreut werden. In diesem Schuljahr haben alle Sch\u00fclerinnen und Sch\u00fcler des 1. Schuljahres ein Mal w\u00f6chentlich eine zus\u00e4tzliche 5. Unterrichtsstunde.<\/p>\n<p><span style=\"color: #ffffff\">.<\/span><\/p>\n<p><strong>Betreuung f\u00fcr die Klassen 3 und 4<\/strong><\/p>\n<p>Ausschlie\u00dflich Sch\u00fclerinnen und Sch\u00fcler, die f\u00fcr die Ganztagsbetreuung angemeldet sind, werden ab 12:30 Uhr von unserer Sozialp\u00e4dagogin Frau Martin, unseren p\u00e4dagogischen Mitarbeiter*innen, unserer FsJ\u2018lerin und unseren Praktikant*innen bis 13:20 Uhr betreut.<\/p>\n<p><span style=\"color: #ffffff\">.<\/span><\/p>\n<p><strong>M\u00f6glichkeit zum Mittagessen<\/strong><\/p>\n<p>Alle, zum Ganztag angemeldeten Sch\u00fclerinnen und Sch\u00fcler, k\u00f6nnen von Montag bis Donnerstag am Mittagessen teilnehmen, das t\u00e4glich frisch von A&amp;W (\u201eArbeit und Weiterbildung\u201c) geliefert wird.<\/p>\n<div class=\"wp-block-image\"><img loading=\"lazy\" decoding=\"async\" class=\"wpa-warning wpa-image-missing-alt aligncenter size-full wp-image-4728\" src=\"https:\/\/wordpress.nibis.de\/gsbernhard\/files\/2026\/01\/Neue-Kosten-Mittagessen-fuer-Homepage.png\" alt=\"\" width=\"1376\" height=\"92\" data-warning=\"Missing alt text\" srcset=\"https:\/\/wordpress.nibis.de\/gsbernhard\/files\/2026\/01\/Neue-Kosten-Mittagessen-fuer-Homepage.png 1376w, https:\/\/wordpress.nibis.de\/gsbernhard\/files\/2026\/01\/Neue-Kosten-Mittagessen-fuer-Homepage-100x7.png 100w, https:\/\/wordpress.nibis.de\/gsbernhard\/files\/2026\/01\/Neue-Kosten-Mittagessen-fuer-Homepage-604x40.png 604w\" sizes=\"auto, (max-width: 1376px) 100vw, 1376px\" \/><\/div>\n<p><span style=\"color: #ffffff\">.<\/span><\/p>\n<p><strong><u>Das Essensgeld wird zum 01. des Folgemonats per SEPA-Lastschrift eingezogen.<\/u><\/strong><\/p>\n<p>Der <strong>Preis pro Mittagessen<\/strong> betr\u00e4gt <strong>3,60 \u20ac<\/strong> f\u00fcr ein t\u00e4glich wechselndes Hauptgericht plus Nachtisch.<\/p>\n<p>Auf <strong>Antrag <\/strong>besteht die M\u00f6glichkeit, einen <strong>Zuschuss zum Mittagessen<\/strong> im Rahmen des Teilhabepakets zu bekommen, so dass das Essen kostenlos abgegeben werden kann.<\/p>\n<p><strong>Bitte sprechen Sie uns einfach an:\u00a0 Tel. 0173-5925030 \/ E-Mail\u00a0 <\/strong><span style=\"text-decoration: underline;color: #339966\"><a style=\"color: #339966;text-decoration: underline\" href=\"&#109;&#x61;&#x69;&#108;&#x74;&#x6f;&#58;&#x67;&#x61;&#110;&#x7a;&#x74;&#97;&#x67;&#x40;&#103;&#x73;&#x2d;&#115;&#x6f;&#x65;&#103;&#x65;&#x6c;&#46;&#x64;&#x65;\"><strong>&#x67;a&#x6e;&#122;t&#x61;&#103;&#x40;&#x67;s&#x2d;&#115;o&#x65;&#103;&#x65;&#108;&#46;&#x64;&#101;<\/strong><\/a><\/span><strong> oder ggf. \u00fcber das Sekretariat Tel. 05952-512, E-Mail: <\/strong><span style=\"text-decoration: underline\"><span style=\"color: #339966;text-decoration: underline\"><a style=\"color: #339966;text-decoration: underline\" href=\"ma&#105;&#108;&#116;&#111;&#x3a;&#x69;&#x6e;&#x66;&#x6f;&#64;g&#114;&#117;&#110;&#100;&#x73;&#x63;&#x68;&#x75;&#x6c;e-&#115;&#111;&#101;&#103;&#x65;&#x6c;&#x2e;&#x64;&#x65;\"><strong>&#105;&#x6e;f&#x6f;&#x40;&#103;&#x72;u&#110;&#x64;&#115;&#x63;h&#117;&#x6c;e&#x2d;s&#111;&#x65;g&#x65;&#x6c;&#46;&#x64;e<\/strong><\/a><\/span><\/span><strong>\u00a0 .<\/strong><\/p>\n<p>Sollte Ihr Sohn\/Ihre Tochter wegen Krankheit oder aus anderen Gr\u00fcnden <strong>nicht am Mittagessen teilnehmen<\/strong>, so teilen Sie uns dies bitte so fr\u00fch wie m\u00f6glich mit, <strong>sp\u00e4testens bis 9:00 Uhr<\/strong>, damit wir entsprechend weniger Essen bestellen k\u00f6nnen. <strong>Bei fehlender Abmeldung m\u00fcssen wir Ihnen das Essen berechnen.<\/strong><\/p>\n<p>Sollte der Lastschrifteneinzug zum 15. des Folgemonats nicht m\u00f6glich sein, m\u00fcssen wir Ihr Kind ab dem darauf folgenden Monat vom Mittagessen ausschlie\u00dfen. Bitte helfen Sie uns, dies zu vermeiden.<\/p>\n<p><span style=\"color: #ffffff\"><strong>\u00a0.<\/strong><\/span><\/p>\n<p><strong>Hausaufgabenbetreuung<\/strong><\/p>\n<p>In der Zeit von 13:00 &#8211; 13:50 Uhr (Klasse 1) und 13:55-14:40 Uhr (Klasse 2 bis 4) haben Ihre Kinder die M\u00f6glichkeit unter Aufsicht von Fachkr\u00e4ften die Hausaufgaben anzufertigen.<\/p>\n<p><span style=\"color: #ffffff\">.<\/span><\/p>\n<p><strong>Arbeitsgemeinschaften<\/strong><\/p>\n<p>Ab 14:45 Uhr** haben Ihre Kinder die M\u00f6glichkeit, an <strong>maximal zwei Arbeitsgemeinschaften<\/strong> teilzunehmen. Diese sind in der Regel <strong>kostenlos<\/strong>, bei einigen entstehen geringe Materialkosten.<\/p>\n<p><em>** bitte bei einigen AGs andere Anfangs-\/Endzeiten beachten!!!<\/em><\/p>\n<p><strong>Die Anmeldungen zu Arbeitsgemeinschaften gelten immer verpflichtend f\u00fcr das <u>ganze<\/u> <u>Schulhalbjahr<\/u><\/strong>.\u00a0<\/p>\n<p><strong>WICHTIG: Wenn Kinder an einer AG au\u00dferhalb des Schulgel\u00e4ndes teilnehmen (Turnhalle, Schloss, etc.), k\u00f6nnen sie nicht in jedem Fall begleitet werden, ggf. m\u00fcssen Sie als Eltern f\u00fcr den Transport sorgen. Vielen Dank f\u00fcr Ihr Verst\u00e4ndnis.<\/strong><\/p>\n<p><span style=\"color: #ffffff\">.<\/span><\/p>\n<p><strong>Ganztagsbetreuung <\/strong><\/p>\n<p>Sollte einmal keine passende AG f\u00fcr Ihr Kind dabei sein, so werden die zum Ganztag angemeldeten Sch\u00fclerinnen und Sch\u00fcler von Montag bis Donnerstag <strong><u>bis maximal um 15:30 Uhr<\/u><\/strong> von Frau, Frau Terhalle, unseren p\u00e4dagogischen Mitarbeiter*innen, unserer FsJ\u2018lerin und unseren Praktikant*innen betreut. Generell ist die Teilnahme an mindestens einer AG f\u00fcr die Sch\u00fcler*innen der Klassen 2, 3 und 4, die zum Ganztag angemeldet sind, verpflichtend.<\/p>\n<p><strong>Und nun nichts wie los und<\/strong>&#8230;<\/p>\n<h1><span style=\"color: #ff6600\"><strong>ANMELDEN!!!!<\/strong><\/span><\/h1>\n<p>Eine Anmeldung zum Ganztag finden Sie hier als PDF:<br \/><a href=\"https:\/\/wordpress.nibis.de\/gsbernhard\/files\/2026\/01\/Anmeldung-Ganztag-Bernhardschule.pdf\"><span style=\"color: #339966\">Anmeldung Ganztag Bernhardschule<\/span><\/a><\/p>\n<p><span style=\"color: #ffffff\">.<\/span><\/p>\n<p>Das aktuelle Anmeldeformular hat folgende Form:<\/p>\n<div class=\"wp-block-image\"><img loading=\"lazy\" decoding=\"async\" class=\"wpa-warning wpa-image-missing-alt aligncenter size-full wp-image-4750\" src=\"https:\/\/wordpress.nibis.de\/gsbernhard\/files\/2026\/01\/Beispielbild-Anmeldung-GTS.png\" alt=\"\" width=\"590\" height=\"838\" data-warning=\"Missing alt text\" srcset=\"https:\/\/wordpress.nibis.de\/gsbernhard\/files\/2026\/01\/Beispielbild-Anmeldung-GTS.png 590w, https:\/\/wordpress.nibis.de\/gsbernhard\/files\/2026\/01\/Beispielbild-Anmeldung-GTS-100x142.png 100w, https:\/\/wordpress.nibis.de\/gsbernhard\/files\/2026\/01\/Beispielbild-Anmeldung-GTS-190x270.png 190w\" sizes=\"auto, (max-width: 590px) 100vw, 590px\" \/><\/div>\n\n\n<p><\/p>\n","protected":false},"excerpt":{"rendered":"<p>. Liebe Sch\u00fclerinnen und Sch\u00fcler, sehr geehrte Eltern und Erziehungsberechtigte! Das Ganztagsangebot f\u00fcr das zweite Halbjahr des Schuljahres 2025\/26 steht bereit! Die meisten Angebote gleichen denen des vergangenen Schuljahres. Ob aber schlie\u00dflich alle Arbeitsgemeinschaften angeboten werden, k\u00f6nnen wir noch nicht zusagen, es h\u00e4ngt unter anderem von den Anmeldezahlen ab. F\u00fcr Sie als Eltern und Erziehungsberechtigte ergibt sich die M\u00f6glichkeit, Ihre Kinder von montags bis donnerstags vom Schulbeginn um 7:55 Uhr bis zum Ende des Ganztagsangebots um 15:30 Uhr, anzumelden. Einige&#8230;<\/p>\n<p class=\"read-more\"><a class=\"btn btn-default\" href=\"https:\/\/wordpress.nibis.de\/gsbernhard\/ganztagsschule\/schulzeiten\/\">Weiterlesen<span class=\"screen-reader-text\"> Weiterlesen<\/span><\/a><\/p>\n","protected":false},"author":1002,"featured_media":0,"parent":131,"menu_order":0,"comment_status":"closed","ping_status":"closed","template":"","meta":{"footnotes":""},"class_list":["post-133","page","type-page","status-publish","hentry"],"_links":{"self":[{"href":"https:\/\/wordpress.nibis.de\/gsbernhard\/wp-json\/wp\/v2\/pages\/133","targetHints":{"allow":["GET"]}}],"collection":[{"href":"https:\/\/wordpress.nibis.de\/gsbernhard\/wp-json\/wp\/v2\/pages"}],"about":[{"href":"https:\/\/wordpress.nibis.de\/gsbernhard\/wp-json\/wp\/v2\/types\/page"}],"author":[{"embeddable":true,"href":"https:\/\/wordpress.nibis.de\/gsbernhard\/wp-json\/wp\/v2\/users\/1002"}],"replies":[{"embeddable":true,"href":"https:\/\/wordpress.nibis.de\/gsbernhard\/wp-json\/wp\/v2\/comments?post=133"}],"version-history":[{"count":37,"href":"https:\/\/wordpress.nibis.de\/gsbernhard\/wp-json\/wp\/v2\/pages\/133\/revisions"}],"predecessor-version":[{"id":4751,"href":"https:\/\/wordpress.nibis.de\/gsbernhard\/wp-json\/wp\/v2\/pages\/133\/revisions\/4751"}],"up":[{"embeddable":true,"href":"https:\/\/wordpress.nibis.de\/gsbernhard\/wp-json\/wp\/v2\/pages\/131"}],"wp:attachment":[{"href":"https:\/\/wordpress.nibis.de\/gsbernhard\/wp-json\/wp\/v2\/media?parent=133"}],"curies":[{"name":"wp","href":"https:\/\/api.w.org\/{rel}","templated":true}]}}