{"id":1375,"date":"2017-05-15T16:29:33","date_gmt":"2017-05-15T14:29:33","guid":{"rendered":"http:\/\/wordpress.nibis.de\/gsbernhard\/?page_id=1375"},"modified":"2026-01-12T12:57:10","modified_gmt":"2026-01-12T11:57:10","slug":"einschulung","status":"publish","type":"page","link":"https:\/\/wordpress.nibis.de\/gsbernhard\/einschulung\/","title":{"rendered":"Einschulung"},"content":{"rendered":"<p><strong>\u00c4nderungen im Schulgesetz bez\u00fcglich des Einschulungstermins:<\/strong>&lt;\/<\/p>\n<div>F\u00fcr Kinder, die das sechste Lebensjahr zwischen dem 1. Juli und dem 30. September eines Jahres vollenden, k\u00f6nnen die Erziehungsberechtigten den Schulbesuch durch schriftliche Erkl\u00e4rung gegen\u00fcber der Schule um ein Jahr hinausschieben; die formlose Erkl\u00e4rung ist vor dem Beginn des betreffenden Schuljahres bis zum 1. Mai gegen\u00fcber der Schule abzugeben. Sie muss nicht begr\u00fcndet werden.Weitere Informationen zur Flexibilisierung des Einschulungstermins:<br \/>\n<a href=\"http:\/\/wordpress.nibis.de\/gsbernhard\/files\/2018\/05\/Flexibilisierung-Einschulungstermins.pdf\"><span style=\"color: #339966\">Flexibilisierung Einschulungstermin\u00a0<\/span><\/a><\/p>\n<p>Weitere Informationen rund um die Einschulung:<br \/>\n<span style=\"color: #339966\"><a style=\"color: #339966\" href=\"http:\/\/wordpress.nibis.de\/gsbernhard\/files\/2017\/05\/Mein-Kind-kommt-zur-Schule5.pdf\">Mein Kind kommt zur Schule<\/a><\/span><\/p>\n<\/div>\n","protected":false},"excerpt":{"rendered":"<p>\u00c4nderungen im Schulgesetz bez\u00fcglich des Einschulungstermins:&lt;\/ F\u00fcr Kinder, die das sechste Lebensjahr zwischen dem 1. Juli und dem 30. September eines Jahres vollenden, k\u00f6nnen die Erziehungsberechtigten den Schulbesuch durch schriftliche Erkl\u00e4rung gegen\u00fcber der Schule um ein Jahr hinausschieben; die formlose Erkl\u00e4rung ist vor dem Beginn des betreffenden Schuljahres bis zum 1. Mai gegen\u00fcber der Schule abzugeben. Sie muss nicht begr\u00fcndet werden.Weitere Informationen zur Flexibilisierung des Einschulungstermins: Flexibilisierung Einschulungstermin\u00a0 Weitere Informationen rund um die Einschulung: Mein Kind kommt zur Schule<\/p>\n","protected":false},"author":1002,"featured_media":0,"parent":0,"menu_order":0,"comment_status":"closed","ping_status":"closed","template":"","meta":{"footnotes":""},"class_list":["post-1375","page","type-page","status-publish","hentry"],"_links":{"self":[{"href":"https:\/\/wordpress.nibis.de\/gsbernhard\/wp-json\/wp\/v2\/pages\/1375","targetHints":{"allow":["GET"]}}],"collection":[{"href":"https:\/\/wordpress.nibis.de\/gsbernhard\/wp-json\/wp\/v2\/pages"}],"about":[{"href":"https:\/\/wordpress.nibis.de\/gsbernhard\/wp-json\/wp\/v2\/types\/page"}],"author":[{"embeddable":true,"href":"https:\/\/wordpress.nibis.de\/gsbernhard\/wp-json\/wp\/v2\/users\/1002"}],"replies":[{"embeddable":true,"href":"https:\/\/wordpress.nibis.de\/gsbernhard\/wp-json\/wp\/v2\/comments?post=1375"}],"version-history":[{"count":8,"href":"https:\/\/wordpress.nibis.de\/gsbernhard\/wp-json\/wp\/v2\/pages\/1375\/revisions"}],"predecessor-version":[{"id":4786,"href":"https:\/\/wordpress.nibis.de\/gsbernhard\/wp-json\/wp\/v2\/pages\/1375\/revisions\/4786"}],"wp:attachment":[{"href":"https:\/\/wordpress.nibis.de\/gsbernhard\/wp-json\/wp\/v2\/media?parent=1375"}],"curies":[{"name":"wp","href":"https:\/\/api.w.org\/{rel}","templated":true}]}}