{"id":146,"date":"2016-05-08T14:06:30","date_gmt":"2016-05-08T12:06:30","guid":{"rendered":"http:\/\/wordpress.nibis.de\/gsbernhard\/?page_id=146"},"modified":"2024-08-17T14:28:04","modified_gmt":"2024-08-17T12:28:04","slug":"schulkindergarten","status":"publish","type":"page","link":"https:\/\/wordpress.nibis.de\/gsbernhard\/schulkindergarten\/","title":{"rendered":"Schulkindergarten"},"content":{"rendered":"<h3><strong>Leitung: Frau Stiewe und Frau Wanke<\/strong><\/h3>\n<p><span style=\"font-family: 'Georgia',serif;color: #000000\">Der Schulkindergarten wird von den Kindern besucht, die vom Schulbesuch zur\u00fcckgestellt sind. Durch die Unterbringung im Schulgeb\u00e4ude erlebt das Kind die Schulgemeinschaft in Form von gleichzeitigem Unterrichtsbeginn und gemeinsamen Pausen. Schulveranstaltungen wie Feste und Ausfl\u00fcge k\u00f6nnen gemeinsam erlebt werden.<\/span><\/p>\n<p><span style=\"color: #000000;font-family: Comic Sans MS\"><span style=\"font-family: 'Georgia',serif\">Das Lernen vollzieht sich als ,,freie Aktivit\u00e4ten&#8220; und geplante Angebote. Das &#8222;freie Spiel&#8220; und die Arbeitsphasen finden im Wechsel statt. Zu Beginn des Schuljahres beansprucht das &#8222;freie Spiel&#8220; den gr\u00f6\u00dften Teil des Vormittages. Im Laufe des Jahres werden verschiedene Angebote und Aufgaben mit &#8222;aufbauendem Charakter&#8220; an das Kind herangetragen, um so nach und nach Schwierigkeiten abzubauen, die das Kind in der ersten Grundschulklasse noch als \u00dcberforderung empfindet.<\/span> <\/span><\/p>\n<p><span style=\"color: #000000;font-family: Comic Sans MS\"><span style=\"font-family: 'Georgia',serif\">Schwerpunkte der Lernbereiche werden Sachbegegnungen, Verkehrserziehung, bildnerisches Gestalten, die musisch-rhytmische Erziehung und die Vorbereitung auf die Lehrg\u00e4nge des Lesens, Schreibens und der Mathematik (Mengenverst\u00e4ndnis, Zahlen) sein.<\/span><\/span><\/p>\n<div style=\"text-align: left\" align=\"left\"><\/div>\n","protected":false},"excerpt":{"rendered":"<p>Leitung: Frau Stiewe und Frau Wanke Der Schulkindergarten wird von den Kindern besucht, die vom Schulbesuch zur\u00fcckgestellt sind. Durch die Unterbringung im Schulgeb\u00e4ude erlebt das Kind die Schulgemeinschaft in Form von gleichzeitigem Unterrichtsbeginn und gemeinsamen Pausen. Schulveranstaltungen wie Feste und Ausfl\u00fcge k\u00f6nnen gemeinsam erlebt werden. Das Lernen vollzieht sich als ,,freie Aktivit\u00e4ten&#8220; und geplante Angebote. Das &#8222;freie Spiel&#8220; und die Arbeitsphasen finden im Wechsel statt. Zu Beginn des Schuljahres beansprucht das &#8222;freie Spiel&#8220; den gr\u00f6\u00dften Teil des Vormittages. Im Laufe&#8230;<\/p>\n<p class=\"read-more\"><a class=\"btn btn-default\" href=\"https:\/\/wordpress.nibis.de\/gsbernhard\/schulkindergarten\/\">Weiterlesen<span class=\"screen-reader-text\"> Weiterlesen<\/span><\/a><\/p>\n","protected":false},"author":1002,"featured_media":0,"parent":0,"menu_order":0,"comment_status":"closed","ping_status":"closed","template":"onecolumn-page.php","meta":{"footnotes":""},"class_list":["post-146","page","type-page","status-publish","hentry"],"_links":{"self":[{"href":"https:\/\/wordpress.nibis.de\/gsbernhard\/wp-json\/wp\/v2\/pages\/146","targetHints":{"allow":["GET"]}}],"collection":[{"href":"https:\/\/wordpress.nibis.de\/gsbernhard\/wp-json\/wp\/v2\/pages"}],"about":[{"href":"https:\/\/wordpress.nibis.de\/gsbernhard\/wp-json\/wp\/v2\/types\/page"}],"author":[{"embeddable":true,"href":"https:\/\/wordpress.nibis.de\/gsbernhard\/wp-json\/wp\/v2\/users\/1002"}],"replies":[{"embeddable":true,"href":"https:\/\/wordpress.nibis.de\/gsbernhard\/wp-json\/wp\/v2\/comments?post=146"}],"version-history":[{"count":6,"href":"https:\/\/wordpress.nibis.de\/gsbernhard\/wp-json\/wp\/v2\/pages\/146\/revisions"}],"predecessor-version":[{"id":4280,"href":"https:\/\/wordpress.nibis.de\/gsbernhard\/wp-json\/wp\/v2\/pages\/146\/revisions\/4280"}],"wp:attachment":[{"href":"https:\/\/wordpress.nibis.de\/gsbernhard\/wp-json\/wp\/v2\/media?parent=146"}],"curies":[{"name":"wp","href":"https:\/\/api.w.org\/{rel}","templated":true}]}}