{"id":3490,"date":"2021-12-02T16:17:25","date_gmt":"2021-12-02T15:17:25","guid":{"rendered":"https:\/\/wordpress.nibis.de\/gsbernhard\/?page_id=3490"},"modified":"2023-11-09T09:22:05","modified_gmt":"2023-11-09T08:22:05","slug":"chronik-des-neubaus","status":"publish","type":"page","link":"https:\/\/wordpress.nibis.de\/gsbernhard\/chronik-des-neubaus\/","title":{"rendered":"Neubau"},"content":{"rendered":"<p>Anl\u00e4sslich des Neubaus unseres Schulgeb\u00e4udes m\u00f6chten wir Sie \u00fcber die aktuellen Entwicklungen auf dem Laufenden halten.<\/p>\n<p>Daf\u00fcr werden hier die akutellen Bauphase mithilfe von Fotos dokumentiert. Der Fortschritt und das Entstehen des neuen Geb\u00e4udes lassen sich somit visuell nachvollziehen.<\/p>\n<p>November 2023<\/p>\n<p><img loading=\"lazy\" decoding=\"async\" class=\"aligncenter  wp-image-4049\" src=\"https:\/\/wordpress.nibis.de\/gsbernhard\/files\/2023\/11\/Neubau-2023-November-Collage-2.png\" alt=\"\" width=\"785\" height=\"496\" srcset=\"https:\/\/wordpress.nibis.de\/gsbernhard\/files\/2023\/11\/Neubau-2023-November-Collage-2.png 1136w, https:\/\/wordpress.nibis.de\/gsbernhard\/files\/2023\/11\/Neubau-2023-November-Collage-2-427x270.png 427w\" sizes=\"auto, (max-width: 785px) 100vw, 785px\" \/><\/p>\n<p><img loading=\"lazy\" decoding=\"async\" class=\"aligncenter  wp-image-4048\" src=\"https:\/\/wordpress.nibis.de\/gsbernhard\/files\/2023\/11\/Neubau-2023-November-Collage-1.png\" alt=\"\" width=\"795\" height=\"516\" srcset=\"https:\/\/wordpress.nibis.de\/gsbernhard\/files\/2023\/11\/Neubau-2023-November-Collage-1.png 1150w, https:\/\/wordpress.nibis.de\/gsbernhard\/files\/2023\/11\/Neubau-2023-November-Collage-1-416x270.png 416w\" sizes=\"auto, (max-width: 795px) 100vw, 795px\" \/><\/p>\n<p>September 2023<\/p>\n<p><img loading=\"lazy\" decoding=\"async\" class=\"aligncenter size-full wp-image-4006\" src=\"https:\/\/wordpress.nibis.de\/gsbernhard\/files\/2023\/09\/Neubau-September-2023.png\" alt=\"\" width=\"800\" height=\"614\" srcset=\"https:\/\/wordpress.nibis.de\/gsbernhard\/files\/2023\/09\/Neubau-September-2023.png 800w, https:\/\/wordpress.nibis.de\/gsbernhard\/files\/2023\/09\/Neubau-September-2023-352x270.png 352w\" sizes=\"auto, (max-width: 800px) 100vw, 800px\" \/><\/p>\n<p>Juni 2023<\/p>\n<p><img loading=\"lazy\" decoding=\"async\" class=\"aligncenter  wp-image-3932\" src=\"https:\/\/wordpress.nibis.de\/gsbernhard\/files\/2023\/06\/Neubau-Juli-2023.png\" alt=\"\" width=\"817\" height=\"617\" srcset=\"https:\/\/wordpress.nibis.de\/gsbernhard\/files\/2023\/06\/Neubau-Juli-2023.png 722w, https:\/\/wordpress.nibis.de\/gsbernhard\/files\/2023\/06\/Neubau-Juli-2023-358x270.png 358w\" sizes=\"auto, (max-width: 817px) 100vw, 817px\" \/><\/p>\n<p>Mai 2023<\/p>\n<p><img loading=\"lazy\" decoding=\"async\" class=\"aligncenter  wp-image-3930\" src=\"https:\/\/wordpress.nibis.de\/gsbernhard\/files\/2023\/06\/2023-05-Mai-1.png\" alt=\"\" width=\"825\" height=\"627\" srcset=\"https:\/\/wordpress.nibis.de\/gsbernhard\/files\/2023\/06\/2023-05-Mai-1.png 753w, https:\/\/wordpress.nibis.de\/gsbernhard\/files\/2023\/06\/2023-05-Mai-1-355x270.png 355w\" sizes=\"auto, (max-width: 825px) 100vw, 825px\" \/><\/p>\n<p>April 2023<\/p>\n<p><img loading=\"lazy\" decoding=\"async\" class=\"aligncenter  wp-image-3929\" src=\"https:\/\/wordpress.nibis.de\/gsbernhard\/files\/2023\/06\/2023-04-April-1.png\" alt=\"\" width=\"821\" height=\"623\" srcset=\"https:\/\/wordpress.nibis.de\/gsbernhard\/files\/2023\/06\/2023-04-April-1.png 749w, https:\/\/wordpress.nibis.de\/gsbernhard\/files\/2023\/06\/2023-04-April-1-355x270.png 355w\" sizes=\"auto, (max-width: 821px) 100vw, 821px\" \/><\/p>\n<p>M\u00e4rz 2023<\/p>\n<p><img loading=\"lazy\" decoding=\"async\" class=\" wp-image-3927 aligncenter\" src=\"https:\/\/wordpress.nibis.de\/gsbernhard\/files\/2023\/06\/2023-03-Maerz-1.png\" alt=\"\" width=\"827\" height=\"619\" srcset=\"https:\/\/wordpress.nibis.de\/gsbernhard\/files\/2023\/06\/2023-03-Maerz-1.png 739w, https:\/\/wordpress.nibis.de\/gsbernhard\/files\/2023\/06\/2023-03-Maerz-1-361x270.png 361w\" sizes=\"auto, (max-width: 827px) 100vw, 827px\" \/><\/p>\n<p>Dezember 2022<\/p>\n<p><img loading=\"lazy\" decoding=\"async\" class=\" wp-image-3926 aligncenter\" src=\"https:\/\/wordpress.nibis.de\/gsbernhard\/files\/2023\/06\/2022-12-Dezember-1.png\" alt=\"\" width=\"774\" height=\"519\" srcset=\"https:\/\/wordpress.nibis.de\/gsbernhard\/files\/2023\/06\/2022-12-Dezember-1.png 697w, https:\/\/wordpress.nibis.de\/gsbernhard\/files\/2023\/06\/2022-12-Dezember-1-403x270.png 403w\" sizes=\"auto, (max-width: 774px) 100vw, 774px\" \/><\/p>\n<p>November 2021<\/p>\n<p><img loading=\"lazy\" decoding=\"async\" class=\"aligncenter size-full wp-image-3513\" src=\"https:\/\/wordpress.nibis.de\/gsbernhard\/files\/2021\/12\/2021-11-November-1.png\" alt=\"\" width=\"872\" height=\"662\" \/><\/p>\n<p><span style=\"color: #ffffff\">.<\/span><\/p>\n<p>Oktober 2021<\/p>\n<p><img loading=\"lazy\" decoding=\"async\" class=\"aligncenter size-full wp-image-3512\" src=\"https:\/\/wordpress.nibis.de\/gsbernhard\/files\/2021\/12\/2021-10-Oktober-1.png\" alt=\"\" width=\"869\" height=\"659\" \/><\/p>\n<p><span style=\"color: #ffffff\">.<\/span><\/p>\n<p>September 2021<\/p>\n<p><img loading=\"lazy\" decoding=\"async\" class=\"aligncenter size-full wp-image-3511\" src=\"https:\/\/wordpress.nibis.de\/gsbernhard\/files\/2021\/12\/2021-09-September-1.png\" alt=\"\" width=\"867\" height=\"657\" \/><\/p>\n<p><span style=\"color: #ffffff\">.<\/span><\/p>\n<p>Juni 2021<\/p>\n<p><img loading=\"lazy\" decoding=\"async\" class=\"aligncenter size-full wp-image-3510\" src=\"https:\/\/wordpress.nibis.de\/gsbernhard\/files\/2021\/12\/2021-06-Juni-1.png\" alt=\"\" width=\"1144\" height=\"655\" \/><\/p>\n<p><span style=\"color: #ffffff\">.<\/span><\/p>\n<p>Mai 2021<\/p>\n<p><img loading=\"lazy\" decoding=\"async\" class=\"aligncenter size-full wp-image-3509\" src=\"https:\/\/wordpress.nibis.de\/gsbernhard\/files\/2021\/12\/2021-05-Mai-1.png\" alt=\"\" width=\"1144\" height=\"653\" \/><\/p>\n<p><span style=\"color: #ffffff\">.<\/span><\/p>\n<p>April 2021<\/p>\n<p><img loading=\"lazy\" decoding=\"async\" class=\"aligncenter size-full wp-image-3508\" src=\"https:\/\/wordpress.nibis.de\/gsbernhard\/files\/2021\/12\/2021-04-April-1.png\" alt=\"\" width=\"1146\" height=\"654\" \/><\/p>\n<p><span style=\"color: #ffffff\">.<\/span><\/p>\n<p>Februar 2021<\/p>\n<p><img loading=\"lazy\" decoding=\"async\" class=\"aligncenter size-full wp-image-3507\" src=\"https:\/\/wordpress.nibis.de\/gsbernhard\/files\/2021\/12\/2021-02-Februar-1.png\" alt=\"\" width=\"1143\" height=\"654\" \/><\/p>\n<p><span style=\"color: #ffffff\">.<\/span><\/p>\n<p>Januar 2021<\/p>\n<p><img loading=\"lazy\" decoding=\"async\" class=\"aligncenter size-full wp-image-3506\" src=\"https:\/\/wordpress.nibis.de\/gsbernhard\/files\/2021\/12\/2021-01-Januar-1.png\" alt=\"\" width=\"1145\" height=\"327\" \/><\/p>\n<p><span style=\"color: #ffffff\">.<\/span><\/p>\n<p>Dezember 2020<\/p>\n<p><img loading=\"lazy\" decoding=\"async\" class=\"aligncenter size-full wp-image-3505\" src=\"https:\/\/wordpress.nibis.de\/gsbernhard\/files\/2021\/12\/2020-12-Dezember-1.png\" alt=\"\" width=\"1140\" height=\"656\" \/><\/p>\n<p><span style=\"color: #ffffff\">.<\/span><\/p>\n<p>November 2020<\/p>\n<p><img loading=\"lazy\" decoding=\"async\" class=\"aligncenter size-full wp-image-3504\" src=\"https:\/\/wordpress.nibis.de\/gsbernhard\/files\/2021\/12\/2020-11-November-1.png\" alt=\"\" width=\"1143\" height=\"654\" \/><\/p>\n<p><span style=\"color: #ffffff\">.<\/span><\/p>\n<p>Oktober 2020<\/p>\n<p><img loading=\"lazy\" decoding=\"async\" class=\"aligncenter size-full wp-image-3503\" src=\"https:\/\/wordpress.nibis.de\/gsbernhard\/files\/2021\/12\/2020-10-Oktober-1.png\" alt=\"\" width=\"1140\" height=\"655\" \/><\/p>\n<p><span style=\"color: #ffffff\">.<\/span><\/p>\n<p>September 2020<\/p>\n<p><img loading=\"lazy\" decoding=\"async\" class=\"aligncenter size-full wp-image-3502\" src=\"https:\/\/wordpress.nibis.de\/gsbernhard\/files\/2021\/12\/2020-09-September-1.png\" alt=\"\" width=\"1142\" height=\"658\" \/><\/p>\n<p><span style=\"color: #ffffff\">.<\/span><\/p>\n<p>16. August 2020<\/p>\n<p><img loading=\"lazy\" decoding=\"async\" class=\"aligncenter size-full wp-image-3501\" src=\"https:\/\/wordpress.nibis.de\/gsbernhard\/files\/2021\/12\/2020-08-August-2.png\" alt=\"\" width=\"1140\" height=\"652\" \/><\/p>\n<p><span style=\"color: #ffffff\">.<\/span><\/p>\n<p>11. August 2020<\/p>\n<p><img loading=\"lazy\" decoding=\"async\" class=\"aligncenter size-full wp-image-3500\" src=\"https:\/\/wordpress.nibis.de\/gsbernhard\/files\/2021\/12\/2020-08-August-1.png\" alt=\"\" width=\"865\" height=\"653\" \/><\/p>\n<p><span style=\"color: #ffffff\">.<\/span><\/p>\n<p>30. Juli 2020<\/p>\n<p><img loading=\"lazy\" decoding=\"async\" class=\"aligncenter size-full wp-image-3499\" src=\"https:\/\/wordpress.nibis.de\/gsbernhard\/files\/2021\/12\/2020-07-Juli-2.png\" alt=\"\" width=\"1138\" height=\"655\" \/><\/p>\n<p><span style=\"color: #ffffff\">.<\/span><\/p>\n<p>21. Juli 2020<\/p>\n<p><img loading=\"lazy\" decoding=\"async\" class=\"aligncenter size-full wp-image-3498\" src=\"https:\/\/wordpress.nibis.de\/gsbernhard\/files\/2021\/12\/2020-07-Juli-1.png\" alt=\"\" width=\"1138\" height=\"650\" \/><\/p>\n<p><span style=\"color: #ffffff\">.<\/span><\/p>\n<p>17. Juni 2020<\/p>\n<p><img loading=\"lazy\" decoding=\"async\" class=\"aligncenter size-full wp-image-3497\" src=\"https:\/\/wordpress.nibis.de\/gsbernhard\/files\/2021\/12\/2020-06-Juni-2.png\" alt=\"\" width=\"868\" height=\"653\" \/><\/p>\n<p><span style=\"color: #ffffff\">.<\/span><\/p>\n<p>09. Juni 2020<\/p>\n<p><img loading=\"lazy\" decoding=\"async\" class=\"aligncenter size-full wp-image-3496\" src=\"https:\/\/wordpress.nibis.de\/gsbernhard\/files\/2021\/12\/2020-06-Juni-1.png\" alt=\"\" width=\"859\" height=\"649\" \/><\/p>\n<p><span style=\"color: #ffffff\">.<\/span><\/p>\n<p>12. Mai 2020<\/p>\n<p><img loading=\"lazy\" decoding=\"async\" class=\"wp-image-3494 alignleft\" src=\"https:\/\/wordpress.nibis.de\/gsbernhard\/files\/2021\/12\/2020-05-Mai-2.png\" alt=\"\" width=\"794\" height=\"599\" \/><\/p>\n<p><span style=\"color: #ffffff\">.<\/span><\/p>\n<p>06. Mai 2020<\/p>\n<p><img loading=\"lazy\" decoding=\"async\" class=\"wp-image-3493 alignleft\" src=\"https:\/\/wordpress.nibis.de\/gsbernhard\/files\/2021\/12\/2020-05-Mai-1.png\" alt=\"\" width=\"800\" height=\"607\" \/><\/p>\n<p><span style=\"color: #ffffff\">Ap<\/span><\/p>\n<p>April 2020<\/p>\n<p><img loading=\"lazy\" decoding=\"async\" class=\"aligncenter size-full wp-image-3491\" src=\"https:\/\/wordpress.nibis.de\/gsbernhard\/files\/2021\/12\/2020-04-April-1.png\" alt=\"\" width=\"864\" height=\"653\" \/><\/p>\n","protected":false},"excerpt":{"rendered":"<p>Anl\u00e4sslich des Neubaus unseres Schulgeb\u00e4udes m\u00f6chten wir Sie \u00fcber die aktuellen Entwicklungen auf dem Laufenden halten. Daf\u00fcr werden hier die akutellen Bauphase mithilfe von Fotos dokumentiert. Der Fortschritt und das Entstehen des neuen Geb\u00e4udes lassen sich somit visuell nachvollziehen. November 2023 September 2023 Juni 2023 Mai 2023 April 2023 M\u00e4rz 2023 Dezember 2022 November 2021 . Oktober 2021 . September 2021 . Juni 2021 . Mai 2021 . April 2021 . Februar 2021 . Januar 2021 . Dezember 2020 &#8230;.<\/p>\n<p class=\"read-more\"><a class=\"btn btn-default\" href=\"https:\/\/wordpress.nibis.de\/gsbernhard\/chronik-des-neubaus\/\">Weiterlesen<span class=\"screen-reader-text\"> Weiterlesen<\/span><\/a><\/p>\n","protected":false},"author":1002,"featured_media":0,"parent":0,"menu_order":0,"comment_status":"closed","ping_status":"closed","template":"","meta":{"footnotes":""},"class_list":["post-3490","page","type-page","status-publish","hentry"],"_links":{"self":[{"href":"https:\/\/wordpress.nibis.de\/gsbernhard\/wp-json\/wp\/v2\/pages\/3490","targetHints":{"allow":["GET"]}}],"collection":[{"href":"https:\/\/wordpress.nibis.de\/gsbernhard\/wp-json\/wp\/v2\/pages"}],"about":[{"href":"https:\/\/wordpress.nibis.de\/gsbernhard\/wp-json\/wp\/v2\/types\/page"}],"author":[{"embeddable":true,"href":"https:\/\/wordpress.nibis.de\/gsbernhard\/wp-json\/wp\/v2\/users\/1002"}],"replies":[{"embeddable":true,"href":"https:\/\/wordpress.nibis.de\/gsbernhard\/wp-json\/wp\/v2\/comments?post=3490"}],"version-history":[{"count":13,"href":"https:\/\/wordpress.nibis.de\/gsbernhard\/wp-json\/wp\/v2\/pages\/3490\/revisions"}],"predecessor-version":[{"id":4047,"href":"https:\/\/wordpress.nibis.de\/gsbernhard\/wp-json\/wp\/v2\/pages\/3490\/revisions\/4047"}],"wp:attachment":[{"href":"https:\/\/wordpress.nibis.de\/gsbernhard\/wp-json\/wp\/v2\/media?parent=3490"}],"curies":[{"name":"wp","href":"https:\/\/api.w.org\/{rel}","templated":true}]}}