{"id":35,"date":"2016-04-17T20:18:29","date_gmt":"2016-04-17T18:18:29","guid":{"rendered":"http:\/\/wordpress.nibis.de\/gsbernhard\/?page_id=35"},"modified":"2022-11-06T09:23:04","modified_gmt":"2022-11-06T08:23:04","slug":"aktuelles","status":"publish","type":"page","link":"https:\/\/wordpress.nibis.de\/gsbernhard\/aktuelles\/","title":{"rendered":"Impressum"},"content":{"rendered":"<div class=\"entry-content\">\n<p>Land Niedersachsen (Diensteanbieter im Sinne des Telemediengesetzes)<\/p>\n<p>Das Land Niedersachsen ist eine juristische Person des \u00f6ffentlichen Rechts<br \/>\nvertreten durch<\/p>\n<p>Schulleitung:<br \/>\nSilvia Schmit, Schulleiterin<br \/>\nMartina Otten, stellvertretende Schulleiterin<\/p>\n<p>Grundschule Bernhardschule<br \/>\nClemens August Str. 9<br \/>\n49751 S\u00f6gel<br \/>\nTel.: 05952 &#8211; 512<br \/>\nE-Mail: &#105;&#110;&#x66;o&#64;&#x67;&#x72;u&#110;&#x64;&#x73;c&#104;&#x75;l&#101;&#x2d;&#x73;o&#101;&#x67;&#x65;l&#46;&#x64;e<\/p>\n<p>Verantwortlicher f\u00fcr redaktionell-journalistische Angebote i. S. d. \u00a7 55 Abs. 2 Rundfunkstaatsvertrag:<\/p>\n<p>Kollegium der Grundschule Bernhardschule S\u00f6gel<br \/>\nGrundschule Bernhardschule<br \/>\nClemens August Str. 9<br \/>\n49751 S\u00f6gel<br \/>\nTel.: 05952 &#8211; 512<\/p>\n<p>Disclaimer<\/p>\n<p>Diese Webseite beinhaltet externe Links. Deren Inhalte entziehen sich unserer Einflussnahme, sodass eine Gew\u00e4hr f\u00fcr solche Inhalte von uns nicht \u00fcbernommen werden kann.<\/p>\n<p>Die Verantwortung liegt stets beim jeweiligen Betreiber der externen Seiten. Zum Zeitpunkt der Verkn\u00fcpfung der externen Links waren keine Rechtsverst\u00f6\u00dfe ersichtlich. Die permanente \u00dcberwachung fremder Inhalte auf Rechtsverst\u00f6\u00dfe ohne konkrete Hinweise ist uns nicht zumutbar.<\/p>\n<p>Sollten wir Kenntnis von Rechtsverletzungen erlangen, werden wir die entsprechenden externen Links unverz\u00fcglich entfernen.<\/p>\n<\/div>\n","protected":false},"excerpt":{"rendered":"<p>Land Niedersachsen (Diensteanbieter im Sinne des Telemediengesetzes) Das Land Niedersachsen ist eine juristische Person des \u00f6ffentlichen Rechts vertreten durch Schulleitung: Silvia Schmit, Schulleiterin Martina Otten, stellvertretende Schulleiterin Grundschule Bernhardschule Clemens August Str. 9 49751 S\u00f6gel Tel.: 05952 &#8211; 512 E-Mail: &#105;n&#x66;o&#x40;g&#x72;u&#x6e;&#100;&#x73;&#99;&#x68;&#117;&#x6c;&#101;-&#115;o&#x65;g&#x65;l&#x2e;&#100;&#x65; Verantwortlicher f\u00fcr redaktionell-journalistische Angebote i. S. d. \u00a7 55 Abs. 2 Rundfunkstaatsvertrag: Kollegium der Grundschule Bernhardschule S\u00f6gel Grundschule Bernhardschule Clemens August Str. 9 49751 S\u00f6gel Tel.: 05952 &#8211; 512 Disclaimer Diese Webseite beinhaltet externe Links. Deren Inhalte entziehen sich&#8230;<\/p>\n<p class=\"read-more\"><a class=\"btn btn-default\" href=\"https:\/\/wordpress.nibis.de\/gsbernhard\/aktuelles\/\">Weiterlesen<span class=\"screen-reader-text\"> Weiterlesen<\/span><\/a><\/p>\n","protected":false},"author":1002,"featured_media":0,"parent":0,"menu_order":0,"comment_status":"closed","ping_status":"closed","template":"","meta":{"footnotes":""},"class_list":["post-35","page","type-page","status-publish","hentry"],"_links":{"self":[{"href":"https:\/\/wordpress.nibis.de\/gsbernhard\/wp-json\/wp\/v2\/pages\/35","targetHints":{"allow":["GET"]}}],"collection":[{"href":"https:\/\/wordpress.nibis.de\/gsbernhard\/wp-json\/wp\/v2\/pages"}],"about":[{"href":"https:\/\/wordpress.nibis.de\/gsbernhard\/wp-json\/wp\/v2\/types\/page"}],"author":[{"embeddable":true,"href":"https:\/\/wordpress.nibis.de\/gsbernhard\/wp-json\/wp\/v2\/users\/1002"}],"replies":[{"embeddable":true,"href":"https:\/\/wordpress.nibis.de\/gsbernhard\/wp-json\/wp\/v2\/comments?post=35"}],"version-history":[{"count":8,"href":"https:\/\/wordpress.nibis.de\/gsbernhard\/wp-json\/wp\/v2\/pages\/35\/revisions"}],"predecessor-version":[{"id":3730,"href":"https:\/\/wordpress.nibis.de\/gsbernhard\/wp-json\/wp\/v2\/pages\/35\/revisions\/3730"}],"wp:attachment":[{"href":"https:\/\/wordpress.nibis.de\/gsbernhard\/wp-json\/wp\/v2\/media?parent=35"}],"curies":[{"name":"wp","href":"https:\/\/api.w.org\/{rel}","templated":true}]}}