{"id":381,"date":"2016-07-29T10:53:03","date_gmt":"2016-07-29T08:53:03","guid":{"rendered":"http:\/\/wordpress.nibis.de\/gsbernhard\/?page_id=381"},"modified":"2026-01-12T12:32:24","modified_gmt":"2026-01-12T11:32:24","slug":"sv-aktionen","status":"publish","type":"page","link":"https:\/\/wordpress.nibis.de\/gsbernhard\/sv-aktionen\/","title":{"rendered":"SV-Aktionen"},"content":{"rendered":"\n<p>Die Sch\u00fclervertretung hat schon viele tolle Aktionen f\u00fcr ihre Mitsch\u00fcler durchgef\u00fchrt.\u00a0 Hier einige Einblicke:<\/p>\n<ul>\n<li>Organisation der Musikpausen<\/li>\n<li>Gestaltung von Plakaten f\u00fcr Schulveranstaltungen<\/li>\n<li>Unterst\u00fctzung der Lehrkr\u00e4fte bei Schulveranstaltungen<\/li>\n<li>Organisation von Waffel\/Brezelverkauf<\/li>\n<li>Vertretung der Sch\u00fclerinteressen<\/li>\n<li>etc.<\/li>\n<\/ul>\n<p><span style=\"color: #339966\"><a style=\"color: #339966\" href=\"http:\/\/wordpress.nibis.de\/gsbernhard\/schuelervertretung\/\">Das sind unsere Sch\u00fclervertreter (SV)<\/a><\/span><\/p>\n<p>\u00a0<\/p>\n\n\n\n<div class=\"wp-block-image\">\n<div class=\"wp-block-image\"><img loading=\"lazy\" decoding=\"async\" class=\"wpa-warning wpa-image-missing-alt aligncenter size-full wp-image-4772\" src=\"https:\/\/wordpress.nibis.de\/gsbernhard\/files\/2026\/01\/Bild-SV-Aktionen-Homepage.png\" alt=\"\" width=\"917\" height=\"781\" data-warning=\"Missing alt text\" srcset=\"https:\/\/wordpress.nibis.de\/gsbernhard\/files\/2026\/01\/Bild-SV-Aktionen-Homepage.png 917w, https:\/\/wordpress.nibis.de\/gsbernhard\/files\/2026\/01\/Bild-SV-Aktionen-Homepage-100x85.png 100w, https:\/\/wordpress.nibis.de\/gsbernhard\/files\/2026\/01\/Bild-SV-Aktionen-Homepage-317x270.png 317w\" sizes=\"auto, (max-width: 917px) 100vw, 917px\" \/><\/div>\n<\/div>\n","protected":false},"excerpt":{"rendered":"<p>Die Sch\u00fclervertretung hat schon viele tolle Aktionen f\u00fcr ihre Mitsch\u00fcler durchgef\u00fchrt.\u00a0 Hier einige Einblicke: Organisation der Musikpausen Gestaltung von Plakaten f\u00fcr Schulveranstaltungen Unterst\u00fctzung der Lehrkr\u00e4fte bei Schulveranstaltungen Organisation von Waffel\/Brezelverkauf Vertretung der Sch\u00fclerinteressen etc. Das sind unsere Sch\u00fclervertreter (SV) \u00a0<\/p>\n","protected":false},"author":1002,"featured_media":0,"parent":0,"menu_order":0,"comment_status":"closed","ping_status":"closed","template":"","meta":{"footnotes":""},"class_list":["post-381","page","type-page","status-publish","hentry"],"_links":{"self":[{"href":"https:\/\/wordpress.nibis.de\/gsbernhard\/wp-json\/wp\/v2\/pages\/381","targetHints":{"allow":["GET"]}}],"collection":[{"href":"https:\/\/wordpress.nibis.de\/gsbernhard\/wp-json\/wp\/v2\/pages"}],"about":[{"href":"https:\/\/wordpress.nibis.de\/gsbernhard\/wp-json\/wp\/v2\/types\/page"}],"author":[{"embeddable":true,"href":"https:\/\/wordpress.nibis.de\/gsbernhard\/wp-json\/wp\/v2\/users\/1002"}],"replies":[{"embeddable":true,"href":"https:\/\/wordpress.nibis.de\/gsbernhard\/wp-json\/wp\/v2\/comments?post=381"}],"version-history":[{"count":9,"href":"https:\/\/wordpress.nibis.de\/gsbernhard\/wp-json\/wp\/v2\/pages\/381\/revisions"}],"predecessor-version":[{"id":4773,"href":"https:\/\/wordpress.nibis.de\/gsbernhard\/wp-json\/wp\/v2\/pages\/381\/revisions\/4773"}],"wp:attachment":[{"href":"https:\/\/wordpress.nibis.de\/gsbernhard\/wp-json\/wp\/v2\/media?parent=381"}],"curies":[{"name":"wp","href":"https:\/\/api.w.org\/{rel}","templated":true}]}}