{"id":394,"date":"2016-07-29T11:50:55","date_gmt":"2016-07-29T09:50:55","guid":{"rendered":"http:\/\/wordpress.nibis.de\/gsbernhard\/?page_id=394"},"modified":"2024-08-17T13:43:15","modified_gmt":"2024-08-17T11:43:15","slug":"aufgaben-des-foerdervereins","status":"publish","type":"page","link":"https:\/\/wordpress.nibis.de\/gsbernhard\/foerderverein\/aufgaben-des-foerdervereins\/","title":{"rendered":"Aufgaben des F\u00f6rdervereins"},"content":{"rendered":"<h2>Was macht der F\u00f6rderverein?<\/h2>\n<p>Seit 2005 hat die Bernhardschule einen F\u00f6rderverein. Er m\u00f6chte den Schulalltag der Bernhardschule aktiv und kreativ mitgestalten. Diese Unterst\u00fctzung ist nur mit Hilfe vieler Mitglieder und Helferinnen und Helfer m\u00f6glich<strong>.<\/strong><\/p>\n<p>Der Zweck des Vereins besteht darin, die Bildung und Erziehung unserer Kinder finanziell und ideell zu f\u00f6rdern. Mit den Mitteln des F\u00f6rdervereins werden ausschlie\u00dflich Sonderprojekte unterst\u00fctzt, die der \u00f6ffentliche Schuletat nicht ber\u00fccksichtigt.<\/p>\n<p>Wenn wir f\u00fcr unsere Kinder etwas erreichen wollen, dann brauchen wir auch Ihre Unterst\u00fctzung, denn nur wenn viele mitmachen, l\u00e4sst sich etwas bewegen.<\/p>\n<h3><span style=\"color: #339966\"><a style=\"color: #339966\" href=\"https:\/\/wordpress.nibis.de\/gsbernhard\/foerderverein\/\"><span style=\"text-decoration: underline\">Zu den Mitgliedern des F\u00f6rdervereins<\/span><\/a><\/span><\/h3>\n<h3><span style=\"color: #0000ff\"><a style=\"color: #0000ff\" href=\"http:\/\/wordpress.nibis.de\/gsbernhard\/beitrittserklaerung\/\"><span style=\"color: #339966\"><span style=\"text-decoration: underline\">Beitrittserkl\u00e4rung<\/span><\/span><\/a><\/span><\/h3>\n","protected":false},"excerpt":{"rendered":"<p>Was macht der F\u00f6rderverein? Seit 2005 hat die Bernhardschule einen F\u00f6rderverein. Er m\u00f6chte den Schulalltag der Bernhardschule aktiv und kreativ mitgestalten. Diese Unterst\u00fctzung ist nur mit Hilfe vieler Mitglieder und Helferinnen und Helfer m\u00f6glich. Der Zweck des Vereins besteht darin, die Bildung und Erziehung unserer Kinder finanziell und ideell zu f\u00f6rdern. Mit den Mitteln des F\u00f6rdervereins werden ausschlie\u00dflich Sonderprojekte unterst\u00fctzt, die der \u00f6ffentliche Schuletat nicht ber\u00fccksichtigt. Wenn wir f\u00fcr unsere Kinder etwas erreichen wollen, dann brauchen wir auch Ihre Unterst\u00fctzung,&#8230;<\/p>\n<p class=\"read-more\"><a class=\"btn btn-default\" href=\"https:\/\/wordpress.nibis.de\/gsbernhard\/foerderverein\/aufgaben-des-foerdervereins\/\">Weiterlesen<span class=\"screen-reader-text\"> Weiterlesen<\/span><\/a><\/p>\n","protected":false},"author":1002,"featured_media":0,"parent":78,"menu_order":0,"comment_status":"closed","ping_status":"closed","template":"onecolumn-page.php","meta":{"footnotes":""},"class_list":["post-394","page","type-page","status-publish","hentry"],"_links":{"self":[{"href":"https:\/\/wordpress.nibis.de\/gsbernhard\/wp-json\/wp\/v2\/pages\/394","targetHints":{"allow":["GET"]}}],"collection":[{"href":"https:\/\/wordpress.nibis.de\/gsbernhard\/wp-json\/wp\/v2\/pages"}],"about":[{"href":"https:\/\/wordpress.nibis.de\/gsbernhard\/wp-json\/wp\/v2\/types\/page"}],"author":[{"embeddable":true,"href":"https:\/\/wordpress.nibis.de\/gsbernhard\/wp-json\/wp\/v2\/users\/1002"}],"replies":[{"embeddable":true,"href":"https:\/\/wordpress.nibis.de\/gsbernhard\/wp-json\/wp\/v2\/comments?post=394"}],"version-history":[{"count":7,"href":"https:\/\/wordpress.nibis.de\/gsbernhard\/wp-json\/wp\/v2\/pages\/394\/revisions"}],"predecessor-version":[{"id":4261,"href":"https:\/\/wordpress.nibis.de\/gsbernhard\/wp-json\/wp\/v2\/pages\/394\/revisions\/4261"}],"up":[{"embeddable":true,"href":"https:\/\/wordpress.nibis.de\/gsbernhard\/wp-json\/wp\/v2\/pages\/78"}],"wp:attachment":[{"href":"https:\/\/wordpress.nibis.de\/gsbernhard\/wp-json\/wp\/v2\/media?parent=394"}],"curies":[{"name":"wp","href":"https:\/\/api.w.org\/{rel}","templated":true}]}}