{"id":396,"date":"2016-07-29T12:07:16","date_gmt":"2016-07-29T10:07:16","guid":{"rendered":"http:\/\/wordpress.nibis.de\/gsbernhard\/?page_id=396"},"modified":"2024-08-17T13:47:10","modified_gmt":"2024-08-17T11:47:10","slug":"beitrittserklaerung","status":"publish","type":"page","link":"https:\/\/wordpress.nibis.de\/gsbernhard\/foerderverein\/beitrittserklaerung\/","title":{"rendered":"Beitrittserkl\u00e4rung"},"content":{"rendered":"<p>Die Beitrittserkl\u00e4rung und Einzugserm\u00e4chtigung (PDF) finden Sie <strong><span style=\"text-decoration: underline\"><span style=\"color: #339966;text-decoration: underline\"><a style=\"color: #339966;text-decoration: underline\" href=\"http:\/\/wordpress.nibis.de\/gsbernhard\/files\/2016\/10\/Beitrittserkl\u00e4rung-und-Einzugserm\u00e4chtigung.pdf\" target=\"_blank\" rel=\"noopener\">hier. <\/a><\/span><\/span><br \/>\n<\/strong><\/p>\n<p>Wir freuen uns darauf, Sie bald im F\u00f6rderverein begr\u00fc\u00dfen zu d\u00fcrfen!<\/p>\n<p>Wenn Sie nicht Mitglied werden m\u00f6chten, w\u00fcrden wir uns auch \u00fcber jede kleine Spende freuen. F\u00fcr Ihre Spenden und Beitr\u00e4ge bekommen Sie von uns eine Spendenbescheinigung. Diese k\u00f6nnen Sie bei der Steuererkl\u00e4rung geltend machen.<\/p>\n<p>F\u00fcr Ihr Interesse bedanken wir uns herzlich, auch im Namen aller Sch\u00fcler, Eltern und Lehrer.<\/p>\n<h4><span style=\"text-decoration: underline\">Bankverbindung:<\/span><\/h4>\n<p>Sparkasse Emsland<br \/>\nIBAN: DE06266500011101359139<br \/>\nBIC:\u00a0 NOLADE21EMS<\/p>\n<p>Der Mindestbeitrag betr\u00e4t 15 Euro pro Jahr.<\/p>\n","protected":false},"excerpt":{"rendered":"<p>Die Beitrittserkl\u00e4rung und Einzugserm\u00e4chtigung (PDF) finden Sie hier. Wir freuen uns darauf, Sie bald im F\u00f6rderverein begr\u00fc\u00dfen zu d\u00fcrfen! Wenn Sie nicht Mitglied werden m\u00f6chten, w\u00fcrden wir uns auch \u00fcber jede kleine Spende freuen. F\u00fcr Ihre Spenden und Beitr\u00e4ge bekommen Sie von uns eine Spendenbescheinigung. Diese k\u00f6nnen Sie bei der Steuererkl\u00e4rung geltend machen. F\u00fcr Ihr Interesse bedanken wir uns herzlich, auch im Namen aller Sch\u00fcler, Eltern und Lehrer. Bankverbindung: Sparkasse Emsland IBAN: DE06266500011101359139 BIC:\u00a0 NOLADE21EMS Der Mindestbeitrag betr\u00e4t 15 Euro&#8230;<\/p>\n<p class=\"read-more\"><a class=\"btn btn-default\" href=\"https:\/\/wordpress.nibis.de\/gsbernhard\/foerderverein\/beitrittserklaerung\/\">Weiterlesen<span class=\"screen-reader-text\"> Weiterlesen<\/span><\/a><\/p>\n","protected":false},"author":1002,"featured_media":0,"parent":78,"menu_order":0,"comment_status":"closed","ping_status":"closed","template":"","meta":{"footnotes":""},"class_list":["post-396","page","type-page","status-publish","hentry"],"_links":{"self":[{"href":"https:\/\/wordpress.nibis.de\/gsbernhard\/wp-json\/wp\/v2\/pages\/396","targetHints":{"allow":["GET"]}}],"collection":[{"href":"https:\/\/wordpress.nibis.de\/gsbernhard\/wp-json\/wp\/v2\/pages"}],"about":[{"href":"https:\/\/wordpress.nibis.de\/gsbernhard\/wp-json\/wp\/v2\/types\/page"}],"author":[{"embeddable":true,"href":"https:\/\/wordpress.nibis.de\/gsbernhard\/wp-json\/wp\/v2\/users\/1002"}],"replies":[{"embeddable":true,"href":"https:\/\/wordpress.nibis.de\/gsbernhard\/wp-json\/wp\/v2\/comments?post=396"}],"version-history":[{"count":9,"href":"https:\/\/wordpress.nibis.de\/gsbernhard\/wp-json\/wp\/v2\/pages\/396\/revisions"}],"predecessor-version":[{"id":4266,"href":"https:\/\/wordpress.nibis.de\/gsbernhard\/wp-json\/wp\/v2\/pages\/396\/revisions\/4266"}],"up":[{"embeddable":true,"href":"https:\/\/wordpress.nibis.de\/gsbernhard\/wp-json\/wp\/v2\/pages\/78"}],"wp:attachment":[{"href":"https:\/\/wordpress.nibis.de\/gsbernhard\/wp-json\/wp\/v2\/media?parent=396"}],"curies":[{"name":"wp","href":"https:\/\/api.w.org\/{rel}","templated":true}]}}