{"id":398,"date":"2016-07-29T12:10:28","date_gmt":"2016-07-29T10:10:28","guid":{"rendered":"http:\/\/wordpress.nibis.de\/gsbernhard\/?page_id=398"},"modified":"2024-08-17T13:46:17","modified_gmt":"2024-08-17T11:46:17","slug":"projekte-des-foerdervereins","status":"publish","type":"page","link":"https:\/\/wordpress.nibis.de\/gsbernhard\/foerderverein\/projekte-des-foerdervereins\/","title":{"rendered":"Projekte des F\u00f6rdervereins"},"content":{"rendered":"<h2>Konkrete Projekte des F\u00f6rdervereins<\/h2>\n<ul>\n<li>Erweiterung der Schulb\u00fccherei<\/li>\n<li>Verbesserung der Computerausstattung<\/li>\n<li>Organisation von Autorenlesungen<\/li>\n<li>Finanzierung der Fl\u00f6ten und Noten f\u00fcr das &#8222;Sinfonixe-Projekt&#8220;<\/li>\n<li>Versorgung der Sch\u00fcler\/innen bei Sportveranstaltungen<\/li>\n<li>Versorgung der Eltern bei der Einschulungsfeier<\/li>\n<li>Bekanntmachung des Vereins und Werbung neuer Mitglieder<\/li>\n<li>Versorgung und Verkauf bei Sommer- und Winterfest<\/li>\n<li>Unterst\u00fctzung bei der Schulhofumgestaltung<\/li>\n<li>Bezuschussung von Schulveranstaltungen<\/li>\n<\/ul>\n<h3><span style=\"color: #ffffff\">.<\/span><\/h3>\n<h3>Weitere Informationen zum F\u00f6rderverein<\/h3>\n<p><a href=\"https:\/\/wordpress.nibis.de\/gsbernhard\/foerderverein\/\"><span style=\"text-decoration: underline;color: #339966\">Zu den Mitgliedern des F\u00f6rdervereins<\/span><\/a><\/p>\n<p><span style=\"color: #0000ff\"><a style=\"color: #0000ff\" href=\"http:\/\/wordpress.nibis.de\/gsbernhard\/beitrittserklaerung\/\"><span style=\"color: #339966\"><span style=\"text-decoration: underline\">Beitrittserkl\u00e4rung<\/span><\/span><\/a><\/span><\/p>\n","protected":false},"excerpt":{"rendered":"<p>Konkrete Projekte des F\u00f6rdervereins Erweiterung der Schulb\u00fccherei Verbesserung der Computerausstattung Organisation von Autorenlesungen Finanzierung der Fl\u00f6ten und Noten f\u00fcr das &#8222;Sinfonixe-Projekt&#8220; Versorgung der Sch\u00fcler\/innen bei Sportveranstaltungen Versorgung der Eltern bei der Einschulungsfeier Bekanntmachung des Vereins und Werbung neuer Mitglieder Versorgung und Verkauf bei Sommer- und Winterfest Unterst\u00fctzung bei der Schulhofumgestaltung Bezuschussung von Schulveranstaltungen . Weitere Informationen zum F\u00f6rderverein Zu den Mitgliedern des F\u00f6rdervereins Beitrittserkl\u00e4rung<\/p>\n","protected":false},"author":1002,"featured_media":0,"parent":78,"menu_order":0,"comment_status":"closed","ping_status":"closed","template":"","meta":{"footnotes":""},"class_list":["post-398","page","type-page","status-publish","hentry"],"_links":{"self":[{"href":"https:\/\/wordpress.nibis.de\/gsbernhard\/wp-json\/wp\/v2\/pages\/398","targetHints":{"allow":["GET"]}}],"collection":[{"href":"https:\/\/wordpress.nibis.de\/gsbernhard\/wp-json\/wp\/v2\/pages"}],"about":[{"href":"https:\/\/wordpress.nibis.de\/gsbernhard\/wp-json\/wp\/v2\/types\/page"}],"author":[{"embeddable":true,"href":"https:\/\/wordpress.nibis.de\/gsbernhard\/wp-json\/wp\/v2\/users\/1002"}],"replies":[{"embeddable":true,"href":"https:\/\/wordpress.nibis.de\/gsbernhard\/wp-json\/wp\/v2\/comments?post=398"}],"version-history":[{"count":9,"href":"https:\/\/wordpress.nibis.de\/gsbernhard\/wp-json\/wp\/v2\/pages\/398\/revisions"}],"predecessor-version":[{"id":4265,"href":"https:\/\/wordpress.nibis.de\/gsbernhard\/wp-json\/wp\/v2\/pages\/398\/revisions\/4265"}],"up":[{"embeddable":true,"href":"https:\/\/wordpress.nibis.de\/gsbernhard\/wp-json\/wp\/v2\/pages\/78"}],"wp:attachment":[{"href":"https:\/\/wordpress.nibis.de\/gsbernhard\/wp-json\/wp\/v2\/media?parent=398"}],"curies":[{"name":"wp","href":"https:\/\/api.w.org\/{rel}","templated":true}]}}