{"id":427,"date":"2016-07-29T13:20:41","date_gmt":"2016-07-29T11:20:41","guid":{"rendered":"http:\/\/wordpress.nibis.de\/gsbernhard\/?page_id=427"},"modified":"2026-01-30T09:12:58","modified_gmt":"2026-01-30T08:12:58","slug":"personal-im-ganztagsbereich","status":"publish","type":"page","link":"https:\/\/wordpress.nibis.de\/gsbernhard\/ganztagsschule\/personal-im-ganztagsbereich\/","title":{"rendered":"Team des Ganztages"},"content":{"rendered":"<p><span style=\"color: #ffffff\">.<\/span>Alle unsere Angebote sind freiwillig und nat\u00fcrlich vertraulich. Wir unterliegen der Schweigepflicht!<\/p>\n<p>Zu erreichen sind wir im B\u00fcro auch unter folgender Nummer:<br \/>\n0173-5925030 oder im Notfall \u00fcber das Sekretariat unter 05952- 512<\/p>\n<p>sowie per E-Mail: <span style=\"color: #339966\"><a style=\"color: #339966\" href=\"&#109;&#x61;&#105;&#x6c;&#116;&#x6f;&#58;&#x67;&#97;&#x6e;&#122;&#x74;a&#x67;&#64;&#x67;s&#x2d;s&#x6f;e&#x67;e&#108;&#x2e;&#100;&#x65;\"><strong>&#x67;&#x61;&#x6e;&#x7a;&#x74;&#x61;&#x67;&#x40;&#103;&#115;&#45;&#115;&#111;&#101;&#103;el&#46;d&#x65;<\/strong><\/a><\/span><strong> .<\/strong><\/p>\n<p>Das B\u00fcro von Frau Terhalle und Frau Martin findet sich im Flur des 1. Stocks.<br \/>\nFrau Kurlemann hat ihr B\u00fcro im Verwaltungstrakt, im Bereich des Ganztages, hinter der Mensa.<\/p>\n<p>Wir freuen uns sehr, dass wir Teil der Schulgemeinde sein d\u00fcrfen und freuen uns auf eine gute Zusammenarbeit!<br \/>\n<span style=\"color: #ffffff\">.<\/span><br \/>\n<span style=\"color: #ffffff\">.<\/span><\/p>\n<p>Betreuung Schulkindergarten und Klassen 1 &amp; 2:<\/p>\n<p><img loading=\"lazy\" decoding=\"async\" class=\"aligncenter size-full wp-image-3230\" src=\"https:\/\/wordpress.nibis.de\/gsbernhard\/files\/2021\/01\/Bild-Team-Ganztag-Homepage-1.png\" alt=\"\" width=\"613\" height=\"626\" \/><\/p>\n<p><span style=\"color: #ffffff\">.<img loading=\"lazy\" decoding=\"async\" class=\"aligncenter  wp-image-3963\" src=\"https:\/\/wordpress.nibis.de\/gsbernhard\/files\/2023\/08\/Platzhalter-PMs.png\" alt=\"\" width=\"608\" height=\"838\" srcset=\"https:\/\/wordpress.nibis.de\/gsbernhard\/files\/2023\/08\/Platzhalter-PMs.png 547w, https:\/\/wordpress.nibis.de\/gsbernhard\/files\/2023\/08\/Platzhalter-PMs-196x270.png 196w\" sizes=\"auto, (max-width: 608px) 100vw, 608px\" \/><\/span><\/p>\n","protected":false},"excerpt":{"rendered":"<p>.Alle unsere Angebote sind freiwillig und nat\u00fcrlich vertraulich. Wir unterliegen der Schweigepflicht! Zu erreichen sind wir im B\u00fcro auch unter folgender Nummer: 0173-5925030 oder im Notfall \u00fcber das Sekretariat unter 05952- 512 sowie per E-Mail: &#103;&#x61;&#x6e;z&#116;&#x61;g&#64;&#x67;s&#45;&#x73;o&#101;&#x67;&#x65;&#108;&#x2e;&#x64;e . Das B\u00fcro von Frau Terhalle und Frau Martin findet sich im Flur des 1. Stocks. Frau Kurlemann hat ihr B\u00fcro im Verwaltungstrakt, im Bereich des Ganztages, hinter der Mensa. Wir freuen uns sehr, dass wir Teil der Schulgemeinde sein d\u00fcrfen und freuen uns&#8230;<\/p>\n<p class=\"read-more\"><a class=\"btn btn-default\" href=\"https:\/\/wordpress.nibis.de\/gsbernhard\/ganztagsschule\/personal-im-ganztagsbereich\/\">Weiterlesen<span class=\"screen-reader-text\"> Weiterlesen<\/span><\/a><\/p>\n","protected":false},"author":1002,"featured_media":0,"parent":131,"menu_order":0,"comment_status":"closed","ping_status":"closed","template":"","meta":{"footnotes":""},"class_list":["post-427","page","type-page","status-publish","hentry"],"_links":{"self":[{"href":"https:\/\/wordpress.nibis.de\/gsbernhard\/wp-json\/wp\/v2\/pages\/427","targetHints":{"allow":["GET"]}}],"collection":[{"href":"https:\/\/wordpress.nibis.de\/gsbernhard\/wp-json\/wp\/v2\/pages"}],"about":[{"href":"https:\/\/wordpress.nibis.de\/gsbernhard\/wp-json\/wp\/v2\/types\/page"}],"author":[{"embeddable":true,"href":"https:\/\/wordpress.nibis.de\/gsbernhard\/wp-json\/wp\/v2\/users\/1002"}],"replies":[{"embeddable":true,"href":"https:\/\/wordpress.nibis.de\/gsbernhard\/wp-json\/wp\/v2\/comments?post=427"}],"version-history":[{"count":23,"href":"https:\/\/wordpress.nibis.de\/gsbernhard\/wp-json\/wp\/v2\/pages\/427\/revisions"}],"predecessor-version":[{"id":4832,"href":"https:\/\/wordpress.nibis.de\/gsbernhard\/wp-json\/wp\/v2\/pages\/427\/revisions\/4832"}],"up":[{"embeddable":true,"href":"https:\/\/wordpress.nibis.de\/gsbernhard\/wp-json\/wp\/v2\/pages\/131"}],"wp:attachment":[{"href":"https:\/\/wordpress.nibis.de\/gsbernhard\/wp-json\/wp\/v2\/media?parent=427"}],"curies":[{"name":"wp","href":"https:\/\/api.w.org\/{rel}","templated":true}]}}