{"id":4432,"date":"2025-03-18T08:24:54","date_gmt":"2025-03-18T07:24:54","guid":{"rendered":"https:\/\/wordpress.nibis.de\/gsbernhard\/?page_id=4432"},"modified":"2025-03-18T08:35:29","modified_gmt":"2025-03-18T07:35:29","slug":"schulsozialarbeit","status":"publish","type":"page","link":"https:\/\/wordpress.nibis.de\/gsbernhard\/schulsozialarbeit\/","title":{"rendered":"Schulsozialarbeit"},"content":{"rendered":"<p>Wir sind Chantal Sophie van der Meij-Martin und Sonja Terhalle, die Sozialarbeiterinnen an der Bernhardschule.<\/p>\n<p><span style=\"color: #ffffff\">.<\/span><\/p>\n<p>Zu unseren Aufgaben geh\u00f6rt:<img loading=\"lazy\" decoding=\"async\" class=\" wp-image-4433 alignright\" src=\"https:\/\/wordpress.nibis.de\/gsbernhard\/files\/2025\/03\/Foto-Sonja-Terhalle.png\" alt=\"\" width=\"184\" height=\"217\" srcset=\"https:\/\/wordpress.nibis.de\/gsbernhard\/files\/2025\/03\/Foto-Sonja-Terhalle.png 236w, https:\/\/wordpress.nibis.de\/gsbernhard\/files\/2025\/03\/Foto-Sonja-Terhalle-229x270.png 229w\" sizes=\"auto, (max-width: 184px) 100vw, 184px\" \/><\/p>\n<ul>\n<li>Unterst\u00fctzung bei Konfliktsituationen<img loading=\"lazy\" decoding=\"async\" class=\"wp-image-3229 alignright\" src=\"https:\/\/wordpress.nibis.de\/gsbernhard\/files\/2021\/01\/Bild-Chantal-Homepage-1.png\" alt=\"\" width=\"183\" height=\"235\" \/><\/li>\n<li>Unterst\u00fctzung der Lehrkr\u00e4fte<\/li>\n<li>Sch\u00fcler*innen- und Elterngespr\u00e4che<\/li>\n<li>Projektentwicklung<\/li>\n<li>Vermittlung von externen Hilfsangeboten<\/li>\n<li>Sozialtraining<\/li>\n<li>oder auch einfach mal ein offenes Ohr haben<\/li>\n<li>Einzelfallhilfe \/ Gruppenarbeit<\/li>\n<li>Sozial- und Verhaltenstraining in Klassen sowie in der Einzelarbeit<\/li>\n<li>Betreuungsangebote<\/li>\n<\/ul>\n<p><span style=\"color: #ffffff\">.<\/span><\/p>\n<p>Frau Martin ist zust\u00e4ndig f\u00fcr die Anliegen des Schulkindergartens sowie der Klasse 1 und 2.<br \/>\nFrau Terhalle ist zust\u00e4ndig f\u00fcr die Anliegen der Klasse 3 und 4.<\/p>\n<p><span style=\"color: #ffffff\">.<\/span><\/p>\n<p><span style=\"text-decoration: underline\">Kontakt:<\/span><br \/>\nZur Terminvereinbarung k\u00f6nnen Sie \/ k\u00f6nnt ihr \u2026<\/p>\n<ul>\n<li>uns direkt in der Schule ansprechen.<\/li>\n<li>einen Termin \u00fcber den\/die Klassenlehrer*in vereinbaren.<\/li>\n<li>oder eine E-Mail schreiben:\n<ul>\n<li><a href=\"ma&#105;&#108;&#x74;&#x6f;&#x3a;&#x63;ha&#110;&#116;&#x61;&#x6c;&#x2e;&#x76;an&#46;&#100;&#101;&#x72;&#x2e;&#x6d;&#x65;ij&#45;&#109;&#x61;&#x72;&#x74;&#x69;n&#64;&#103;&#115;&#x2d;&#x73;&#x6f;&#x65;ge&#108;&#46;&#100;&#x65;\">&#x63;&#x68;&#x61;&#x6e;&#x74;&#x61;&#x6c;&#x2e;&#x76;&#x61;&#x6e;&#46;&#100;&#101;&#114;&#46;&#109;&#101;ij-mar&#x74;&#x69;&#x6e;&#x40;&#x67;&#x73;&#x2d;&#x73;&#x6f;&#x65;&#x67;&#x65;&#108;&#46;&#100;&#101;<\/a><\/li>\n<li><a href=\"&#109;&#x61;&#105;&#x6c;t&#x6f;:&#115;&#x6f;&#110;&#x6a;&#97;&#x2e;t&#x65;r&#104;&#x61;&#108;&#x6c;e&#x40;g&#x73;&#x2d;&#115;&#x6f;&#101;&#x67;e&#x6c;&#46;&#100;&#x65;\">&#x73;o&#x6e;&#106;&#x61;&#46;t&#x65;r&#x68;&#97;&#x6c;&#108;e&#x40;&#103;&#x73;&#45;s&#x6f;e&#x67;&#101;&#x6c;&#46;d&#x65;<\/a><\/li>\n<\/ul>\n<\/li>\n<\/ul>\n","protected":false},"excerpt":{"rendered":"<p>Wir sind Chantal Sophie van der Meij-Martin und Sonja Terhalle, die Sozialarbeiterinnen an der Bernhardschule. . Zu unseren Aufgaben geh\u00f6rt: Unterst\u00fctzung bei Konfliktsituationen Unterst\u00fctzung der Lehrkr\u00e4fte Sch\u00fcler*innen- und Elterngespr\u00e4che Projektentwicklung Vermittlung von externen Hilfsangeboten Sozialtraining oder auch einfach mal ein offenes Ohr haben Einzelfallhilfe \/ Gruppenarbeit Sozial- und Verhaltenstraining in Klassen sowie in der Einzelarbeit Betreuungsangebote . Frau Martin ist zust\u00e4ndig f\u00fcr die Anliegen des Schulkindergartens sowie der Klasse 1 und 2. Frau Terhalle ist zust\u00e4ndig f\u00fcr die Anliegen der&#8230;<\/p>\n<p class=\"read-more\"><a class=\"btn btn-default\" href=\"https:\/\/wordpress.nibis.de\/gsbernhard\/schulsozialarbeit\/\">Weiterlesen<span class=\"screen-reader-text\"> Weiterlesen<\/span><\/a><\/p>\n","protected":false},"author":1002,"featured_media":0,"parent":0,"menu_order":0,"comment_status":"closed","ping_status":"closed","template":"","meta":{"footnotes":""},"class_list":["post-4432","page","type-page","status-publish","hentry"],"_links":{"self":[{"href":"https:\/\/wordpress.nibis.de\/gsbernhard\/wp-json\/wp\/v2\/pages\/4432","targetHints":{"allow":["GET"]}}],"collection":[{"href":"https:\/\/wordpress.nibis.de\/gsbernhard\/wp-json\/wp\/v2\/pages"}],"about":[{"href":"https:\/\/wordpress.nibis.de\/gsbernhard\/wp-json\/wp\/v2\/types\/page"}],"author":[{"embeddable":true,"href":"https:\/\/wordpress.nibis.de\/gsbernhard\/wp-json\/wp\/v2\/users\/1002"}],"replies":[{"embeddable":true,"href":"https:\/\/wordpress.nibis.de\/gsbernhard\/wp-json\/wp\/v2\/comments?post=4432"}],"version-history":[{"count":2,"href":"https:\/\/wordpress.nibis.de\/gsbernhard\/wp-json\/wp\/v2\/pages\/4432\/revisions"}],"predecessor-version":[{"id":4442,"href":"https:\/\/wordpress.nibis.de\/gsbernhard\/wp-json\/wp\/v2\/pages\/4432\/revisions\/4442"}],"wp:attachment":[{"href":"https:\/\/wordpress.nibis.de\/gsbernhard\/wp-json\/wp\/v2\/media?parent=4432"}],"curies":[{"name":"wp","href":"https:\/\/api.w.org\/{rel}","templated":true}]}}