{"id":5012,"date":"2026-04-09T07:17:38","date_gmt":"2026-04-09T05:17:38","guid":{"rendered":"https:\/\/wordpress.nibis.de\/gsbernhard\/?page_id=5012"},"modified":"2026-04-09T07:22:23","modified_gmt":"2026-04-09T05:22:23","slug":"kooperationen-im-ueberblick","status":"publish","type":"page","link":"https:\/\/wordpress.nibis.de\/gsbernhard\/kooperationen-im-ueberblick\/","title":{"rendered":"Kooperationen im \u00dcberblick"},"content":{"rendered":"\n<p><strong>Unsere Kooperationspartner:<\/strong><\/p>\n<ul>\n<li>Familienzentrum St. Jakobus<\/li>\n<li>Heilp\u00e4dagogischer Kindergarten Papenburg (HPK) St. Lukas Heim<\/li>\n<li>Sprachheilkindergarten S\u00f6gel (St. Lukas Heim)<\/li>\n<li>KiTa Arche Noah<\/li>\n<li>Kindergarten Kunterbunt<\/li>\n<li>Kindergarten Sonnenh\u00fcgel<br \/><span style=\"color: #ffffff\">&#8211;<\/span><\/li>\n<li>H\u00fcmmling-Gymnasium S\u00f6gel<\/li>\n<li>Schule am Schloss<br \/><span style=\"color: #ffffff\">&#8211;<\/span><\/li>\n<li>Johannesburg (Surwold)<\/li>\n<li>Schule am Draiberg &#8211; F\u00f6rderschule Sprache mit Mobilem Dienst Sehen (Aschendorf)<\/li>\n<li>Musikschule des Emslandes<\/li>\n<li>Emslandmuseum Schloss Clemenswerth<\/li>\n<li>ASC G\u00f6ttingen<\/li>\n<li>Kreissportbund Emsland<\/li>\n<\/ul>\n<ul>\n<li>UBZ Vrees<\/li>\n<li>Naturpark H\u00fcmmling<\/li>\n<\/ul>\n","protected":false},"excerpt":{"rendered":"<p>Unsere Kooperationspartner: Familienzentrum St. Jakobus Heilp\u00e4dagogischer Kindergarten Papenburg (HPK) St. Lukas Heim Sprachheilkindergarten S\u00f6gel (St. Lukas Heim) KiTa Arche Noah Kindergarten Kunterbunt Kindergarten Sonnenh\u00fcgel&#8211; H\u00fcmmling-Gymnasium S\u00f6gel Schule am Schloss&#8211; Johannesburg (Surwold) Schule am Draiberg &#8211; F\u00f6rderschule Sprache mit Mobilem Dienst Sehen (Aschendorf) Musikschule des Emslandes Emslandmuseum Schloss Clemenswerth ASC G\u00f6ttingen Kreissportbund Emsland UBZ Vrees Naturpark H\u00fcmmling<\/p>\n","protected":false},"author":1002,"featured_media":0,"parent":0,"menu_order":0,"comment_status":"closed","ping_status":"closed","template":"","meta":{"footnotes":""},"class_list":["post-5012","page","type-page","status-publish","hentry"],"_links":{"self":[{"href":"https:\/\/wordpress.nibis.de\/gsbernhard\/wp-json\/wp\/v2\/pages\/5012","targetHints":{"allow":["GET"]}}],"collection":[{"href":"https:\/\/wordpress.nibis.de\/gsbernhard\/wp-json\/wp\/v2\/pages"}],"about":[{"href":"https:\/\/wordpress.nibis.de\/gsbernhard\/wp-json\/wp\/v2\/types\/page"}],"author":[{"embeddable":true,"href":"https:\/\/wordpress.nibis.de\/gsbernhard\/wp-json\/wp\/v2\/users\/1002"}],"replies":[{"embeddable":true,"href":"https:\/\/wordpress.nibis.de\/gsbernhard\/wp-json\/wp\/v2\/comments?post=5012"}],"version-history":[{"count":4,"href":"https:\/\/wordpress.nibis.de\/gsbernhard\/wp-json\/wp\/v2\/pages\/5012\/revisions"}],"predecessor-version":[{"id":5020,"href":"https:\/\/wordpress.nibis.de\/gsbernhard\/wp-json\/wp\/v2\/pages\/5012\/revisions\/5020"}],"wp:attachment":[{"href":"https:\/\/wordpress.nibis.de\/gsbernhard\/wp-json\/wp\/v2\/media?parent=5012"}],"curies":[{"name":"wp","href":"https:\/\/api.w.org\/{rel}","templated":true}]}}