{"id":5031,"date":"2026-05-07T07:12:04","date_gmt":"2026-05-07T05:12:04","guid":{"rendered":"https:\/\/wordpress.nibis.de\/gsbernhard\/?page_id=5031"},"modified":"2026-05-07T07:12:04","modified_gmt":"2026-05-07T05:12:04","slug":"streitschlichter","status":"publish","type":"page","link":"https:\/\/wordpress.nibis.de\/gsbernhard\/streitschlichter\/","title":{"rendered":"Streitschlichter"},"content":{"rendered":"\n<p>An unserer Schule wurden erfolgreich 12 neue Streitschlichter*innen ausgebildet. In einem AG Angebot welches \u00fcber ein Halbjahr andauerte, erlernten die Sch\u00fcler*innen wichtige F\u00e4higkeiten um Streitgespr\u00e4che f\u00fchren zu k\u00f6nnen.<br \/>Die frisch ausgebildeten Streitschlichter stehen nun ihren Mitsch\u00fcler*innen bei Konflikten unterst\u00fctzend zur Seite. Ziel ist es, Streitigkeiten eigenst\u00e4ndig und respektvoll zu kl\u00e4ren und so das soziale Miteinander an unserer Schule weiter zu st\u00e4rken.<br \/>Wir freuen uns \u00fcber das Engagement der Teilnehmenden und w\u00fcnschen ihnen viel Erfolg bei ihrer wichtigen Aufgabe!<\/p>\n<div class=\"wp-block-image\"><img loading=\"lazy\" decoding=\"async\" class=\"wpa-warning wpa-image-missing-alt aligncenter size-full wp-image-5029\" src=\"https:\/\/wordpress.nibis.de\/gsbernhard\/files\/2026\/05\/Streitschlichter-2026.png\" alt=\"\" width=\"800\" height=\"597\" data-warning=\"Missing alt text\" srcset=\"https:\/\/wordpress.nibis.de\/gsbernhard\/files\/2026\/05\/Streitschlichter-2026.png 800w, https:\/\/wordpress.nibis.de\/gsbernhard\/files\/2026\/05\/Streitschlichter-2026-100x75.png 100w, https:\/\/wordpress.nibis.de\/gsbernhard\/files\/2026\/05\/Streitschlichter-2026-362x270.png 362w\" sizes=\"auto, (max-width: 800px) 100vw, 800px\" \/><\/div>\n","protected":false},"excerpt":{"rendered":"<p>An unserer Schule wurden erfolgreich 12 neue Streitschlichter*innen ausgebildet. In einem AG Angebot welches \u00fcber ein Halbjahr andauerte, erlernten die Sch\u00fcler*innen wichtige F\u00e4higkeiten um Streitgespr\u00e4che f\u00fchren zu k\u00f6nnen.Die frisch ausgebildeten Streitschlichter stehen nun ihren Mitsch\u00fcler*innen bei Konflikten unterst\u00fctzend zur Seite. Ziel ist es, Streitigkeiten eigenst\u00e4ndig und respektvoll zu kl\u00e4ren und so das soziale Miteinander an unserer Schule weiter zu st\u00e4rken.Wir freuen uns \u00fcber das Engagement der Teilnehmenden und w\u00fcnschen ihnen viel Erfolg bei ihrer wichtigen Aufgabe!<\/p>\n","protected":false},"author":1002,"featured_media":0,"parent":0,"menu_order":0,"comment_status":"closed","ping_status":"closed","template":"","meta":{"footnotes":""},"class_list":["post-5031","page","type-page","status-publish","hentry"],"_links":{"self":[{"href":"https:\/\/wordpress.nibis.de\/gsbernhard\/wp-json\/wp\/v2\/pages\/5031","targetHints":{"allow":["GET"]}}],"collection":[{"href":"https:\/\/wordpress.nibis.de\/gsbernhard\/wp-json\/wp\/v2\/pages"}],"about":[{"href":"https:\/\/wordpress.nibis.de\/gsbernhard\/wp-json\/wp\/v2\/types\/page"}],"author":[{"embeddable":true,"href":"https:\/\/wordpress.nibis.de\/gsbernhard\/wp-json\/wp\/v2\/users\/1002"}],"replies":[{"embeddable":true,"href":"https:\/\/wordpress.nibis.de\/gsbernhard\/wp-json\/wp\/v2\/comments?post=5031"}],"version-history":[{"count":1,"href":"https:\/\/wordpress.nibis.de\/gsbernhard\/wp-json\/wp\/v2\/pages\/5031\/revisions"}],"predecessor-version":[{"id":5032,"href":"https:\/\/wordpress.nibis.de\/gsbernhard\/wp-json\/wp\/v2\/pages\/5031\/revisions\/5032"}],"wp:attachment":[{"href":"https:\/\/wordpress.nibis.de\/gsbernhard\/wp-json\/wp\/v2\/media?parent=5031"}],"curies":[{"name":"wp","href":"https:\/\/api.w.org\/{rel}","templated":true}]}}