{"id":611,"date":"2016-10-23T13:16:31","date_gmt":"2016-10-23T11:16:31","guid":{"rendered":"http:\/\/wordpress.nibis.de\/gsbernhard\/?page_id=611"},"modified":"2023-08-28T17:52:39","modified_gmt":"2023-08-28T15:52:39","slug":"schulgeschichte","status":"publish","type":"page","link":"https:\/\/wordpress.nibis.de\/gsbernhard\/schulgeschichte\/","title":{"rendered":"Schulgeschichte"},"content":{"rendered":"<h2>Die Geschichte der Bernhardschule<\/h2>\n<p>Die Schule in S\u00f6gel, die seit jeher zwischen der Kirche und der Clemens-August-Stra\u00dfe stand, wird das erste Mal 1617 erw\u00e4hnt. Wiederholt wurde hier das Geb\u00e4ude abgerissen und durch ein neues ersetzt, da es entweder bauf\u00e4llig oder zu klein geworden war.<img loading=\"lazy\" decoding=\"async\" class=\"wp-image-612 size-full aligncenter\" src=\"http:\/\/wordpress.nibis.de\/gsbernhard\/files\/2016\/10\/Alte-Schule-1.png\" alt=\"alte-schule-1\" width=\"297\" height=\"224\" \/><\/p>\n<p>Zu Beginn des 19. Jahrhunderts war das damalige Schulgeb\u00e4ude wieder zu klein geworden. Man erbaute daher ein neues, das so angelegt war, dass durch eine Trennmauer zwei Klassenzimmer eingerichtet werden konnten.<\/p>\n<p><img loading=\"lazy\" decoding=\"async\" class=\"aligncenter wp-image-614 size-full\" src=\"http:\/\/wordpress.nibis.de\/gsbernhard\/files\/2016\/10\/Alte-Schule-2.png\" alt=\"alte-schule-2\" width=\"358\" height=\"229\" \/><\/p>\n<p>Wie klein jedoch auch diese beiden Zimmer waren, geht aus einer diesbez\u00fcglichen Beschwerde des S\u00f6geler Apothekers Robert Trautmann im Jahre 1861 hervor, der folgende Ma\u00dfe angibt:<\/p>\n<ol>\n<li>Klassenzimmer 66 qm ( 90 Sch\u00fcler )<\/li>\n<li>Klassenzimmer 35 qm ( 80 Sch\u00fcler )<\/li>\n<\/ol>\n<p>Er sah in der Beengtheit der R\u00e4umlichkeiten Gefahren f\u00fcr die Gesundheit der Kinder.<\/p>\n<p>Erst 1875 besserten sich die Verh\u00e4ltnisse, als die Schule dreiklassig wurde. Die Unter- und Mittelklasse blieben im alten Schulgeb\u00e4ude,\u00a0 die Oberklasse zog nun in einen gemieteten Raum.<\/p>\n<p><img loading=\"lazy\" decoding=\"async\" class=\"aligncenter wp-image-615 size-full\" src=\"http:\/\/wordpress.nibis.de\/gsbernhard\/files\/2016\/10\/Alte-Schule-3.png\" alt=\"alte-schule-3\" width=\"323\" height=\"227\" \/><\/p>\n<p>Im Jahre 1903 wurde an der Wahner Stra\u00dfe die Josephschule gebaut, die dann die Oberstufe aufnahm.<\/p>\n<p>Bereits Ende der 20er Jahre des letzten Jahrhunderts musste schon wieder an eine Schulerweiterung oder an einen Schulneubau gedacht werden, da die Sch\u00fclerzahl stetig stieg. Man kam aber zu der \u00dcberzeugung, dass ein Neubau sicher lohnend sei. Berechnungen und Kostenanschl\u00e4ge wurden aufgestellt, denn ein solches Vorhaben musste finanzierbar sein. So baute man dann die Bernhardschule, die im Jahre 1930 eingeweiht werden konnte.<\/p>\n<figure id=\"attachment_618\" aria-describedby=\"caption-attachment-618\" style=\"width: 225px\" class=\"wp-caption aligncenter\"><img loading=\"lazy\" decoding=\"async\" class=\"wp-image-618 size-full\" src=\"http:\/\/wordpress.nibis.de\/gsbernhard\/files\/2016\/10\/Pfarrer-Bernhard-Husmann.jpg\" alt=\"pfarrer-bernhard-husmann\" width=\"225\" height=\"243\" \/><figcaption id=\"caption-attachment-618\" class=\"wp-caption-text\">Pfarrer Bernhard Husmann<\/figcaption><\/figure>\n<p>Vor allem Pfarrer Bernhard Husmann hatte sich f\u00fcr den Bau dieser Schule eingesetzt. Er war immer wieder mahnend aufgetreten, wenn das Vorhaben zu erlahmen drohte. Als Dank f\u00fcr diesen Einsatz gab man der Schule seinen Namen: Bernhardschule.<\/p>\n<figure id=\"attachment_616\" aria-describedby=\"caption-attachment-616\" style=\"width: 389px\" class=\"wp-caption aligncenter\"><img loading=\"lazy\" decoding=\"async\" class=\"wp-image-616 size-full\" src=\"http:\/\/wordpress.nibis.de\/gsbernhard\/files\/2016\/10\/Alte-Schule-4-Bernhardschule-mit-Lehrerhaus.png\" alt=\"alte-schule-4-bernhardschule-mit-lehrerhaus\" width=\"389\" height=\"290\" \/><figcaption id=\"caption-attachment-616\" class=\"wp-caption-text\">Bernhardschule mit Lehrerhaus 1930<\/figcaption><\/figure>\n<p>Inzwischen hat sich unsere Schule m\u00e4chtig erweitert. Stetig steigende Sch\u00fclerzahlen bewirkten immer neue Anbauten. In den 50iger Jahren entstand der fr\u00fchere Hauptschultrakt. Es folgte der Trakt mit K\u00fcche und Werkraum.<\/p>\n<figure id=\"attachment_619\" aria-describedby=\"caption-attachment-619\" style=\"width: 317px\" class=\"wp-caption aligncenter\"><img loading=\"lazy\" decoding=\"async\" class=\"wp-image-619 size-full\" src=\"http:\/\/wordpress.nibis.de\/gsbernhard\/files\/2016\/10\/ALte-Schule-6-50er-Hauptschultrakt.png\" alt=\"alte-schule-6-50er-hauptschultrakt\" width=\"317\" height=\"174\" \/><figcaption id=\"caption-attachment-619\" class=\"wp-caption-text\">Anbau Hauptschultrakt<\/figcaption><\/figure>\n<p>\u00a0<\/p>\n<figure id=\"attachment_620\" aria-describedby=\"caption-attachment-620\" style=\"width: 248px\" class=\"wp-caption aligncenter\"><img loading=\"lazy\" decoding=\"async\" class=\"wp-image-620 size-full\" src=\"http:\/\/wordpress.nibis.de\/gsbernhard\/files\/2016\/10\/Alte-Schule-7-K\u00fcche-und-Werkraum.png\" alt=\"alte-schule-7-kueche-und-werkraum\" width=\"248\" height=\"189\" \/><figcaption id=\"caption-attachment-620\" class=\"wp-caption-text\">Anbau mit K\u00fcche und Werkraum<\/figcaption><\/figure>\n<p>Der ehemalige Grundschultrakt wurde 1969\u00a0 eingeweiht:<\/p>\n<p><img loading=\"lazy\" decoding=\"async\" class=\"aligncenter wp-image-621 size-full\" src=\"http:\/\/wordpress.nibis.de\/gsbernhard\/files\/2016\/10\/Alte-Schule-8-1969-Grundschultrakt.png\" alt=\"alte-schule-8-1969-grundschultrakt\" width=\"548\" height=\"292\" \/><\/p>\n<p>Ende der 80er Jahre erfolgte der n\u00e4chste Anbau mit dem Musikraum bzw. unserer kleinen Aula:<\/p>\n<p><img loading=\"lazy\" decoding=\"async\" class=\"aligncenter wp-image-622 size-full\" src=\"http:\/\/wordpress.nibis.de\/gsbernhard\/files\/2016\/10\/Alte-Schule-9-Ende-80er-Anbau-Musikraum.png\" alt=\"alte-schule-9-ende-80er-anbau-musikraum\" width=\"410\" height=\"272\" \/><\/p>\n<p>Seit\u00a0 1994\u00a0\u00a0 ist die Bernhardschule eine Ganztagsschule. Die Kinder k\u00f6nnen von 7.55 Uhr bis 15.30 Uhr in der Schule betreut werden. Auch ein leckeres Mittagessen wird angeboten. Nachmittags laufen viele Arbeitsgemeinschaften. Seit dem 1. August 2009 ist die Bernhardschule selbstst\u00e4ndige Grundschule. Die Hauptschule wurde an die Realschule angegliedert.<\/p>\n<h3>Die Schulleiter der Bernhardschule seit 1930:<\/h3>\n\n<table id=\"tablepress-16\" class=\"tablepress tablepress-id-16\">\n<tbody>\n<tr class=\"row-1\">\n\t<td class=\"column-1\"><figure id=\"attachment_639\" aria-describedby=\"caption-attachment-639\" style=\"width: 195px\" class=\"wp-caption aligncenter\"><img loading=\"lazy\" decoding=\"async\" src=\"http:\/\/wordpress.nibis.de\/gsbernhard\/files\/2016\/10\/1.-Herr-Pielage-1930-1946.jpg\" alt=\"Herr Pielage  1930 - 1946\" width=\"195\" height=\"288\" class=\"size-full wp-image-639\" \/><figcaption id=\"caption-attachment-639\" class=\"wp-caption-text\">Herr Pielage<br \/>1930 - 1946<\/figcaption><\/figure><\/td><td class=\"column-2\"><figure id=\"attachment_632\" aria-describedby=\"caption-attachment-632\" style=\"width: 194px\" class=\"wp-caption aligncenter\"><img loading=\"lazy\" decoding=\"async\" src=\"http:\/\/wordpress.nibis.de\/gsbernhard\/files\/2016\/10\/2.-Herr-Wellenbrock-1947-1960.jpg\" alt=\"Herr-Wellenbrock 1947-1960\" width=\"194\" height=\"288\" class=\"size-full wp-image-632\" \/><figcaption id=\"caption-attachment-632\" class=\"wp-caption-text\">Herr Wellenbrock<br \/>1947-1960<\/figcaption><\/figure><\/td><td class=\"column-3\"><figure id=\"attachment_633\" aria-describedby=\"caption-attachment-633\" style=\"width: 191px\" class=\"wp-caption aligncenter\"><img loading=\"lazy\" decoding=\"async\" src=\"http:\/\/wordpress.nibis.de\/gsbernhard\/files\/2016\/10\/3.-Herr-Westerfeld-1961-1963.jpg\" alt=\"Herr-Westerfeld 1961-1963\" width=\"191\" height=\"271\" class=\"size-full wp-image-633\" \/><figcaption id=\"caption-attachment-633\" class=\"wp-caption-text\">Herr Westerfeld<br \/>1961-1963<\/figcaption><\/figure><\/td>\n<\/tr>\n<tr class=\"row-2\">\n\t<td class=\"column-1\"><figure id=\"attachment_634\" aria-describedby=\"caption-attachment-634\" style=\"width: 192px\" class=\"wp-caption aligncenter\"><img loading=\"lazy\" decoding=\"async\" src=\"http:\/\/wordpress.nibis.de\/gsbernhard\/files\/2016\/10\/4.-Herr-Fiegert-1964-1985.jpg\" alt=\"Herr-Fiegert 1964-1985\" width=\"192\" height=\"273\" class=\"size-full wp-image-634\" \/><figcaption id=\"caption-attachment-634\" class=\"wp-caption-text\">Herr Fiegert<br \/>1964-1985<\/figcaption><\/figure><\/td><td class=\"column-2\"><figure id=\"attachment_635\" aria-describedby=\"caption-attachment-635\" style=\"width: 189px\" class=\"wp-caption aligncenter\"><img loading=\"lazy\" decoding=\"async\" src=\"http:\/\/wordpress.nibis.de\/gsbernhard\/files\/2016\/10\/5.-Herr-Hilbers-1986-2000.jpg\" alt=\"Herr-Hilbers 1986-2000\" width=\"189\" height=\"273\" class=\"size-full wp-image-635\" \/><figcaption id=\"caption-attachment-635\" class=\"wp-caption-text\">Herr Hilbers<br \/>1986-2000<\/figcaption><\/figure><\/td><td class=\"column-3\"><figure id=\"attachment_636\" aria-describedby=\"caption-attachment-636\" style=\"width: 186px\" class=\"wp-caption aligncenter\"><img loading=\"lazy\" decoding=\"async\" src=\"http:\/\/wordpress.nibis.de\/gsbernhard\/files\/2016\/10\/6.-Herr-Kaplan-seit-2001.jpg\" alt=\"Herr-Kaplan 2001-2018\" width=\"186\" height=\"270\" class=\"size-full wp-image-636\" \/><figcaption id=\"caption-attachment-636\" class=\"wp-caption-text\">Herr Kaplan<br \/>2001-2018<\/figcaption><\/figure><\/td>\n<\/tr>\n<tr class=\"row-3\">\n\t<td class=\"column-1\"><figure id=\"attachment_636\" aria-describedby=\"caption-attachment-636\" style=\"width: 186px\" class=\"wp-caption aligncenter\"><img loading=\"lazy\" decoding=\"async\" src=\"https:\/\/wordpress.nibis.de\/gsbernhard\/files\/2023\/08\/Silvia-Test-Schulhistorie.png\" alt=\"Frau-Schmit seit-2018\" width=\"200\" height=\"280\" class=\"size-full wp-image-636\" \/><figcaption id=\"caption-attachment-636\" class=\"wp-caption-text\">Frau Schmit<br \/>seit 2018<\/figcaption><\/figure><\/td><td class=\"column-2\"><\/td><td class=\"column-3\"><\/td>\n<\/tr>\n<\/tbody>\n<\/table>\n<!-- #tablepress-16 from cache -->\n<h3>Umbau des Schulhofes im Jahr 2013<\/h3>\n<p>In den letzten Jahren hat sich das Bild des Schulhofes stark ver\u00e4ndert. In zwei Abschnitten wurde dieser an die Bed\u00fcrfnisse einer Grundschule angepasst.<\/p>\n<p>Im Oktober 2013 begann der erste Teil der Schulhofumgestaltung. <img loading=\"lazy\" decoding=\"async\" class=\"aligncenter wp-image-624 size-full\" src=\"http:\/\/wordpress.nibis.de\/gsbernhard\/files\/2016\/10\/Schulhofumgestaltung-1.jpg\" alt=\"schulhofumgestaltung-1\" width=\"354\" height=\"238\" \/>Im September 2014 erfolgte dann der zweite Teil der Umgestaltung.<\/p>\n<p><img loading=\"lazy\" decoding=\"async\" class=\"aligncenter wp-image-625\" src=\"http:\/\/wordpress.nibis.de\/gsbernhard\/files\/2016\/10\/Schulhofumgestaltung-2-800x478.jpg\" alt=\"schulhofumgestaltung-2\" width=\"500\" height=\"375\" \/><\/p>\n<p>\u00a0<\/p>\n<p><strong>Neue Schulleitung und neues Schulgeb\u00e4ude<\/strong><\/p>\n<p>2018 \u00fcbernahm nun Silvia Schmit das Amt der Schulleitung. Kurze Zeit sp\u00e4ter folgte Martina Otten auf die Stelle als stellvertretende Schulleitung.<\/p>\n<figure id=\"attachment_2405\" aria-describedby=\"caption-attachment-2405\" style=\"width: 320px\" class=\"wp-caption alignleft\"><img loading=\"lazy\" decoding=\"async\" class=\" wp-image-2405\" src=\"https:\/\/wordpress.nibis.de\/gsbernhard\/files\/2018\/09\/Silvia-Schmit-Schulleiterin.jpg\" alt=\"\" width=\"320\" height=\"213\" \/><figcaption id=\"caption-attachment-2405\" class=\"wp-caption-text\">Silvia Schmit, Schulleiterin<\/figcaption><\/figure>\n<p>\u00a0<\/p>\n<figure id=\"attachment_2406\" aria-describedby=\"caption-attachment-2406\" style=\"width: 305px\" class=\"wp-caption alignright\"><img loading=\"lazy\" decoding=\"async\" class=\" wp-image-2406\" src=\"https:\/\/wordpress.nibis.de\/gsbernhard\/files\/2018\/09\/Martina-Otten-Konrektorin.jpg\" alt=\"\" width=\"305\" height=\"203\" \/><figcaption id=\"caption-attachment-2406\" class=\"wp-caption-text\">Martina Otten, Konrektorin<\/figcaption><\/figure>\n<p>\u00a0<\/p>\n<p>\u00a0<\/p>\n<p>\u00a0<\/p>\n<p><strong>Neues Schulgeb\u00e4ude<\/strong><\/p>\n<p>Im Jahr 2019 startete an der Bernhardschule der Neu- und Umbau des Schulgeb\u00e4udes. Alte Teile des Geb\u00e4udes wurden daf\u00fcr vollst\u00e4ndig abgerissen und in moderner Weise neu geplant und gebaut. Der historische Teil des Schulgeb\u00e4udes wurde hingegen umfangreich saniert und zum neuen Verwaltungstrakt der Schule umgebaut. Dort finden sich nun die B\u00fcros der Schulleitung, das Sekretariat sowie das neue Lehrerzimmer im Obergeschoss.<\/p>\n<p><img loading=\"lazy\" decoding=\"async\" class=\"wp-image-3856 aligncenter\" src=\"https:\/\/wordpress.nibis.de\/gsbernhard\/files\/2023\/04\/Bild-Neubau-Top-Ansicht.png\" alt=\"\" width=\"474\" height=\"359\" \/><\/p>\n<p><img loading=\"lazy\" decoding=\"async\" class=\"wp-image-3857 aligncenter\" src=\"https:\/\/wordpress.nibis.de\/gsbernhard\/files\/2023\/04\/Bild-neuer-Klassenraum-Homepage-1.png\" alt=\"\" width=\"476\" height=\"363\" \/><\/p>\n\n","protected":false},"excerpt":{"rendered":"<p>Die Geschichte der Bernhardschule Die Schule in S\u00f6gel, die seit jeher zwischen der Kirche und der Clemens-August-Stra\u00dfe stand, wird das erste Mal 1617 erw\u00e4hnt. Wiederholt wurde hier das Geb\u00e4ude abgerissen und durch ein neues ersetzt, da es entweder bauf\u00e4llig oder zu klein geworden war. Zu Beginn des 19. Jahrhunderts war das damalige Schulgeb\u00e4ude wieder zu klein geworden. Man erbaute daher ein neues, das so angelegt war, dass durch eine Trennmauer zwei Klassenzimmer eingerichtet werden konnten. Wie klein jedoch auch diese&#8230;<\/p>\n<p class=\"read-more\"><a class=\"btn btn-default\" href=\"https:\/\/wordpress.nibis.de\/gsbernhard\/schulgeschichte\/\">Weiterlesen<span class=\"screen-reader-text\"> Weiterlesen<\/span><\/a><\/p>\n","protected":false},"author":1002,"featured_media":0,"parent":0,"menu_order":0,"comment_status":"closed","ping_status":"closed","template":"","meta":{"footnotes":""},"class_list":["post-611","page","type-page","status-publish","hentry"],"_links":{"self":[{"href":"https:\/\/wordpress.nibis.de\/gsbernhard\/wp-json\/wp\/v2\/pages\/611","targetHints":{"allow":["GET"]}}],"collection":[{"href":"https:\/\/wordpress.nibis.de\/gsbernhard\/wp-json\/wp\/v2\/pages"}],"about":[{"href":"https:\/\/wordpress.nibis.de\/gsbernhard\/wp-json\/wp\/v2\/types\/page"}],"author":[{"embeddable":true,"href":"https:\/\/wordpress.nibis.de\/gsbernhard\/wp-json\/wp\/v2\/users\/1002"}],"replies":[{"embeddable":true,"href":"https:\/\/wordpress.nibis.de\/gsbernhard\/wp-json\/wp\/v2\/comments?post=611"}],"version-history":[{"count":24,"href":"https:\/\/wordpress.nibis.de\/gsbernhard\/wp-json\/wp\/v2\/pages\/611\/revisions"}],"predecessor-version":[{"id":3969,"href":"https:\/\/wordpress.nibis.de\/gsbernhard\/wp-json\/wp\/v2\/pages\/611\/revisions\/3969"}],"wp:attachment":[{"href":"https:\/\/wordpress.nibis.de\/gsbernhard\/wp-json\/wp\/v2\/media?parent=611"}],"curies":[{"name":"wp","href":"https:\/\/api.w.org\/{rel}","templated":true}]}}