{"id":72,"date":"2016-05-08T12:57:28","date_gmt":"2016-05-08T10:57:28","guid":{"rendered":"http:\/\/wordpress.nibis.de\/gsbernhard\/?page_id=72"},"modified":"2025-02-26T07:36:26","modified_gmt":"2025-02-26T06:36:26","slug":"unser-team","status":"publish","type":"page","link":"https:\/\/wordpress.nibis.de\/gsbernhard\/unser-team\/","title":{"rendered":"Unser Team"},"content":{"rendered":"<h2>Kollegium 2024\/2025<\/h2>\n<p><img loading=\"lazy\" decoding=\"async\" class=\"aligncenter  wp-image-4418\" src=\"https:\/\/wordpress.nibis.de\/gsbernhard\/files\/2025\/02\/Kollegiumsfoto-2024-2025-HOMEPAGE.png\" alt=\"\" width=\"829\" height=\"552\" srcset=\"https:\/\/wordpress.nibis.de\/gsbernhard\/files\/2025\/02\/Kollegiumsfoto-2024-2025-HOMEPAGE.png 1324w, https:\/\/wordpress.nibis.de\/gsbernhard\/files\/2025\/02\/Kollegiumsfoto-2024-2025-HOMEPAGE-406x270.png 406w\" sizes=\"auto, (max-width: 829px) 100vw, 829px\" \/><\/p>\n<p><span style=\"color: #ffffff\">.<\/span><\/p>\n<p><span style=\"color: #ffffff\">.<\/span><\/p>\n<p style=\"text-align: center\"><img loading=\"lazy\" decoding=\"async\" class=\"aligncenter wp-image-2405\" src=\"http:\/\/wordpress.nibis.de\/gsbernhard\/files\/2018\/09\/Silvia-Schmit-Schulleiterin-800x478.jpg\" alt=\"\" width=\"400\" height=\"267\" \/><\/p>\n<h5 style=\"text-align: center\">Schulleiterin: Silvia Schmit<\/h5>\n<p><span style=\"color: #ffffff\">.<\/span><\/p>\n<p><img loading=\"lazy\" decoding=\"async\" class=\"aligncenter wp-image-2406\" src=\"http:\/\/wordpress.nibis.de\/gsbernhard\/files\/2018\/09\/Martina-Otten-Konrektorin-800x478.jpg\" alt=\"\" width=\"400\" height=\"267\" \/><\/p>\n<h5 style=\"text-align: center\">Konrektorin: Martina Otten<\/h5>\n<p><span style=\"color: #ffffff\">.<\/span><\/p>\n<p><img loading=\"lazy\" decoding=\"async\" class=\"aligncenter wp-image-2407\" src=\"http:\/\/wordpress.nibis.de\/gsbernhard\/files\/2018\/09\/B\u00e4rbel-Herm\u00fchlen-Sekret\u00e4rin-800x478.jpg\" alt=\"\" width=\"400\" height=\"267\" \/><\/p>\n<h5 style=\"text-align: center\">Sekret\u00e4rin: B\u00e4rbel Herm\u00fchlen<\/h5>\n<p><img loading=\"lazy\" decoding=\"async\" class=\"aligncenter  wp-image-4148\" src=\"https:\/\/wordpress.nibis.de\/gsbernhard\/files\/2024\/04\/Bild-Tatjana-Homepage.png\" alt=\"\" width=\"320\" height=\"448\" srcset=\"https:\/\/wordpress.nibis.de\/gsbernhard\/files\/2024\/04\/Bild-Tatjana-Homepage.png 800w, https:\/\/wordpress.nibis.de\/gsbernhard\/files\/2024\/04\/Bild-Tatjana-Homepage-193x270.png 193w\" sizes=\"auto, (max-width: 320px) 100vw, 320px\" \/><\/p>\n<h5 style=\"text-align: center\">Sekret\u00e4rin: Tatjana Grotz<\/h5>\n<p><span style=\"color: #ffffff\">.<\/span><\/p>\n<p><img loading=\"lazy\" decoding=\"async\" class=\"aligncenter wp-image-2408\" src=\"http:\/\/wordpress.nibis.de\/gsbernhard\/files\/2018\/09\/Christian-Sievers-Hausmeister-800x478.jpg\" alt=\"\" width=\"400\" height=\"267\" \/><\/p>\n<h5 style=\"text-align: center\">Hausmeister: Christian Sievers<\/h5>\n","protected":false},"excerpt":{"rendered":"<p>Kollegium 2024\/2025 . . Schulleiterin: Silvia Schmit . Konrektorin: Martina Otten . Sekret\u00e4rin: B\u00e4rbel Herm\u00fchlen Sekret\u00e4rin: Tatjana Grotz . Hausmeister: Christian Sievers<\/p>\n","protected":false},"author":1002,"featured_media":0,"parent":0,"menu_order":0,"comment_status":"closed","ping_status":"closed","template":"","meta":{"footnotes":""},"class_list":["post-72","page","type-page","status-publish","hentry"],"_links":{"self":[{"href":"https:\/\/wordpress.nibis.de\/gsbernhard\/wp-json\/wp\/v2\/pages\/72","targetHints":{"allow":["GET"]}}],"collection":[{"href":"https:\/\/wordpress.nibis.de\/gsbernhard\/wp-json\/wp\/v2\/pages"}],"about":[{"href":"https:\/\/wordpress.nibis.de\/gsbernhard\/wp-json\/wp\/v2\/types\/page"}],"author":[{"embeddable":true,"href":"https:\/\/wordpress.nibis.de\/gsbernhard\/wp-json\/wp\/v2\/users\/1002"}],"replies":[{"embeddable":true,"href":"https:\/\/wordpress.nibis.de\/gsbernhard\/wp-json\/wp\/v2\/comments?post=72"}],"version-history":[{"count":21,"href":"https:\/\/wordpress.nibis.de\/gsbernhard\/wp-json\/wp\/v2\/pages\/72\/revisions"}],"predecessor-version":[{"id":4420,"href":"https:\/\/wordpress.nibis.de\/gsbernhard\/wp-json\/wp\/v2\/pages\/72\/revisions\/4420"}],"wp:attachment":[{"href":"https:\/\/wordpress.nibis.de\/gsbernhard\/wp-json\/wp\/v2\/media?parent=72"}],"curies":[{"name":"wp","href":"https:\/\/api.w.org\/{rel}","templated":true}]}}