{"id":78,"date":"2016-05-08T13:17:03","date_gmt":"2016-05-08T11:17:03","guid":{"rendered":"http:\/\/wordpress.nibis.de\/gsbernhard\/?page_id=78"},"modified":"2026-01-07T11:37:57","modified_gmt":"2026-01-07T10:37:57","slug":"foerderverein","status":"publish","type":"page","link":"https:\/\/wordpress.nibis.de\/gsbernhard\/foerderverein\/","title":{"rendered":"F\u00f6rderverein"},"content":{"rendered":"<div class=\"wp-block-image\"><img loading=\"lazy\" decoding=\"async\" class=\"wpa-warning wpa-image-missing-alt aligncenter  wp-image-4706\" src=\"https:\/\/wordpress.nibis.de\/gsbernhard\/files\/2026\/01\/IMG-20251119-WA0006.jpg\" alt=\"\" width=\"623\" height=\"831\" data-warning=\"Missing alt text\" srcset=\"https:\/\/wordpress.nibis.de\/gsbernhard\/files\/2026\/01\/IMG-20251119-WA0006.jpg 1200w, https:\/\/wordpress.nibis.de\/gsbernhard\/files\/2026\/01\/IMG-20251119-WA0006-100x133.jpg 100w, https:\/\/wordpress.nibis.de\/gsbernhard\/files\/2026\/01\/IMG-20251119-WA0006-1152x1536.jpg 1152w, https:\/\/wordpress.nibis.de\/gsbernhard\/files\/2026\/01\/IMG-20251119-WA0006-203x270.jpg 203w\" sizes=\"auto, (max-width: 623px) 100vw, 623px\" \/><\/div>\n<p>F\u00f6rderverein der Bernhardschule seit Februar 2023:<\/p>\n<table style=\"width: 55.5187%;height: 155px\">\n<tbody>\n<tr style=\"height: 22px\">\n<td style=\"height: 22px;width: 48.5931%\">1. Vorsitzender<\/td>\n<td style=\"height: 22px;width: 57.1806%\">Henning Lohmann<\/td>\n<\/tr>\n<tr style=\"height: 24px\">\n<td style=\"height: 24px;width: 48.5931%\">2. Vorsitzender<\/td>\n<td style=\"height: 24px;width: 57.1806%\">Michaela Schr\u00f6der<\/td>\n<\/tr>\n<tr style=\"height: 24px\">\n<td style=\"height: 24px;width: 48.5931%\">Kassenwartin<\/td>\n<td style=\"height: 24px;width: 57.1806%\">B\u00e4rbel Herm\u00fchlen<\/td>\n<\/tr>\n<tr style=\"height: 24px\">\n<td style=\"height: 24px;width: 48.5931%\">Schriftf\u00fchrerin<\/td>\n<td style=\"height: 24px;width: 57.1806%\">Meike Bruns<\/td>\n<\/tr>\n<tr style=\"height: 24px\">\n<td style=\"height: 24px;width: 48.5931%\">Kassenpr\u00fcferin<\/td>\n<td style=\"height: 24px;width: 57.1806%;text-align: left\">Irmgard Wolters<\/td>\n<\/tr>\n<tr style=\"height: 10px\">\n<td style=\"height: 10px;width: 48.5931%\">Beisitzerinnen<\/td>\n<td style=\"height: 10px;width: 57.1806%\">Bernd Sewerin<\/td>\n<\/tr>\n<\/tbody>\n<\/table>\n<h3><span style=\"color: #ffffff\">.<\/span><\/h3>\n<h3 style=\"text-align: left\"><span style=\"color: #99cc00\"><a style=\"color: #99cc00\" href=\"http:\/\/wordpress.nibis.de\/gsbernhard\/aufgaben-des-foerdervereins\/\">Unsere Aufgaben<\/a><\/span><\/h3>\n<h3><span style=\"color: #99cc00\"><a style=\"color: #99cc00\" href=\"http:\/\/wordpress.nibis.de\/gsbernhard\/projekte-des-foerdervereins\/\">Konkrete Projekte<\/a><\/span><\/h3>\n<h3 style=\"text-align: left\"><span style=\"color: #0000ff\"><a style=\"color: #0000ff\" href=\"http:\/\/wordpress.nibis.de\/gsbernhard\/beitrittserklaerung\/\"><span style=\"color: #99cc00\">Beitrittserkl\u00e4rung<\/span><\/a><\/span><\/h3>\n<p><span style=\"color: #ffffff\">.<\/span><\/p>\n<p>Wir freuen uns darauf, Sie bald im F\u00f6rderverein begr\u00fc\u00dfen zu d\u00fcrfen!<\/p>\n<p>Wenn Sie nicht Mitglied werden m\u00f6chten, w\u00fcrden wir uns auch \u00fcber jede kleine Spende freuen. F\u00fcr Ihre Spenden und Beitr\u00e4ge bekommen Sie von uns eine Spendenbescheinigung. Diese k\u00f6nnen Sie bei der Steuererkl\u00e4rung geltend machen.<\/p>\n<p>F\u00fcr Ihr Interesse bedanken wir uns herzlich, auch im Namen aller Sch\u00fcler, Eltern und Lehrer.<\/p>\n<h2><span style=\"color: #ffffff\">.<\/span><\/h2>\n<h2><strong>Bankverbindung:<\/strong><\/h2>\n<p>Sparkasse Emsland<\/p>\n<p>IBAN: DE06266500011101359139<br \/>\nBIC:\u00a0 NOLADE21EMS<br \/>\nDer Mindestbeitrag betr\u00e4t 15 Euro pro Jahr.<\/p>\n<div id=\"main\">\n<div id=\"container\">\n<div id=\"content\">\n<div id=\"post-396\" class=\"post-396 page type-page status-publish hentry\">\n<div class=\"entry-content\" style=\"text-align: left\"><\/div>\n<\/div>\n<\/div>\n<\/div>\n<\/div>\n","protected":false},"excerpt":{"rendered":"<p>F\u00f6rderverein der Bernhardschule seit Februar 2023: 1. Vorsitzender Henning Lohmann 2. Vorsitzender Michaela Schr\u00f6der Kassenwartin B\u00e4rbel Herm\u00fchlen Schriftf\u00fchrerin Meike Bruns Kassenpr\u00fcferin Irmgard Wolters Beisitzerinnen Bernd Sewerin . Unsere Aufgaben Konkrete Projekte Beitrittserkl\u00e4rung . Wir freuen uns darauf, Sie bald im F\u00f6rderverein begr\u00fc\u00dfen zu d\u00fcrfen! Wenn Sie nicht Mitglied werden m\u00f6chten, w\u00fcrden wir uns auch \u00fcber jede kleine Spende freuen. F\u00fcr Ihre Spenden und Beitr\u00e4ge bekommen Sie von uns eine Spendenbescheinigung. Diese k\u00f6nnen Sie bei der Steuererkl\u00e4rung geltend machen. F\u00fcr Ihr&#8230;<\/p>\n<p class=\"read-more\"><a class=\"btn btn-default\" href=\"https:\/\/wordpress.nibis.de\/gsbernhard\/foerderverein\/\">Weiterlesen<span class=\"screen-reader-text\"> Weiterlesen<\/span><\/a><\/p>\n","protected":false},"author":1002,"featured_media":0,"parent":0,"menu_order":0,"comment_status":"closed","ping_status":"closed","template":"onecolumn-page.php","meta":{"footnotes":""},"class_list":["post-78","page","type-page","status-publish","hentry"],"_links":{"self":[{"href":"https:\/\/wordpress.nibis.de\/gsbernhard\/wp-json\/wp\/v2\/pages\/78","targetHints":{"allow":["GET"]}}],"collection":[{"href":"https:\/\/wordpress.nibis.de\/gsbernhard\/wp-json\/wp\/v2\/pages"}],"about":[{"href":"https:\/\/wordpress.nibis.de\/gsbernhard\/wp-json\/wp\/v2\/types\/page"}],"author":[{"embeddable":true,"href":"https:\/\/wordpress.nibis.de\/gsbernhard\/wp-json\/wp\/v2\/users\/1002"}],"replies":[{"embeddable":true,"href":"https:\/\/wordpress.nibis.de\/gsbernhard\/wp-json\/wp\/v2\/comments?post=78"}],"version-history":[{"count":22,"href":"https:\/\/wordpress.nibis.de\/gsbernhard\/wp-json\/wp\/v2\/pages\/78\/revisions"}],"predecessor-version":[{"id":4708,"href":"https:\/\/wordpress.nibis.de\/gsbernhard\/wp-json\/wp\/v2\/pages\/78\/revisions\/4708"}],"wp:attachment":[{"href":"https:\/\/wordpress.nibis.de\/gsbernhard\/wp-json\/wp\/v2\/media?parent=78"}],"curies":[{"name":"wp","href":"https:\/\/api.w.org\/{rel}","templated":true}]}}