{"id":1093,"date":"2018-12-05T16:18:05","date_gmt":"2018-12-05T15:18:05","guid":{"rendered":"http:\/\/wordpress.nibis.de\/gsblender\/?page_id=1093"},"modified":"2025-10-26T10:37:26","modified_gmt":"2025-10-26T09:37:26","slug":"besuch-eines-landwirtschaftlichen-betriebes","status":"publish","type":"page","link":"https:\/\/wordpress.nibis.de\/gsblender\/aktivitaeten\/besuch-eines-landwirtschaftlichen-betriebes\/","title":{"rendered":"Besuch eines landwirtschaftlichen Betriebes"},"content":{"rendered":"<p><span style=\"font-size: 12pt\">Im Rahmen der Themen &#8222;Gesunde Ern\u00e4hrung&#8220; oder &#8222;Getreide&#8220; im Sachunterricht k\u00f6nnen die 3. Klassen einen landwirtschaftlichen Betrieb besuchen.<\/span><\/p>\n<p><span style=\"font-size: 12pt\">Zur Auswahl steht zum Beispiel der Besuch eines Milchviehbetriebes. Dort wird den Kindern die Entstehung der Milch n\u00e4her gebracht. Sie lernen etwas \u00fcber die Haltung, F\u00fctterung und den Melkvorgang im Melkstand. K\u00e4lber streicheln und Butter aus dem Rahm der Milch schlagen, geh\u00f6rt ebenfalls mit zum Programm. Zum Abschluss haben die Kinder auf der Weide die Gelegenheit, der\u00a0einen oder anderen Kuh n\u00e4her zu kommen.<\/span><\/p>\n<p><span style=\"font-size: 12pt\"><a href=\"http:\/\/wordpress.nibis.de\/gsblender\/files\/2018\/12\/Kuh3.jpg\"><img loading=\"lazy\" decoding=\"async\" class=\"wp-image-1106 alignleft\" src=\"http:\/\/wordpress.nibis.de\/gsblender\/files\/2018\/12\/Kuh3.jpg\" alt=\"\" width=\"300\" height=\"225\" srcset=\"https:\/\/wordpress.nibis.de\/gsblender\/files\/2018\/12\/Kuh3.jpg 1600w, https:\/\/wordpress.nibis.de\/gsblender\/files\/2018\/12\/Kuh3-300x225.jpg 300w\" sizes=\"auto, (max-width: 300px) 100vw, 300px\" \/><\/a><a href=\"http:\/\/wordpress.nibis.de\/gsblender\/files\/2018\/12\/KUH2.jpg\"><img loading=\"lazy\" decoding=\"async\" class=\"wp-image-1107 alignright\" src=\"http:\/\/wordpress.nibis.de\/gsblender\/files\/2018\/12\/KUH2.jpg\" alt=\"\" width=\"303\" height=\"227\" srcset=\"https:\/\/wordpress.nibis.de\/gsblender\/files\/2018\/12\/KUH2.jpg 1600w, https:\/\/wordpress.nibis.de\/gsblender\/files\/2018\/12\/KUH2-300x225.jpg 300w\" sizes=\"auto, (max-width: 303px) 100vw, 303px\" \/><\/a><\/span><\/p>\n","protected":false},"excerpt":{"rendered":"<p>Im Rahmen der Themen &#8222;Gesunde Ern\u00e4hrung&#8220; oder &#8222;Getreide&#8220; im Sachunterricht k\u00f6nnen die 3. Klassen einen landwirtschaftlichen Betrieb besuchen. Zur Auswahl steht zum Beispiel der Besuch eines Milchviehbetriebes. Dort wird den Kindern die Entstehung der Milch n\u00e4her gebracht. Sie lernen etwas \u00fcber die Haltung, F\u00fctterung und den Melkvorgang im Melkstand. K\u00e4lber streicheln und Butter aus dem &hellip; <a href=\"https:\/\/wordpress.nibis.de\/gsblender\/aktivitaeten\/besuch-eines-landwirtschaftlichen-betriebes\/\" class=\"more-link\"><span class=\"screen-reader-text\">Besuch eines landwirtschaftlichen Betriebes<\/span> weiterlesen<\/a><\/p>\n","protected":false},"author":666,"featured_media":1104,"parent":186,"menu_order":0,"comment_status":"closed","ping_status":"closed","template":"","meta":{"footnotes":""},"class_list":["post-1093","page","type-page","status-publish","has-post-thumbnail","hentry"],"_links":{"self":[{"href":"https:\/\/wordpress.nibis.de\/gsblender\/wp-json\/wp\/v2\/pages\/1093","targetHints":{"allow":["GET"]}}],"collection":[{"href":"https:\/\/wordpress.nibis.de\/gsblender\/wp-json\/wp\/v2\/pages"}],"about":[{"href":"https:\/\/wordpress.nibis.de\/gsblender\/wp-json\/wp\/v2\/types\/page"}],"author":[{"embeddable":true,"href":"https:\/\/wordpress.nibis.de\/gsblender\/wp-json\/wp\/v2\/users\/666"}],"replies":[{"embeddable":true,"href":"https:\/\/wordpress.nibis.de\/gsblender\/wp-json\/wp\/v2\/comments?post=1093"}],"version-history":[{"count":18,"href":"https:\/\/wordpress.nibis.de\/gsblender\/wp-json\/wp\/v2\/pages\/1093\/revisions"}],"predecessor-version":[{"id":2058,"href":"https:\/\/wordpress.nibis.de\/gsblender\/wp-json\/wp\/v2\/pages\/1093\/revisions\/2058"}],"up":[{"embeddable":true,"href":"https:\/\/wordpress.nibis.de\/gsblender\/wp-json\/wp\/v2\/pages\/186"}],"wp:featuredmedia":[{"embeddable":true,"href":"https:\/\/wordpress.nibis.de\/gsblender\/wp-json\/wp\/v2\/media\/1104"}],"wp:attachment":[{"href":"https:\/\/wordpress.nibis.de\/gsblender\/wp-json\/wp\/v2\/media?parent=1093"}],"curies":[{"name":"wp","href":"https:\/\/api.w.org\/{rel}","templated":true}]}}