{"id":111,"date":"2015-05-12T19:20:37","date_gmt":"2015-05-12T17:20:37","guid":{"rendered":"http:\/\/wordpress.nibis.de\/gsblender\/?page_id=111"},"modified":"2025-10-26T10:21:41","modified_gmt":"2025-10-26T09:21:41","slug":"verlaessliche-grundschule","status":"publish","type":"page","link":"https:\/\/wordpress.nibis.de\/gsblender\/verlaessliche-grundschule\/","title":{"rendered":"Verl\u00e4ssliche Grundschule \/ Betreuung"},"content":{"rendered":"<p style=\"text-align: justify\"><span style=\"font-size: 12pt\">Die Betreuung findet montags bis freitags in der Zeit von 11.45 Uhr bis 12.30 Uhr statt und wird \u00fcberwiegend von den p\u00e4dagogischen Mitarbeiterinnen gestaltet.<\/span><\/p>\n<p style=\"text-align: justify\"><span style=\"font-size: 12pt\">Die <a href=\"https:\/\/wordpress.nibis.de\/gsblender\/files\/2025\/09\/Anmeldung-Betreuung.pdf\">Anmeldung <\/a>erfolgt f\u00fcr ein halbes Jahr. Es besteht Anwesenheitspflicht.<\/span><\/p>\n<p style=\"text-align: justify\"><span style=\"font-size: 12pt\">Die Erstkl\u00e4ssler haben viermal die M\u00f6glichkeit in die Betreuung zu gehen, w\u00e4hrend die Zweitkl\u00e4ssler dreimal die Woche Betreuung haben. An den \u00fcbrigen zwei Tagen findet f\u00fcr sie Unterricht statt.<\/span><\/p>\n<p style=\"text-align: justify\"><span style=\"font-size: 12pt\">Der Schwerpunkt wird in der Betreuung\u00a0auf die F\u00f6rderung der Feinmotorik und des Sozialverhaltens gelegt.\u00a0Deshalb zielen alle stattfindenden Aktivit\u00e4ten unter anderem darauf, die Fingerfertigkeit zu verbessern. Auch das \u00dcben eines freundschaftlichen Umgangs und das gemeinsame Arbeiten stehen im Mittelpunkt.<\/span><\/p>\n","protected":false},"excerpt":{"rendered":"<p>Die Betreuung findet montags bis freitags in der Zeit von 11.45 Uhr bis 12.30 Uhr statt und wird \u00fcberwiegend von den p\u00e4dagogischen Mitarbeiterinnen gestaltet. Die Anmeldung erfolgt f\u00fcr ein halbes Jahr. Es besteht Anwesenheitspflicht. Die Erstkl\u00e4ssler haben viermal die M\u00f6glichkeit in die Betreuung zu gehen, w\u00e4hrend die Zweitkl\u00e4ssler dreimal die Woche Betreuung haben. An den &hellip; <a href=\"https:\/\/wordpress.nibis.de\/gsblender\/verlaessliche-grundschule\/\" class=\"more-link\"><span class=\"screen-reader-text\">Verl\u00e4ssliche Grundschule \/ Betreuung<\/span> weiterlesen<\/a><\/p>\n","protected":false},"author":666,"featured_media":0,"parent":0,"menu_order":0,"comment_status":"closed","ping_status":"closed","template":"","meta":{"footnotes":""},"class_list":["post-111","page","type-page","status-publish","hentry"],"_links":{"self":[{"href":"https:\/\/wordpress.nibis.de\/gsblender\/wp-json\/wp\/v2\/pages\/111","targetHints":{"allow":["GET"]}}],"collection":[{"href":"https:\/\/wordpress.nibis.de\/gsblender\/wp-json\/wp\/v2\/pages"}],"about":[{"href":"https:\/\/wordpress.nibis.de\/gsblender\/wp-json\/wp\/v2\/types\/page"}],"author":[{"embeddable":true,"href":"https:\/\/wordpress.nibis.de\/gsblender\/wp-json\/wp\/v2\/users\/666"}],"replies":[{"embeddable":true,"href":"https:\/\/wordpress.nibis.de\/gsblender\/wp-json\/wp\/v2\/comments?post=111"}],"version-history":[{"count":13,"href":"https:\/\/wordpress.nibis.de\/gsblender\/wp-json\/wp\/v2\/pages\/111\/revisions"}],"predecessor-version":[{"id":2055,"href":"https:\/\/wordpress.nibis.de\/gsblender\/wp-json\/wp\/v2\/pages\/111\/revisions\/2055"}],"wp:attachment":[{"href":"https:\/\/wordpress.nibis.de\/gsblender\/wp-json\/wp\/v2\/media?parent=111"}],"curies":[{"name":"wp","href":"https:\/\/api.w.org\/{rel}","templated":true}]}}