{"id":1695,"date":"2023-03-16T10:34:23","date_gmt":"2023-03-16T09:34:23","guid":{"rendered":"https:\/\/wordpress.nibis.de\/gsblender\/?page_id=1695"},"modified":"2023-03-16T10:52:06","modified_gmt":"2023-03-16T09:52:06","slug":"hausaufgaben-und-lernzeit","status":"publish","type":"page","link":"https:\/\/wordpress.nibis.de\/gsblender\/hausaufgaben-und-lernzeit\/","title":{"rendered":"Hausaufgaben- und Lernzeit"},"content":{"rendered":"\n<p>In der Hausaufgaben- und Lernzeit erledigen die Kinder ihre Hausaufgaben und sollen zu einem selbstst\u00e4ndigen Lernen hingef\u00fchrt werden. Hierf\u00fcr bedarf es die Unterst\u00fctzung des Elternhauses. Besprechen Sie gemeinsam mit Ihrem Kind, was es nach den erledigten Hausaufgaben noch \u00fcben k\u00f6nnte, um die Lernzeit effektiv zu nutzen.<\/p>\n<p>Die Hausaufgaben- und Lernzeit ersetzt nicht das regelm\u00e4\u00dfige Lernen zu Hause. Es ist vereinzelt auch m\u00f6glich, dass schriftliche Aufgaben in Heimarbeit beendet werden m\u00fcssen.<\/p>\n","protected":false},"excerpt":{"rendered":"<p>In der Hausaufgaben- und Lernzeit erledigen die Kinder ihre Hausaufgaben und sollen zu einem selbstst\u00e4ndigen Lernen hingef\u00fchrt werden. Hierf\u00fcr bedarf es die Unterst\u00fctzung des Elternhauses. Besprechen Sie gemeinsam mit Ihrem Kind, was es nach den erledigten Hausaufgaben noch \u00fcben k\u00f6nnte, um die Lernzeit effektiv zu nutzen. Die Hausaufgaben- und Lernzeit ersetzt nicht das regelm\u00e4\u00dfige Lernen &hellip; <a href=\"https:\/\/wordpress.nibis.de\/gsblender\/hausaufgaben-und-lernzeit\/\" class=\"more-link\"><span class=\"screen-reader-text\">Hausaufgaben- und Lernzeit<\/span> weiterlesen<\/a><\/p>\n","protected":false},"author":9193610,"featured_media":0,"parent":0,"menu_order":0,"comment_status":"closed","ping_status":"closed","template":"","meta":{"footnotes":""},"class_list":["post-1695","page","type-page","status-publish","hentry"],"_links":{"self":[{"href":"https:\/\/wordpress.nibis.de\/gsblender\/wp-json\/wp\/v2\/pages\/1695","targetHints":{"allow":["GET"]}}],"collection":[{"href":"https:\/\/wordpress.nibis.de\/gsblender\/wp-json\/wp\/v2\/pages"}],"about":[{"href":"https:\/\/wordpress.nibis.de\/gsblender\/wp-json\/wp\/v2\/types\/page"}],"author":[{"embeddable":true,"href":"https:\/\/wordpress.nibis.de\/gsblender\/wp-json\/wp\/v2\/users\/9193610"}],"replies":[{"embeddable":true,"href":"https:\/\/wordpress.nibis.de\/gsblender\/wp-json\/wp\/v2\/comments?post=1695"}],"version-history":[{"count":3,"href":"https:\/\/wordpress.nibis.de\/gsblender\/wp-json\/wp\/v2\/pages\/1695\/revisions"}],"predecessor-version":[{"id":1714,"href":"https:\/\/wordpress.nibis.de\/gsblender\/wp-json\/wp\/v2\/pages\/1695\/revisions\/1714"}],"wp:attachment":[{"href":"https:\/\/wordpress.nibis.de\/gsblender\/wp-json\/wp\/v2\/media?parent=1695"}],"curies":[{"name":"wp","href":"https:\/\/api.w.org\/{rel}","templated":true}]}}