{"id":176,"date":"2015-11-04T20:13:03","date_gmt":"2015-11-04T19:13:03","guid":{"rendered":"http:\/\/wordpress.nibis.de\/gsblender\/?page_id=176"},"modified":"2016-08-25T21:16:34","modified_gmt":"2016-08-25T19:16:34","slug":"bundesjugendspiele","status":"publish","type":"page","link":"https:\/\/wordpress.nibis.de\/gsblender\/bundesjugendspiele\/","title":{"rendered":"Bundesjugendspiele"},"content":{"rendered":"<p style=\"text-align: justify\"><span style=\"font-size: 12pt\"><a href=\"http:\/\/wordpress.nibis.de\/gsblender\/files\/2015\/11\/IMG_0001.jpg\"><img loading=\"lazy\" decoding=\"async\" class=\"wp-image-781 alignleft\" src=\"http:\/\/wordpress.nibis.de\/gsblender\/files\/2015\/11\/IMG_0001.jpg\" alt=\"IMG_0001\" width=\"260\" height=\"368\" srcset=\"https:\/\/wordpress.nibis.de\/gsblender\/files\/2015\/11\/IMG_0001.jpg 1414w, https:\/\/wordpress.nibis.de\/gsblender\/files\/2015\/11\/IMG_0001-212x300.jpg 212w\" sizes=\"auto, (max-width: 260px) 100vw, 260px\" \/><\/a>Im Sommer \u2013 kurz vor den Sommerferien \u2013 f\u00fchren wir mit allen Sch\u00fclerinnen und Sch\u00fclern gemeinsam die Bundesjugendspiele durch. Klasse 1 macht dabei den sogenannten Wettbewerb und Klasse 2-4 den Wettkampf.<\/span><\/p>\n<p style=\"text-align: justify\"><span style=\"font-size: 12pt\">F\u00fcr dieses Sportfest ben\u00f6tigen wir immer tatkr\u00e4ftige Eltern-Unterst\u00fctzung!<\/span><\/p>\n","protected":false},"excerpt":{"rendered":"<p>Im Sommer \u2013 kurz vor den Sommerferien \u2013 f\u00fchren wir mit allen Sch\u00fclerinnen und Sch\u00fclern gemeinsam die Bundesjugendspiele durch. Klasse 1 macht dabei den sogenannten Wettbewerb und Klasse 2-4 den Wettkampf. F\u00fcr dieses Sportfest ben\u00f6tigen wir immer tatkr\u00e4ftige Eltern-Unterst\u00fctzung!<\/p>\n","protected":false},"author":666,"featured_media":0,"parent":0,"menu_order":0,"comment_status":"closed","ping_status":"closed","template":"","meta":{"footnotes":""},"class_list":["post-176","page","type-page","status-publish","hentry"],"_links":{"self":[{"href":"https:\/\/wordpress.nibis.de\/gsblender\/wp-json\/wp\/v2\/pages\/176","targetHints":{"allow":["GET"]}}],"collection":[{"href":"https:\/\/wordpress.nibis.de\/gsblender\/wp-json\/wp\/v2\/pages"}],"about":[{"href":"https:\/\/wordpress.nibis.de\/gsblender\/wp-json\/wp\/v2\/types\/page"}],"author":[{"embeddable":true,"href":"https:\/\/wordpress.nibis.de\/gsblender\/wp-json\/wp\/v2\/users\/666"}],"replies":[{"embeddable":true,"href":"https:\/\/wordpress.nibis.de\/gsblender\/wp-json\/wp\/v2\/comments?post=176"}],"version-history":[{"count":6,"href":"https:\/\/wordpress.nibis.de\/gsblender\/wp-json\/wp\/v2\/pages\/176\/revisions"}],"predecessor-version":[{"id":888,"href":"https:\/\/wordpress.nibis.de\/gsblender\/wp-json\/wp\/v2\/pages\/176\/revisions\/888"}],"wp:attachment":[{"href":"https:\/\/wordpress.nibis.de\/gsblender\/wp-json\/wp\/v2\/media?parent=176"}],"curies":[{"name":"wp","href":"https:\/\/api.w.org\/{rel}","templated":true}]}}