{"id":178,"date":"2015-11-04T20:13:17","date_gmt":"2015-11-04T19:13:17","guid":{"rendered":"http:\/\/wordpress.nibis.de\/gsblender\/?page_id=178"},"modified":"2016-04-26T16:13:31","modified_gmt":"2016-04-26T14:13:31","slug":"schwimmen","status":"publish","type":"page","link":"https:\/\/wordpress.nibis.de\/gsblender\/schwimmen\/","title":{"rendered":"Schwimmunterricht"},"content":{"rendered":"<p style=\"text-align: justify\"><a href=\"http:\/\/wordpress.nibis.de\/gsblender\/files\/2015\/11\/IMG-2.jpg\" rel=\"attachment wp-att-666\"><img loading=\"lazy\" decoding=\"async\" class=\"wp-image-666  aligncenter\" src=\"http:\/\/wordpress.nibis.de\/gsblender\/files\/2015\/11\/IMG-2-e1461680000114.jpg\" alt=\"IMG\" width=\"543\" height=\"384\" srcset=\"https:\/\/wordpress.nibis.de\/gsblender\/files\/2015\/11\/IMG-2-e1461680000114.jpg 2000w, https:\/\/wordpress.nibis.de\/gsblender\/files\/2015\/11\/IMG-2-e1461680000114-300x212.jpg 300w\" sizes=\"auto, (max-width: 543px) 100vw, 543px\" \/><\/a><\/p>\n<p style=\"text-align: justify\"><span style=\"font-size: 12pt\">Im Winterhalbjahr findet f\u00fcr unsere dritten Klassen Schwimmunterricht im Hallenbad Martfeld statt. Die Sch\u00fclerinnen und Sch\u00fcler f\u00fchren hier diverse \u00dcbungen und Spiele zur Wassergew\u00f6hnung durch, erlernen\/festigen eine bzw. zwei Schwimmtechniken und lernen vielf\u00e4ltige \u00dcbungen zum Wasserspringen und Tauchen kennen.<\/span><\/p>\n","protected":false},"excerpt":{"rendered":"<p>Im Winterhalbjahr findet f\u00fcr unsere dritten Klassen Schwimmunterricht im Hallenbad Martfeld statt. Die Sch\u00fclerinnen und Sch\u00fcler f\u00fchren hier diverse \u00dcbungen und Spiele zur Wassergew\u00f6hnung durch, erlernen\/festigen eine bzw. zwei Schwimmtechniken und lernen vielf\u00e4ltige \u00dcbungen zum Wasserspringen und Tauchen kennen.<\/p>\n","protected":false},"author":666,"featured_media":0,"parent":0,"menu_order":0,"comment_status":"closed","ping_status":"closed","template":"","meta":{"footnotes":""},"class_list":["post-178","page","type-page","status-publish","hentry"],"_links":{"self":[{"href":"https:\/\/wordpress.nibis.de\/gsblender\/wp-json\/wp\/v2\/pages\/178","targetHints":{"allow":["GET"]}}],"collection":[{"href":"https:\/\/wordpress.nibis.de\/gsblender\/wp-json\/wp\/v2\/pages"}],"about":[{"href":"https:\/\/wordpress.nibis.de\/gsblender\/wp-json\/wp\/v2\/types\/page"}],"author":[{"embeddable":true,"href":"https:\/\/wordpress.nibis.de\/gsblender\/wp-json\/wp\/v2\/users\/666"}],"replies":[{"embeddable":true,"href":"https:\/\/wordpress.nibis.de\/gsblender\/wp-json\/wp\/v2\/comments?post=178"}],"version-history":[{"count":6,"href":"https:\/\/wordpress.nibis.de\/gsblender\/wp-json\/wp\/v2\/pages\/178\/revisions"}],"predecessor-version":[{"id":667,"href":"https:\/\/wordpress.nibis.de\/gsblender\/wp-json\/wp\/v2\/pages\/178\/revisions\/667"}],"wp:attachment":[{"href":"https:\/\/wordpress.nibis.de\/gsblender\/wp-json\/wp\/v2\/media?parent=178"}],"curies":[{"name":"wp","href":"https:\/\/api.w.org\/{rel}","templated":true}]}}