{"id":1786,"date":"2023-08-18T05:59:22","date_gmt":"2023-08-18T03:59:22","guid":{"rendered":"https:\/\/wordpress.nibis.de\/gsblender\/?page_id=1786"},"modified":"2025-12-10T09:54:16","modified_gmt":"2025-12-10T08:54:16","slug":"formulare","status":"publish","type":"page","link":"https:\/\/wordpress.nibis.de\/gsblender\/formulare\/","title":{"rendered":"Formulare"},"content":{"rendered":"\n<p><strong>Formulare der Schule:\u00a0<\/strong><\/p>\n<p><a href=\"https:\/\/wordpress.nibis.de\/gsblender\/files\/2023\/08\/Anmeldebogen.pdf\">Anmeldebogen<\/a><\/p>\n<p><a href=\"https:\/\/wordpress.nibis.de\/gsblender\/files\/2025\/09\/Anmeldung-Betreuung.pdf\">Anmeldung Betreuung<\/a><\/p>\n<p><a href=\"https:\/\/wordpress.nibis.de\/gsblender\/files\/2023\/02\/Benutzerordnung-IServ-Homepage.pdf\">Benutzerordnung IServ\u00a0<\/a><\/p>\n<p><a href=\"https:\/\/wordpress.nibis.de\/gsblender\/files\/2023\/08\/Unterrichtsbefreiung-Religionsunterricht-.pdf\">Unterrichtsbefreiung vom Religionsunterricht\u00a0<\/a><\/p>\n<p><strong>Sch\u00fclerbef\u00f6rderung:\u00a0<\/strong><\/p>\n<p><a href=\"https:\/\/www.landkreis-verden.de\/bildung-arbeit-wirtschaft\/schulen\/schuelerbefoerderung\">Antr\u00e4ge auf Sch\u00fclerbef\u00f6rderung <\/a><\/p>\n<p>Die Online-Antr\u00e4ge sind f\u00fcr Sch\u00fcler*innen, die unterj\u00e4hrig eine Fahrkarte ben\u00f6tigen z.B. durch Schulwechsel, Umzug, etc.)<\/p>\n<p><strong>Mittagessen: <\/strong><\/p>\n<p><a href=\"https:\/\/wordpress.nibis.de\/gsblender\/files\/2025\/12\/Guthabenerstattung.pdf\">Guthabenerstattung<\/a><\/p>\n<p><strong>Bildungspaket:\u00a0<\/strong><\/p>\n<p><a href=\"https:\/\/wordpress.nibis.de\/gsblender\/files\/2025\/09\/Bildungspaket-Gut-zu-wissen.pdf\">Bildungspaket-Gut-zu-wissen<\/a><\/p>\n<p><a href=\"https:\/\/wordpress.nibis.de\/gsblender\/files\/2025\/09\/Bildungspaket-Richtlinien-2022-deutsch-und-ukrainisch.pdf\">Bildungspaket-Richtlinien<\/a><\/p>\n<p><a href=\"https:\/\/wordpress.nibis.de\/gsblender\/files\/2025\/09\/Antrag-auf-Leistungen-aus-dem-Bildungspaket-.pdf\">Antrag auf Leistungen aus dem Bildungspaket<\/a><\/p>\n<p>\u00a0<\/p>\n","protected":false},"excerpt":{"rendered":"<p>Formulare der Schule:\u00a0 Anmeldebogen Anmeldung Betreuung Benutzerordnung IServ\u00a0 Unterrichtsbefreiung vom Religionsunterricht\u00a0 Sch\u00fclerbef\u00f6rderung:\u00a0 Antr\u00e4ge auf Sch\u00fclerbef\u00f6rderung Die Online-Antr\u00e4ge sind f\u00fcr Sch\u00fcler*innen, die unterj\u00e4hrig eine Fahrkarte ben\u00f6tigen z.B. durch Schulwechsel, Umzug, etc.) Mittagessen: Guthabenerstattung Bildungspaket:\u00a0 Bildungspaket-Gut-zu-wissen Bildungspaket-Richtlinien Antrag auf Leistungen aus dem Bildungspaket \u00a0<\/p>\n","protected":false},"author":9193610,"featured_media":0,"parent":0,"menu_order":0,"comment_status":"closed","ping_status":"closed","template":"","meta":{"footnotes":""},"class_list":["post-1786","page","type-page","status-publish","hentry"],"_links":{"self":[{"href":"https:\/\/wordpress.nibis.de\/gsblender\/wp-json\/wp\/v2\/pages\/1786","targetHints":{"allow":["GET"]}}],"collection":[{"href":"https:\/\/wordpress.nibis.de\/gsblender\/wp-json\/wp\/v2\/pages"}],"about":[{"href":"https:\/\/wordpress.nibis.de\/gsblender\/wp-json\/wp\/v2\/types\/page"}],"author":[{"embeddable":true,"href":"https:\/\/wordpress.nibis.de\/gsblender\/wp-json\/wp\/v2\/users\/9193610"}],"replies":[{"embeddable":true,"href":"https:\/\/wordpress.nibis.de\/gsblender\/wp-json\/wp\/v2\/comments?post=1786"}],"version-history":[{"count":21,"href":"https:\/\/wordpress.nibis.de\/gsblender\/wp-json\/wp\/v2\/pages\/1786\/revisions"}],"predecessor-version":[{"id":2071,"href":"https:\/\/wordpress.nibis.de\/gsblender\/wp-json\/wp\/v2\/pages\/1786\/revisions\/2071"}],"wp:attachment":[{"href":"https:\/\/wordpress.nibis.de\/gsblender\/wp-json\/wp\/v2\/media?parent=1786"}],"curies":[{"name":"wp","href":"https:\/\/api.w.org\/{rel}","templated":true}]}}