{"id":184,"date":"2015-11-04T20:13:13","date_gmt":"2015-11-04T19:13:13","guid":{"rendered":"http:\/\/wordpress.nibis.de\/gsblender\/?page_id=184"},"modified":"2016-06-01T14:24:15","modified_gmt":"2016-06-01T12:24:15","slug":"matheolympiade","status":"publish","type":"page","link":"https:\/\/wordpress.nibis.de\/gsblender\/matheolympiade\/","title":{"rendered":"Mathematik-Wettbewerbe"},"content":{"rendered":"<p style=\"text-align: justify\"><strong><span style=\"font-size: 12pt\">K\u00e4nguru-Wettbewerb<br \/> <\/span><\/strong><span style=\"font-size: 12pt\">Jedes Jahr im Fr\u00fchjahr nehmen einige Kinder der 3. und 4. Klassen, die <a href=\"http:\/\/wordpress.nibis.de\/gsblender\/files\/2015\/11\/IMG_7130.jpg\" rel=\"attachment wp-att-676\"><img loading=\"lazy\" decoding=\"async\" class=\"wp-image-676 alignright\" src=\"http:\/\/wordpress.nibis.de\/gsblender\/files\/2015\/11\/IMG_7130.jpg\" alt=\"IMG_7130\" width=\"335\" height=\"237\" srcset=\"https:\/\/wordpress.nibis.de\/gsblender\/files\/2015\/11\/IMG_7130.jpg 2000w, https:\/\/wordpress.nibis.de\/gsblender\/files\/2015\/11\/IMG_7130-300x212.jpg 300w\" sizes=\"auto, (max-width: 335px) 100vw, 335px\" \/><\/a>Spa\u00df an Knobelaufgaben haben, am K\u00e4nguru-Wettbewerb teil. Ziel ist es, Freude und Interesse am mathematischen Denken und Arbeiten zu wecken. Die Aufgaben sind heiter und abwechslungsreich aus den verschiedenen Kompetenzbereichen der Mathematik zusammen gestellt.<\/span><\/p>\n","protected":false},"excerpt":{"rendered":"<p>K\u00e4nguru-Wettbewerb Jedes Jahr im Fr\u00fchjahr nehmen einige Kinder der 3. und 4. Klassen, die Spa\u00df an Knobelaufgaben haben, am K\u00e4nguru-Wettbewerb teil. Ziel ist es, Freude und Interesse am mathematischen Denken und Arbeiten zu wecken. Die Aufgaben sind heiter und abwechslungsreich aus den verschiedenen Kompetenzbereichen der Mathematik zusammen gestellt.<\/p>\n","protected":false},"author":666,"featured_media":677,"parent":0,"menu_order":0,"comment_status":"closed","ping_status":"closed","template":"","meta":{"footnotes":""},"class_list":["post-184","page","type-page","status-publish","has-post-thumbnail","hentry"],"_links":{"self":[{"href":"https:\/\/wordpress.nibis.de\/gsblender\/wp-json\/wp\/v2\/pages\/184","targetHints":{"allow":["GET"]}}],"collection":[{"href":"https:\/\/wordpress.nibis.de\/gsblender\/wp-json\/wp\/v2\/pages"}],"about":[{"href":"https:\/\/wordpress.nibis.de\/gsblender\/wp-json\/wp\/v2\/types\/page"}],"author":[{"embeddable":true,"href":"https:\/\/wordpress.nibis.de\/gsblender\/wp-json\/wp\/v2\/users\/666"}],"replies":[{"embeddable":true,"href":"https:\/\/wordpress.nibis.de\/gsblender\/wp-json\/wp\/v2\/comments?post=184"}],"version-history":[{"count":10,"href":"https:\/\/wordpress.nibis.de\/gsblender\/wp-json\/wp\/v2\/pages\/184\/revisions"}],"predecessor-version":[{"id":741,"href":"https:\/\/wordpress.nibis.de\/gsblender\/wp-json\/wp\/v2\/pages\/184\/revisions\/741"}],"wp:featuredmedia":[{"embeddable":true,"href":"https:\/\/wordpress.nibis.de\/gsblender\/wp-json\/wp\/v2\/media\/677"}],"wp:attachment":[{"href":"https:\/\/wordpress.nibis.de\/gsblender\/wp-json\/wp\/v2\/media?parent=184"}],"curies":[{"name":"wp","href":"https:\/\/api.w.org\/{rel}","templated":true}]}}