{"id":297,"date":"2015-12-01T18:16:16","date_gmt":"2015-12-01T17:16:16","guid":{"rendered":"http:\/\/wordpress.nibis.de\/gsblender\/?page_id=297"},"modified":"2024-08-16T09:22:13","modified_gmt":"2024-08-16T07:22:13","slug":"der-pausenhof","status":"publish","type":"page","link":"https:\/\/wordpress.nibis.de\/gsblender\/der-pausenhof\/","title":{"rendered":"Der Pausenhof"},"content":{"rendered":"<p><a href=\"http:\/\/wordpress.nibis.de\/gsblender\/files\/2015\/12\/DSC_0748.jpg\"><img loading=\"lazy\" decoding=\"async\" class=\"size-full wp-image-299 aligncenter\" src=\"http:\/\/wordpress.nibis.de\/gsblender\/files\/2015\/12\/DSC_0748.jpg\" alt=\"DSC_0748\" width=\"640\" height=\"427\" srcset=\"https:\/\/wordpress.nibis.de\/gsblender\/files\/2015\/12\/DSC_0748.jpg 640w, https:\/\/wordpress.nibis.de\/gsblender\/files\/2015\/12\/DSC_0748-300x200.jpg 300w\" sizes=\"auto, (max-width: 640px) 100vw, 640px\" \/><\/a><a href=\"http:\/\/wordpress.nibis.de\/gsblender\/files\/2015\/12\/DSC_0757.jpg\"><img loading=\"lazy\" decoding=\"async\" class=\"size-full wp-image-304 aligncenter\" src=\"http:\/\/wordpress.nibis.de\/gsblender\/files\/2015\/12\/DSC_0757.jpg\" alt=\"DSC_0757\" width=\"640\" height=\"427\" srcset=\"https:\/\/wordpress.nibis.de\/gsblender\/files\/2015\/12\/DSC_0757.jpg 640w, https:\/\/wordpress.nibis.de\/gsblender\/files\/2015\/12\/DSC_0757-300x200.jpg 300w\" sizes=\"auto, (max-width: 640px) 100vw, 640px\" \/><\/a><a href=\"http:\/\/wordpress.nibis.de\/gsblender\/files\/2015\/12\/DSC_0758.jpg\"><img loading=\"lazy\" decoding=\"async\" class=\"size-full wp-image-305 aligncenter\" src=\"http:\/\/wordpress.nibis.de\/gsblender\/files\/2015\/12\/DSC_0758.jpg\" alt=\"DSC_0758\" width=\"640\" height=\"427\" srcset=\"https:\/\/wordpress.nibis.de\/gsblender\/files\/2015\/12\/DSC_0758.jpg 640w, https:\/\/wordpress.nibis.de\/gsblender\/files\/2015\/12\/DSC_0758-300x200.jpg 300w\" sizes=\"auto, (max-width: 640px) 100vw, 640px\" \/><\/a><a href=\"http:\/\/wordpress.nibis.de\/gsblender\/files\/2015\/12\/DSC_0761.jpg\"><img loading=\"lazy\" decoding=\"async\" class=\"size-full wp-image-308 aligncenter\" src=\"http:\/\/wordpress.nibis.de\/gsblender\/files\/2015\/12\/DSC_0761.jpg\" alt=\"DSC_0761\" width=\"640\" height=\"427\" srcset=\"https:\/\/wordpress.nibis.de\/gsblender\/files\/2015\/12\/DSC_0761.jpg 640w, https:\/\/wordpress.nibis.de\/gsblender\/files\/2015\/12\/DSC_0761-300x200.jpg 300w\" sizes=\"auto, (max-width: 640px) 100vw, 640px\" \/><\/a><\/p>\n<p><img loading=\"lazy\" decoding=\"async\" class=\" wp-image-1892 aligncenter\" src=\"https:\/\/wordpress.nibis.de\/gsblender\/files\/2024\/08\/IMG_3916-300x225.jpg\" alt=\"\" width=\"640\" height=\"480\" srcset=\"https:\/\/wordpress.nibis.de\/gsblender\/files\/2024\/08\/IMG_3916-300x225.jpg 300w, https:\/\/wordpress.nibis.de\/gsblender\/files\/2024\/08\/IMG_3916-1536x1152.jpg 1536w, https:\/\/wordpress.nibis.de\/gsblender\/files\/2024\/08\/IMG_3916-2048x1536.jpg 2048w\" sizes=\"auto, (max-width: 640px) 100vw, 640px\" \/><\/p>\n<p><img loading=\"lazy\" decoding=\"async\" class=\" wp-image-1893 aligncenter\" src=\"https:\/\/wordpress.nibis.de\/gsblender\/files\/2024\/08\/IMG_3917-300x225.jpg\" alt=\"\" width=\"639\" height=\"479\" srcset=\"https:\/\/wordpress.nibis.de\/gsblender\/files\/2024\/08\/IMG_3917-300x225.jpg 300w, https:\/\/wordpress.nibis.de\/gsblender\/files\/2024\/08\/IMG_3917-1536x1152.jpg 1536w, https:\/\/wordpress.nibis.de\/gsblender\/files\/2024\/08\/IMG_3917-2048x1536.jpg 2048w\" sizes=\"auto, (max-width: 639px) 100vw, 639px\" \/><\/p>\n<p><img loading=\"lazy\" decoding=\"async\" class=\" wp-image-1896 aligncenter\" src=\"https:\/\/wordpress.nibis.de\/gsblender\/files\/2024\/08\/IMG_3920-300x225.jpg\" alt=\"\" width=\"635\" height=\"476\" srcset=\"https:\/\/wordpress.nibis.de\/gsblender\/files\/2024\/08\/IMG_3920-300x225.jpg 300w, https:\/\/wordpress.nibis.de\/gsblender\/files\/2024\/08\/IMG_3920-1536x1152.jpg 1536w, https:\/\/wordpress.nibis.de\/gsblender\/files\/2024\/08\/IMG_3920-2048x1536.jpg 2048w\" sizes=\"auto, (max-width: 635px) 100vw, 635px\" \/><\/p>\n<p><img loading=\"lazy\" decoding=\"async\" class=\" wp-image-1897 aligncenter\" src=\"https:\/\/wordpress.nibis.de\/gsblender\/files\/2024\/08\/IMG_3921-300x225.jpg\" alt=\"\" width=\"639\" height=\"479\" srcset=\"https:\/\/wordpress.nibis.de\/gsblender\/files\/2024\/08\/IMG_3921-300x225.jpg 300w, https:\/\/wordpress.nibis.de\/gsblender\/files\/2024\/08\/IMG_3921-1536x1152.jpg 1536w, https:\/\/wordpress.nibis.de\/gsblender\/files\/2024\/08\/IMG_3921-2048x1536.jpg 2048w\" sizes=\"auto, (max-width: 639px) 100vw, 639px\" \/><\/p>\n<p><img loading=\"lazy\" decoding=\"async\" class=\"wp-image-1898 aligncenter\" src=\"https:\/\/wordpress.nibis.de\/gsblender\/files\/2024\/08\/IMG_3922-300x225.jpg\" alt=\"\" width=\"640\" height=\"480\" srcset=\"https:\/\/wordpress.nibis.de\/gsblender\/files\/2024\/08\/IMG_3922-300x225.jpg 300w, https:\/\/wordpress.nibis.de\/gsblender\/files\/2024\/08\/IMG_3922-1536x1152.jpg 1536w, https:\/\/wordpress.nibis.de\/gsblender\/files\/2024\/08\/IMG_3922-2048x1536.jpg 2048w\" sizes=\"auto, (max-width: 640px) 100vw, 640px\" \/><img loading=\"lazy\" decoding=\"async\" class=\"wp-image-1894 aligncenter\" src=\"https:\/\/wordpress.nibis.de\/gsblender\/files\/2024\/08\/IMG_3918-300x225.jpg\" alt=\"\" width=\"643\" height=\"482\" srcset=\"https:\/\/wordpress.nibis.de\/gsblender\/files\/2024\/08\/IMG_3918-300x225.jpg 300w, https:\/\/wordpress.nibis.de\/gsblender\/files\/2024\/08\/IMG_3918-1536x1152.jpg 1536w, https:\/\/wordpress.nibis.de\/gsblender\/files\/2024\/08\/IMG_3918-2048x1536.jpg 2048w\" sizes=\"auto, (max-width: 643px) 100vw, 643px\" \/>In unserem gr\u00fcnen Klassenzimmer kann bei gutem Wetter auch drau\u00dfen gelernt werden.<\/p>\n<p><a href=\"http:\/\/wordpress.nibis.de\/gsblender\/files\/2015\/12\/DSC_0772.jpg\"><img loading=\"lazy\" decoding=\"async\" class=\"size-full wp-image-312 aligncenter\" src=\"http:\/\/wordpress.nibis.de\/gsblender\/files\/2015\/12\/DSC_0772.jpg\" alt=\"DSC_0772\" width=\"640\" height=\"427\" srcset=\"https:\/\/wordpress.nibis.de\/gsblender\/files\/2015\/12\/DSC_0772.jpg 640w, https:\/\/wordpress.nibis.de\/gsblender\/files\/2015\/12\/DSC_0772-300x200.jpg 300w\" sizes=\"auto, (max-width: 640px) 100vw, 640px\" \/><\/a>In unserem Spieleschuppen gibt eine eine Menge Spielzeug f\u00fcr die gro\u00dfen Pausen. Die Ausleihe wird von unseren 4. Klassen betreut.<\/p>\n","protected":false},"excerpt":{"rendered":"<p>In unserem gr\u00fcnen Klassenzimmer kann bei gutem Wetter auch drau\u00dfen gelernt werden. In unserem Spieleschuppen gibt eine eine Menge Spielzeug f\u00fcr die gro\u00dfen Pausen. Die Ausleihe wird von unseren 4. Klassen betreut.<\/p>\n","protected":false},"author":666,"featured_media":0,"parent":0,"menu_order":0,"comment_status":"closed","ping_status":"closed","template":"","meta":{"footnotes":""},"class_list":["post-297","page","type-page","status-publish","hentry"],"_links":{"self":[{"href":"https:\/\/wordpress.nibis.de\/gsblender\/wp-json\/wp\/v2\/pages\/297","targetHints":{"allow":["GET"]}}],"collection":[{"href":"https:\/\/wordpress.nibis.de\/gsblender\/wp-json\/wp\/v2\/pages"}],"about":[{"href":"https:\/\/wordpress.nibis.de\/gsblender\/wp-json\/wp\/v2\/types\/page"}],"author":[{"embeddable":true,"href":"https:\/\/wordpress.nibis.de\/gsblender\/wp-json\/wp\/v2\/users\/666"}],"replies":[{"embeddable":true,"href":"https:\/\/wordpress.nibis.de\/gsblender\/wp-json\/wp\/v2\/comments?post=297"}],"version-history":[{"count":6,"href":"https:\/\/wordpress.nibis.de\/gsblender\/wp-json\/wp\/v2\/pages\/297\/revisions"}],"predecessor-version":[{"id":1900,"href":"https:\/\/wordpress.nibis.de\/gsblender\/wp-json\/wp\/v2\/pages\/297\/revisions\/1900"}],"wp:attachment":[{"href":"https:\/\/wordpress.nibis.de\/gsblender\/wp-json\/wp\/v2\/media?parent=297"}],"curies":[{"name":"wp","href":"https:\/\/api.w.org\/{rel}","templated":true}]}}