{"id":333,"date":"2015-12-16T13:17:38","date_gmt":"2015-12-16T12:17:38","guid":{"rendered":"http:\/\/wordpress.nibis.de\/gsblender\/?page_id=333"},"modified":"2025-10-26T10:18:46","modified_gmt":"2025-10-26T09:18:46","slug":"was-passiert-wenn","status":"publish","type":"page","link":"https:\/\/wordpress.nibis.de\/gsblender\/was-passiert-wenn\/","title":{"rendered":"Was passiert, wenn&#8230;?"},"content":{"rendered":"<p style=\"text-align: left\"><span style=\"font-size: 12pt\"><strong>&#8230; Ihr Kind krank ist?<\/strong><\/span><\/p>\n<p style=\"text-align: left\"><span style=\"font-size: 12pt\">Im Falle einer Krankheit verst\u00e4ndigen Sie bitte die Schule umgehend am ersten Fehltag bis um 8.00 Uhr. Sollten wir telefonisch nicht erreichbar sein, k\u00f6nnen Sie jederzeit eine Nachricht auf dem Anrufbeantworter hinterlassen. Bitte beachten Sie ebenfalls, dass wir ab dem dritten Fehltag eine schriftliche Entschuldigung ben\u00f6tigen.<\/span><\/p>\n<p style=\"text-align: left\"><span style=\"font-size: 12pt\"><strong>&#8230;\u00a0Ihr Kind L\u00e4use hat?<\/strong><\/span><\/p>\n<p style=\"text-align: left\"><span style=\"font-size: 12pt\">Diese Plagegeister kann jeder bekommen und sie treten in der kalten Jahreszeit verst\u00e4rkt auf. Sollten Sie feststellen, dass Ihr Kind von Kopfl\u00e4usen befallen ist, informieren Sie die Schule bitte umgehend und schicken Sie Ihr Kind nicht in die Schule, da sich die Kopfl\u00e4use schnell ausbreiten k\u00f6nnen! Behandeln Sie Ihr Kind bitte mit bekannten Mitteln. Nach Abschluss der Behandlung lassen Sie sich bitte von ihrem Hausarzt bescheinigen, dass Ihr Kind frei von L\u00e4usen und Nissen ist. Bei Fragen zu diesem Thema, wenden Sie sich gern an das Gesundheitsamt. Der Schule ist es rechtlich nicht m\u00f6glich, eine Kontrolle bez\u00fcglich eines Lausbefalles vorzunehmen!<\/span><\/p>\n<p style=\"text-align: left\"><span style=\"font-size: 12pt\"><strong>&#8230; Ihr Kind etwas verloren hat?<br \/>\n<\/strong><\/span><\/p>\n<p style=\"text-align: left\"><span style=\"font-size: 12pt\">Fundsachen k\u00f6nnen bei Herrn Olsson im Hausmeisterb\u00fcro abgeholt werden.<\/span><\/p>\n<p style=\"text-align: left\"><span style=\"font-size: 12pt\"><strong>&#8230; die Schule Ihnen wichtige Informationen zukommen lassen will?\u00a0<\/strong><\/span><\/p>\n<p style=\"text-align: left\"><span style=\"font-size: 12pt\">Wichtige Informationen werden h\u00e4ufig schriftlich per Post oder Mail an Sie weitergegeben. Bitte\u00a0schauen Sie deshalb\u00a0regelm\u00e4\u00dfig in die Postmappe Ihres Kindes sowie in Ihr E-Mail-Postfach.<\/span><\/p>\n<p style=\"text-align: left\"><span style=\"font-size: 12pt\"><strong>&#8230;sich Ihre Adresse oder Telefonnr. \u00e4ndert?<\/strong><\/span><\/p>\n<p style=\"text-align: left\"><span style=\"font-size: 12pt\">Adress\u00e4nderungen und neue Telefonnummern geben Sie bitte im Sekretariat bekannt. Wir m\u00fcssen Sie im Notfall erreichen k\u00f6nnen!<\/span><\/p>\n<p style=\"text-align: left\"><span style=\"font-size: 12pt\"><strong>&#8230; Ihr Kind in der Schule einen Unfall hatte?<\/strong><\/span><\/p>\n<p style=\"text-align: left\"><span style=\"font-size: 12pt\">Bei Unf\u00e4llen auf dem Schulweg und w\u00e4hrend der Schulzeit sind die Kinder versichert. Unf\u00e4lle und Schadensmeldungen geben Sie bitte im Sekretariat bekannt.<\/span><\/p>\n<p style=\"text-align: left\"><span style=\"font-size: 12pt\"><strong>&#8230;Ihr Kind von der Schule beurlaubt werden soll?<\/strong><\/span><\/p>\n<p style=\"text-align: left\"><span style=\"font-size: 12pt\">Beurlaubungen bis zu zwei Tagen sind schriftlich bei der Klassenleitung zu beantragen. Dar\u00fcber hinausgehende Beurlaubungen werden schriftlich bei der Schulleitung beantragt. Ferienverl\u00e4ngerungen sind nicht m\u00f6glich.<\/span><\/p>\n","protected":false},"excerpt":{"rendered":"<p>&#8230; Ihr Kind krank ist? Im Falle einer Krankheit verst\u00e4ndigen Sie bitte die Schule umgehend am ersten Fehltag bis um 8.00 Uhr. Sollten wir telefonisch nicht erreichbar sein, k\u00f6nnen Sie jederzeit eine Nachricht auf dem Anrufbeantworter hinterlassen. Bitte beachten Sie ebenfalls, dass wir ab dem dritten Fehltag eine schriftliche Entschuldigung ben\u00f6tigen. &#8230;\u00a0Ihr Kind L\u00e4use hat? &hellip; <a href=\"https:\/\/wordpress.nibis.de\/gsblender\/was-passiert-wenn\/\" class=\"more-link\"><span class=\"screen-reader-text\">Was passiert, wenn&#8230;?<\/span> weiterlesen<\/a><\/p>\n","protected":false},"author":666,"featured_media":0,"parent":0,"menu_order":0,"comment_status":"closed","ping_status":"closed","template":"","meta":{"footnotes":""},"class_list":["post-333","page","type-page","status-publish","hentry"],"_links":{"self":[{"href":"https:\/\/wordpress.nibis.de\/gsblender\/wp-json\/wp\/v2\/pages\/333","targetHints":{"allow":["GET"]}}],"collection":[{"href":"https:\/\/wordpress.nibis.de\/gsblender\/wp-json\/wp\/v2\/pages"}],"about":[{"href":"https:\/\/wordpress.nibis.de\/gsblender\/wp-json\/wp\/v2\/types\/page"}],"author":[{"embeddable":true,"href":"https:\/\/wordpress.nibis.de\/gsblender\/wp-json\/wp\/v2\/users\/666"}],"replies":[{"embeddable":true,"href":"https:\/\/wordpress.nibis.de\/gsblender\/wp-json\/wp\/v2\/comments?post=333"}],"version-history":[{"count":18,"href":"https:\/\/wordpress.nibis.de\/gsblender\/wp-json\/wp\/v2\/pages\/333\/revisions"}],"predecessor-version":[{"id":2053,"href":"https:\/\/wordpress.nibis.de\/gsblender\/wp-json\/wp\/v2\/pages\/333\/revisions\/2053"}],"wp:attachment":[{"href":"https:\/\/wordpress.nibis.de\/gsblender\/wp-json\/wp\/v2\/media?parent=333"}],"curies":[{"name":"wp","href":"https:\/\/api.w.org\/{rel}","templated":true}]}}