{"id":397,"date":"2015-12-21T19:59:01","date_gmt":"2015-12-21T18:59:01","guid":{"rendered":"http:\/\/wordpress.nibis.de\/gsblender\/?page_id=397"},"modified":"2016-04-26T16:06:40","modified_gmt":"2016-04-26T14:06:40","slug":"plattdeutsch-ag","status":"publish","type":"page","link":"https:\/\/wordpress.nibis.de\/gsblender\/plattdeutsch-ag\/","title":{"rendered":"Plattdeutsch AG"},"content":{"rendered":"<p style=\"text-align: justify\"><span style=\"font-size: 12pt\">\u201eSnack mol wedder Platt\u201c<\/span><\/p>\n<p style=\"text-align: justify\"><span style=\"font-size: 12pt\">Seit 2005 wird \u201ePlattdeutsch\u201c f\u00fcr die Kinder der 3. und 4. Klasse gef\u00f6rdert. In regelm\u00e4\u00dfigen Abst\u00e4nden findet dazu eine Plattdeutsch AG statt.\u00a0 Frei nach dem Motto: \u201eWi snackt platt, du ok?\u201c<\/span><\/p>\n<p style=\"text-align: justify\"><span style=\"font-size: 12pt\">Spielerisch wird den Kindern die plattdeutsche Sprache durch Lieder, Gedichte und darstellendes Spiel n\u00e4hergebracht. Besonders das Theaterspielen macht den Kindern gro\u00dfe Freude und wird durch \u00f6ffentliche Auff\u00fchrungen belohnt.<\/span><br \/>\n<span style=\"font-size: 12pt\">Hierbei werden wir von der Theatergruppe Holtum Marsch unterst\u00fctzt, die uns jedes Jahr die M\u00f6glichkeit bietet bei ihren Auff\u00fchrungen im Vorprogramm mitzuwirken.<\/span><\/p>\n<p style=\"text-align: justify\"><span style=\"font-size: 12pt\">Au\u00dferdem \u00a0nehmen wir seit vielen Jahren am plattdeutschen Lesewettbewerb teil, der alle 2 Jahre \u00a0vom Landschaftsverband Stade ausgerichtet wird. \u00a0Unsere Schule hat dabei stets gut abgeschnitten und wir konnten gro\u00dfe Erfolge erzielen.<\/span><\/p>\n<p style=\"text-align: justify\"><span style=\"font-size: 12pt\">Unterst\u00fctzt\u00a0 werden wir dabei von \u201eOmas\u201c und \u201eOpas\u201c aus der Gemeinde, die mit den Kindern das Lesen \u00fcben.<\/span><\/p>\n<p style=\"text-align: justify\"><span style=\"font-size: 12pt\">Alle Termine f\u00fcr die diversen \u201eplattdeutschen\u201c Aktionen werden rechtzeitig bekannt gegeben.<\/span><\/p>\n","protected":false},"excerpt":{"rendered":"<p>\u201eSnack mol wedder Platt\u201c Seit 2005 wird \u201ePlattdeutsch\u201c f\u00fcr die Kinder der 3. und 4. Klasse gef\u00f6rdert. In regelm\u00e4\u00dfigen Abst\u00e4nden findet dazu eine Plattdeutsch AG statt.\u00a0 Frei nach dem Motto: \u201eWi snackt platt, du ok?\u201c Spielerisch wird den Kindern die plattdeutsche Sprache durch Lieder, Gedichte und darstellendes Spiel n\u00e4hergebracht. Besonders das Theaterspielen macht den Kindern &hellip; <a href=\"https:\/\/wordpress.nibis.de\/gsblender\/plattdeutsch-ag\/\" class=\"more-link\"><span class=\"screen-reader-text\">Plattdeutsch AG<\/span> weiterlesen<\/a><\/p>\n","protected":false},"author":666,"featured_media":0,"parent":0,"menu_order":0,"comment_status":"closed","ping_status":"closed","template":"","meta":{"footnotes":""},"class_list":["post-397","page","type-page","status-publish","hentry"],"_links":{"self":[{"href":"https:\/\/wordpress.nibis.de\/gsblender\/wp-json\/wp\/v2\/pages\/397","targetHints":{"allow":["GET"]}}],"collection":[{"href":"https:\/\/wordpress.nibis.de\/gsblender\/wp-json\/wp\/v2\/pages"}],"about":[{"href":"https:\/\/wordpress.nibis.de\/gsblender\/wp-json\/wp\/v2\/types\/page"}],"author":[{"embeddable":true,"href":"https:\/\/wordpress.nibis.de\/gsblender\/wp-json\/wp\/v2\/users\/666"}],"replies":[{"embeddable":true,"href":"https:\/\/wordpress.nibis.de\/gsblender\/wp-json\/wp\/v2\/comments?post=397"}],"version-history":[{"count":4,"href":"https:\/\/wordpress.nibis.de\/gsblender\/wp-json\/wp\/v2\/pages\/397\/revisions"}],"predecessor-version":[{"id":660,"href":"https:\/\/wordpress.nibis.de\/gsblender\/wp-json\/wp\/v2\/pages\/397\/revisions\/660"}],"wp:attachment":[{"href":"https:\/\/wordpress.nibis.de\/gsblender\/wp-json\/wp\/v2\/media?parent=397"}],"curies":[{"name":"wp","href":"https:\/\/api.w.org\/{rel}","templated":true}]}}