{"id":404,"date":"2015-12-21T20:02:37","date_gmt":"2015-12-21T19:02:37","guid":{"rendered":"http:\/\/wordpress.nibis.de\/gsblender\/?page_id=404"},"modified":"2026-03-10T13:55:22","modified_gmt":"2026-03-10T12:55:22","slug":"projektwoche","status":"publish","type":"page","link":"https:\/\/wordpress.nibis.de\/gsblender\/projektwoche\/","title":{"rendered":"Projektwochen und Projekttage"},"content":{"rendered":"\n\n<p style=\"text-align: justify\"><span style=\"font-size: large\"><span style=\"font-size: 12pt\">Jedes Jahr finden an unserer Schule Projektwochen oder Projekttage mit wechselndem Motto statt.<\/span><\/span><\/p>\n<p><strong>Zirkuswoche \u2013 Februar 2026 <\/strong><\/p>\n<p>Endlich war es wieder soweit. Unsere gemeinsame Projektwoche mit dem Kinder- und Mitmachzirkus Eldorado fand vom 23.02 bis 27.02.2026 bei uns an der Grundschule statt. Alle vier Jahre freuen wir uns auf diese ganz besondere Woche, in der der Zirkus Eldorado sein Zirkuszelt auf dem Sportplatz neben der Schule aufschl\u00e4gt. Die Kinder \u00fcbten in ihren Gruppen (Hunde Dressur, Bodenakrobatik, Trapez, Clowns, Zauberer, Jonglieren und Tanzen) eine Woche lang f\u00fcr die gro\u00dfe Vorstellung am Freitag Nachmittag vor Familien und Freunden. Den tosenden Applaus nach jeder Nummer, hatten sich unsere kleinen Artisten verdient. Es war eine tolle Woche voller Lachen, Freude und neu entdeckten Talenten, die allen viel Spa\u00df gemacht hat.<\/p>\n<div class=\"wp-block-image\"><img loading=\"lazy\" decoding=\"async\" class=\"wpa-warning wpa-image-missing-alt aligncenter size-full wp-image-2100\" src=\"https:\/\/wordpress.nibis.de\/gsblender\/files\/2026\/03\/tempImagexIEXgg-scaled.jpg\" alt=\"\" width=\"2560\" height=\"1920\" data-warning=\"Missing alt text\" srcset=\"https:\/\/wordpress.nibis.de\/gsblender\/files\/2026\/03\/tempImagexIEXgg-scaled.jpg 2560w, https:\/\/wordpress.nibis.de\/gsblender\/files\/2026\/03\/tempImagexIEXgg-300x225.jpg 300w, https:\/\/wordpress.nibis.de\/gsblender\/files\/2026\/03\/tempImagexIEXgg-100x75.jpg 100w, https:\/\/wordpress.nibis.de\/gsblender\/files\/2026\/03\/tempImagexIEXgg-1536x1152.jpg 1536w, https:\/\/wordpress.nibis.de\/gsblender\/files\/2026\/03\/tempImagexIEXgg-2048x1536.jpg 2048w\" sizes=\"auto, (max-width: 2560px) 100vw, 2560px\" \/><\/div>\n<p>\u00a0<\/p>\n<p><strong>Trommelzauber\u00a0\u201eKomm wir gehen nach Tamborena\u201c &#8211; M\u00e4rz 2024 <\/strong><\/p>\n<p>Unsere musikalische,\u00a0rhythmische und aufregende Projektwoche mit dem Trommellehrer Leo bleibt uns auf jeden Fall in Erinnerung.\u00a0Jedes Kind bekam eine Trommel und die gesamte Schule traf sich zum gemeinsamen Trommeln und Singen jeden Morgen in der ersten Stunde in der Turnhalle. Anschlie\u00dfend \u00fcbten die einzelnen Jahrg\u00e4nge die Reise nach Tamborena in Afrika mit verschiedenen Rhythmen, vielen Liedern und T\u00e4nzen.\u00a0In der trommelfreien Zeit wurden Tiermasken, verschiedene Dekorationen f\u00fcr die Vorf\u00fchrung oder Musikinstrumente gebastelt. Nat\u00fcrlich wurde auch einiges \u00fcber den Kontinent Afrika gelernt.<br \/>Der kr\u00f6nende Abschluss war die Auff\u00fchrung der Reise am Freitag gemeinsam mit den Familien. Die Kinder konnten stolz ihr Gelerntes und ihre tollen Kost\u00fcme pr\u00e4sentieren.<br \/>Ein gro\u00dfes Dankesch\u00f6n geht \u00a0an den F\u00f6rderverein und die Sparkasse Verden, die uns bei der Finanzierung der Projektwoche unterst\u00fctzt und den Trommelzauber mit m\u00f6glich gemacht haben! Es war eine gelungene Projektwoche, in der unsere Schule durch das Trommeln, Singen und Tanzen eine besondere Gemeinschaft erleben konnte.<\/p>\n<p><img loading=\"lazy\" decoding=\"async\" class=\"alignnone  wp-image-1867\" src=\"https:\/\/wordpress.nibis.de\/gsblender\/files\/2024\/04\/Trommelzauber-3-300x191.jpeg\" alt=\"\" width=\"562\" height=\"358\" srcset=\"https:\/\/wordpress.nibis.de\/gsblender\/files\/2024\/04\/Trommelzauber-3-300x191.jpeg 300w, https:\/\/wordpress.nibis.de\/gsblender\/files\/2024\/04\/Trommelzauber-3.jpeg 1152w\" sizes=\"auto, (max-width: 562px) 100vw, 562px\" \/><\/p>\n<p><strong>Mai 2023 &#8211; &#8222;Bewegung, Fitness und Gesundheit&#8220;<\/strong><\/p>\n<p>In der Woche vom 22. Bis 26 Mai fand an unserer Schule die Projektwoche zum Thema \u201eBewegung, Fitness und Gesundheit\u201c statt. Es war eine tolle Woche mit vielen verschiedenen Angeboten. Am Montag starteten wir mit dem Laufabzeichen, bei dem die Kinder 15, 30 oder sogar 60 Minuten ihre Ausdauer beweisen konnten. Am Mittwoch hatten wir TRIXITT bei uns auf dem Sportplatz zu Besuch. Trotz Nieselregens hatten die Kinder sehr viel Spa\u00df und bewiesen tollen Teamgeist und Fairness. An den \u00fcbrigen Tagen gab es neben klasseninternen Aktionen noch Angebote wie einen 1. Hilfe-Kurs, ein Rollertraining (1.\/2. Klasse) oder einen Selbstbehauptungskurs (3.\/4. Klasse).<\/p>\n<p><img loading=\"lazy\" decoding=\"async\" class=\"alignnone size-medium wp-image-1779\" src=\"https:\/\/wordpress.nibis.de\/gsblender\/files\/2023\/06\/IMG_1862-300x225.jpg\" alt=\"\" width=\"300\" height=\"225\" srcset=\"https:\/\/wordpress.nibis.de\/gsblender\/files\/2023\/06\/IMG_1862-300x225.jpg 300w, https:\/\/wordpress.nibis.de\/gsblender\/files\/2023\/06\/IMG_1862-1536x1152.jpg 1536w, https:\/\/wordpress.nibis.de\/gsblender\/files\/2023\/06\/IMG_1862-2048x1536.jpg 2048w\" sizes=\"auto, (max-width: 300px) 100vw, 300px\" \/>\u00a0 \u00a0 \u00a0 <img loading=\"lazy\" decoding=\"async\" class=\"alignnone size-medium wp-image-1777\" src=\"https:\/\/wordpress.nibis.de\/gsblender\/files\/2023\/06\/IMG_1835-300x225.jpg\" alt=\"\" width=\"300\" height=\"225\" srcset=\"https:\/\/wordpress.nibis.de\/gsblender\/files\/2023\/06\/IMG_1835-300x225.jpg 300w, https:\/\/wordpress.nibis.de\/gsblender\/files\/2023\/06\/IMG_1835-1536x1152.jpg 1536w, https:\/\/wordpress.nibis.de\/gsblender\/files\/2023\/06\/IMG_1835-2048x1536.jpg 2048w\" sizes=\"auto, (max-width: 300px) 100vw, 300px\" \/><\/p>\n<p><strong>Oktober 2021 &#8211; &#8222;Zirkus El Dorado&#8220;<\/strong><\/p>\n<p>Im Oktober 2021 hatten wir den Zirkus &#8222;El Dorado&#8220; mal wieder bei uns zu Gast. In Kleingruppen arbeiteten die Kinder im Zirkuszelt und in der Turnhalle an ihren Auff\u00fchrungen. Diese fanden in diesem Jahr pandemiebedingt am Freitag und Samstag innerhalb der Kohorten statt. Auf dem Programm stand eine lustige Clownsnummer, Vorf\u00fchrungen am Trapez, Tierdressur, Lassodrehen, Jonglage, Bodenakrobatik und Voltigieren. F\u00fcr das leibliche Wohl war durch Popcorn und Zuckerwatte gesorgt. Es war wie immer eine tolle Woche!<\/p>\n<p><strong>Juni 2019 &#8211; &#8222;Musikprojekt&#8220;<\/strong><\/p>\n<p><span style=\"font-size: 12pt\">Vom 24.06. bis 28.06.2019 findet an unserer Schule eine Projektwoche rund ums Thema Musik statt. Die Kinder werden in dieser Woche das Musical &#8222;Picknick im Himalaya&#8220; nach der Musik von Heinz Lemmermann ein\u00fcben. Zum Abschluss der Woche findet am 28.06.2019 um 16.30 Uhr die Auff\u00fchrung in der Turnhalle der Grundschule Blender statt. <\/span><\/p>\n<p><a href=\"https:\/\/wordpress.nibis.de\/gsblender\/files\/2019\/05\/Plakatdruck-Picknick-Blender-A4.jpg\"><img loading=\"lazy\" decoding=\"async\" class=\"alignnone size-full wp-image-1149\" src=\"https:\/\/wordpress.nibis.de\/gsblender\/files\/2019\/05\/Plakatdruck-Picknick-Blender-A4.jpg\" alt=\"\" width=\"1779\" height=\"2504\" srcset=\"https:\/\/wordpress.nibis.de\/gsblender\/files\/2019\/05\/Plakatdruck-Picknick-Blender-A4.jpg 1779w, https:\/\/wordpress.nibis.de\/gsblender\/files\/2019\/05\/Plakatdruck-Picknick-Blender-A4-213x300.jpg 213w, https:\/\/wordpress.nibis.de\/gsblender\/files\/2019\/05\/Plakatdruck-Picknick-Blender-A4-1421x2000.jpg 1421w\" sizes=\"auto, (max-width: 1779px) 100vw, 1779px\" \/><\/a><\/p>\n<p><span style=\"font-size: 14pt\"><strong>Februar 2018 &#8211; &#8222;M\u00e4rchen&#8220;\u00a0<\/strong><\/span><\/p>\n<p><span style=\"font-size: 12pt\">Im Februar 2018 verwandelte sich unsere Schule f\u00fcr einen Tag in eine M\u00e4rchenwelt. Wir hatten Besuch von einer M\u00e4rchenerz\u00e4hlerin, die die Kinder in die Welt unterschiedlicher M\u00e4rchen entf\u00fchrte. In den Klassen wurde daneben an unterschiedlichen Projekten, rund um das Thema M\u00e4rchen gearbeitet.<\/span><\/p>\n<p><a href=\"http:\/\/wordpress.nibis.de\/gsblender\/files\/2018\/05\/M\u00e4rchentag-.jpg\"><img loading=\"lazy\" decoding=\"async\" class=\"alignnone size-full wp-image-1029\" src=\"http:\/\/wordpress.nibis.de\/gsblender\/files\/2018\/05\/M\u00e4rchentag-.jpg\" alt=\"\" width=\"1280\" height=\"952\" srcset=\"https:\/\/wordpress.nibis.de\/gsblender\/files\/2018\/05\/M\u00e4rchentag-.jpg 1280w, https:\/\/wordpress.nibis.de\/gsblender\/files\/2018\/05\/M\u00e4rchentag--300x223.jpg 300w\" sizes=\"auto, (max-width: 1280px) 100vw, 1280px\" \/><\/a><\/p>\n<p><span style=\"font-size: 14pt\"><strong>September 2017 &#8211; &#8222;Zirkus&#8220;\u00a0<\/strong><\/span><\/p>\n<p style=\"text-align: justify\"><span style=\"font-size: large\"><span style=\"font-size: 12pt\">Im September 2017 hatten wir den den Zirkus &#8222;El Dorado&#8220; an unserer Schule zu Gast. In einer Woche verwandelten sich unsere Sch\u00fclerinnen und Sch\u00fcler in kleine Zirkusartisten. In Kleingruppen arbeiteten die Kinder an ihren Vorf\u00fchrungen. Am Freitagnachmittag bei Popcorn und Zuckerwatte hatte die Woche dann ihren kr\u00f6nenden Abschluss. Mit einer tollen Vorf\u00fchrung im Zirkuszelt begeisterten die Kinder das Publikum. Auf dem Programm stand eine lustige Clownsnummer, Vorf\u00fchrungen am Trapez, Tierdressur, Lassodrehen, \u00a0Jonglage, \u00a0Bodenakrobatik und Voltigieren. Den tosenden Applaus hatten sich die Artisten wirklich verdient!<\/span><\/span><\/p>\n<p style=\"text-align: justify\"><span style=\"font-size: large\"><span style=\"font-size: 12pt\"><a href=\"http:\/\/wordpress.nibis.de\/gsblender\/files\/2015\/12\/Zirkus.jpg\"><img loading=\"lazy\" decoding=\"async\" class=\"size-full wp-image-989 alignright\" src=\"http:\/\/wordpress.nibis.de\/gsblender\/files\/2015\/12\/Zirkus.jpg\" alt=\"\" width=\"1280\" height=\"720\" srcset=\"https:\/\/wordpress.nibis.de\/gsblender\/files\/2015\/12\/Zirkus.jpg 1280w, https:\/\/wordpress.nibis.de\/gsblender\/files\/2015\/12\/Zirkus-300x169.jpg 300w\" sizes=\"auto, (max-width: 1280px) 100vw, 1280px\" \/><\/a><\/span><\/span><\/p>\n<p style=\"text-align: justify\"><span style=\"font-size: 14pt\"><strong>Mai 2016 &#8211; &#8222;Wir versch\u00f6nern unsere Schule&#8220;\u00a0<\/strong><\/span><\/p>\n<p style=\"text-align: justify\"><span style=\"font-size: large\"><span style=\"font-size: 12pt\">Im Mai 2016 fand unsere Projektwoche unter dem Motto &#8222;Wir versch\u00f6nern unsere Schule&#8220; statt.\u00a0<\/span><br \/><span style=\"font-size: 12pt\"> Neben der Arbeit in klassen- und jahrgangs\u00fcbergreifenden Projektgruppen, in denen einzelne R\u00e4ume und Bereiche der Schule versch\u00f6nert wurden, stellte jedes Kind ein eigenes Mosaikherz her. Diese sind nun an der Wand vor den Fahrradstellpl\u00e4tzen am Eingang zu bewundern.\u00a0<\/span><span style=\"font-size: 12pt\">Um ein wirklich professionelles und langlebiges Ergebnis zu erzielen, bekamen wir hierf\u00fcr Unterst\u00fctzung vom K\u00fcnstlerehepaar Sturhan aus Asendorf\/Graue. Wir finden, die Ergebnisse k\u00f6nnen sich wirklich sehen lassen!<\/span><\/span><\/p>\n<p style=\"text-align: justify\"><a href=\"http:\/\/wordpress.nibis.de\/gsblender\/files\/2015\/12\/IMG_7355.jpg\"><img loading=\"lazy\" decoding=\"async\" class=\"alignnone size-full wp-image-769\" src=\"http:\/\/wordpress.nibis.de\/gsblender\/files\/2015\/12\/IMG_7355.jpg\" alt=\"IMG_7355\" width=\"2000\" height=\"1333\" srcset=\"https:\/\/wordpress.nibis.de\/gsblender\/files\/2015\/12\/IMG_7355.jpg 2000w, https:\/\/wordpress.nibis.de\/gsblender\/files\/2015\/12\/IMG_7355-300x200.jpg 300w\" sizes=\"auto, (max-width: 2000px) 100vw, 2000px\" \/><\/a><\/p>","protected":false},"excerpt":{"rendered":"<p>Jedes Jahr finden an unserer Schule Projektwochen oder Projekttage mit wechselndem Motto statt. Zirkuswoche \u2013 Februar 2026 Endlich war es wieder soweit. Unsere gemeinsame Projektwoche mit dem Kinder- und Mitmachzirkus Eldorado fand vom 23.02 bis 27.02.2026 bei uns an der Grundschule statt. Alle vier Jahre freuen wir uns auf diese ganz besondere Woche, in der &hellip; <a href=\"https:\/\/wordpress.nibis.de\/gsblender\/projektwoche\/\" class=\"more-link\"><span class=\"screen-reader-text\">Projektwochen und Projekttage<\/span> weiterlesen<\/a><\/p>\n","protected":false},"author":666,"featured_media":777,"parent":0,"menu_order":0,"comment_status":"closed","ping_status":"closed","template":"","meta":{"footnotes":""},"class_list":["post-404","page","type-page","status-publish","has-post-thumbnail","hentry"],"_links":{"self":[{"href":"https:\/\/wordpress.nibis.de\/gsblender\/wp-json\/wp\/v2\/pages\/404","targetHints":{"allow":["GET"]}}],"collection":[{"href":"https:\/\/wordpress.nibis.de\/gsblender\/wp-json\/wp\/v2\/pages"}],"about":[{"href":"https:\/\/wordpress.nibis.de\/gsblender\/wp-json\/wp\/v2\/types\/page"}],"author":[{"embeddable":true,"href":"https:\/\/wordpress.nibis.de\/gsblender\/wp-json\/wp\/v2\/users\/666"}],"replies":[{"embeddable":true,"href":"https:\/\/wordpress.nibis.de\/gsblender\/wp-json\/wp\/v2\/comments?post=404"}],"version-history":[{"count":41,"href":"https:\/\/wordpress.nibis.de\/gsblender\/wp-json\/wp\/v2\/pages\/404\/revisions"}],"predecessor-version":[{"id":2103,"href":"https:\/\/wordpress.nibis.de\/gsblender\/wp-json\/wp\/v2\/pages\/404\/revisions\/2103"}],"wp:featuredmedia":[{"embeddable":true,"href":"https:\/\/wordpress.nibis.de\/gsblender\/wp-json\/wp\/v2\/media\/777"}],"wp:attachment":[{"href":"https:\/\/wordpress.nibis.de\/gsblender\/wp-json\/wp\/v2\/media?parent=404"}],"curies":[{"name":"wp","href":"https:\/\/api.w.org\/{rel}","templated":true}]}}