{"id":429,"date":"2016-01-10T18:55:59","date_gmt":"2016-01-10T17:55:59","guid":{"rendered":"http:\/\/wordpress.nibis.de\/gsblender\/?page_id=429"},"modified":"2016-06-20T20:23:44","modified_gmt":"2016-06-20T18:23:44","slug":"laufabzeichen","status":"publish","type":"page","link":"https:\/\/wordpress.nibis.de\/gsblender\/laufabzeichen\/","title":{"rendered":"Laufabzeichen"},"content":{"rendered":"<p style=\"text-align: justify\"><span style=\"font-size: 12pt\">Laufen f\u00f6rdert die Gesundheit, die Fitness und die Geselligkeit. Daher f\u00fchren wir einmal im Jahr mit allen Sch\u00fclerinnen und Sch\u00fclern unserer Schule das DLV-Laufabzeichen durch. Ziel ist hierbei, kontinuierlich ohne Pause \u00fcber eine bestimmte Zeit zu laufen. Das Tempo kann jeder individuell beliebig gestalten. Zur Dokumentation und als Nachweis f\u00fcr die erbrachten Leistungen gibt es den Laufabzeichen-Pass.<\/span><\/p>\n<p style=\"text-align: justify\"><span style=\"font-size: 12pt\">Im Sportunterricht und in den Unterrichtspausen bereiten wir unsere Sch\u00fclerinnen und Sch\u00fcler schon wochenlang vorher spielerisch auf dieses Event vor.<\/span><\/p>\n","protected":false},"excerpt":{"rendered":"<p>Laufen f\u00f6rdert die Gesundheit, die Fitness und die Geselligkeit. Daher f\u00fchren wir einmal im Jahr mit allen Sch\u00fclerinnen und Sch\u00fclern unserer Schule das DLV-Laufabzeichen durch. Ziel ist hierbei, kontinuierlich ohne Pause \u00fcber eine bestimmte Zeit zu laufen. Das Tempo kann jeder individuell beliebig gestalten. Zur Dokumentation und als Nachweis f\u00fcr die erbrachten Leistungen gibt es &hellip; <a href=\"https:\/\/wordpress.nibis.de\/gsblender\/laufabzeichen\/\" class=\"more-link\"><span class=\"screen-reader-text\">Laufabzeichen<\/span> weiterlesen<\/a><\/p>\n","protected":false},"author":666,"featured_media":797,"parent":0,"menu_order":0,"comment_status":"closed","ping_status":"closed","template":"","meta":{"footnotes":""},"class_list":["post-429","page","type-page","status-publish","has-post-thumbnail","hentry"],"_links":{"self":[{"href":"https:\/\/wordpress.nibis.de\/gsblender\/wp-json\/wp\/v2\/pages\/429","targetHints":{"allow":["GET"]}}],"collection":[{"href":"https:\/\/wordpress.nibis.de\/gsblender\/wp-json\/wp\/v2\/pages"}],"about":[{"href":"https:\/\/wordpress.nibis.de\/gsblender\/wp-json\/wp\/v2\/types\/page"}],"author":[{"embeddable":true,"href":"https:\/\/wordpress.nibis.de\/gsblender\/wp-json\/wp\/v2\/users\/666"}],"replies":[{"embeddable":true,"href":"https:\/\/wordpress.nibis.de\/gsblender\/wp-json\/wp\/v2\/comments?post=429"}],"version-history":[{"count":4,"href":"https:\/\/wordpress.nibis.de\/gsblender\/wp-json\/wp\/v2\/pages\/429\/revisions"}],"predecessor-version":[{"id":802,"href":"https:\/\/wordpress.nibis.de\/gsblender\/wp-json\/wp\/v2\/pages\/429\/revisions\/802"}],"wp:featuredmedia":[{"embeddable":true,"href":"https:\/\/wordpress.nibis.de\/gsblender\/wp-json\/wp\/v2\/media\/797"}],"wp:attachment":[{"href":"https:\/\/wordpress.nibis.de\/gsblender\/wp-json\/wp\/v2\/media?parent=429"}],"curies":[{"name":"wp","href":"https:\/\/api.w.org\/{rel}","templated":true}]}}