{"id":433,"date":"2016-01-10T18:58:49","date_gmt":"2016-01-10T17:58:49","guid":{"rendered":"http:\/\/wordpress.nibis.de\/gsblender\/?page_id=433"},"modified":"2024-08-16T09:58:51","modified_gmt":"2024-08-16T07:58:51","slug":"schulinterne-arbeitsgemeinschaften-ag","status":"publish","type":"page","link":"https:\/\/wordpress.nibis.de\/gsblender\/schulinterne-arbeitsgemeinschaften-ag\/","title":{"rendered":"Schulinterne Arbeitsgemeinschaften (AG)"},"content":{"rendered":"<p><span style=\"font-size: 12pt;font-family: 'book antiqua', palatino, serif\">Bricht ein neues Schulhalbjahr an, k\u00f6nnen unsere Sch\u00fclerinnen und Sch\u00fcler der 3. und 4. Klassen eine AG w\u00e4hlen, die sie interessiert.\u00a0Folgende AGs gibt es in diesem\u00a0Halbjahr an unserer Schule:<\/span><\/p>\n<ul style=\"list-style-type: square\">\n<li><span style=\"font-size: 12pt\"><span style=\"font-family: 'book antiqua', palatino, serif\">&#8222;Soziales Lernen&#8220; im Klassenverband<\/span><\/span><\/li>\n<\/ul>\n<p><span style=\"font-family: 'book antiqua', palatino, serif;font-size: 12pt\">Haben Sie als Elternteil auch Lust, eine AG anzubieten? Wir freuen uns \u00fcber ein vielseitiges Angebot! Melden Sie sich bei uns.<\/span><\/p>\n","protected":false},"excerpt":{"rendered":"<p>Bricht ein neues Schulhalbjahr an, k\u00f6nnen unsere Sch\u00fclerinnen und Sch\u00fcler der 3. und 4. Klassen eine AG w\u00e4hlen, die sie interessiert.\u00a0Folgende AGs gibt es in diesem\u00a0Halbjahr an unserer Schule: &#8222;Soziales Lernen&#8220; im Klassenverband Haben Sie als Elternteil auch Lust, eine AG anzubieten? Wir freuen uns \u00fcber ein vielseitiges Angebot! Melden Sie sich bei uns.<\/p>\n","protected":false},"author":666,"featured_media":0,"parent":0,"menu_order":0,"comment_status":"closed","ping_status":"closed","template":"","meta":{"footnotes":""},"class_list":["post-433","page","type-page","status-publish","hentry"],"_links":{"self":[{"href":"https:\/\/wordpress.nibis.de\/gsblender\/wp-json\/wp\/v2\/pages\/433","targetHints":{"allow":["GET"]}}],"collection":[{"href":"https:\/\/wordpress.nibis.de\/gsblender\/wp-json\/wp\/v2\/pages"}],"about":[{"href":"https:\/\/wordpress.nibis.de\/gsblender\/wp-json\/wp\/v2\/types\/page"}],"author":[{"embeddable":true,"href":"https:\/\/wordpress.nibis.de\/gsblender\/wp-json\/wp\/v2\/users\/666"}],"replies":[{"embeddable":true,"href":"https:\/\/wordpress.nibis.de\/gsblender\/wp-json\/wp\/v2\/comments?post=433"}],"version-history":[{"count":40,"href":"https:\/\/wordpress.nibis.de\/gsblender\/wp-json\/wp\/v2\/pages\/433\/revisions"}],"predecessor-version":[{"id":1913,"href":"https:\/\/wordpress.nibis.de\/gsblender\/wp-json\/wp\/v2\/pages\/433\/revisions\/1913"}],"wp:attachment":[{"href":"https:\/\/wordpress.nibis.de\/gsblender\/wp-json\/wp\/v2\/media?parent=433"}],"curies":[{"name":"wp","href":"https:\/\/api.w.org\/{rel}","templated":true}]}}