{"id":445,"date":"2016-01-10T19:39:53","date_gmt":"2016-01-10T18:39:53","guid":{"rendered":"http:\/\/wordpress.nibis.de\/gsblender\/?page_id=445"},"modified":"2026-02-03T11:03:45","modified_gmt":"2026-02-03T10:03:45","slug":"startseite","status":"publish","type":"page","link":"https:\/\/wordpress.nibis.de\/gsblender\/","title":{"rendered":"Herzlich willkommen auf der Homepage der Grundschule Blender!"},"content":{"rendered":"<header class=\"entry-header\">\n<div class=\"wp-block-image\">\n<div class=\"wp-block-image\"><span style=\"font-size: revert\">Wir freuen uns, Sie hier begr\u00fc\u00dfen zu k\u00f6nnen und \u00fcber Ihr Interesse.<\/span><\/div>\n<\/div>\n<p style=\"text-align: justify\">Auf unserer Seite k\u00f6nnen Sie etwas \u00fcber unser Schulprogramm, unser Profil und Leitbild, \u00fcber Projekte und Aktionen erfahren. Informieren Sie sich \u00fcber Neuigkeiten und Termine oder verschaffen Sie sich einfach einen \u00dcberblick \u00fcber unser Schulleben.<\/p>\n<p style=\"text-align: justify\">Sollten Sie weitere Fragen haben, steht Ihnen das Team unserer Schule selbstverst\u00e4ndlich gern pers\u00f6nlich zur Verf\u00fcgung.<\/p>\n<p style=\"text-align: justify\">Viel Freude auf unseren Seiten w\u00fcnscht das Team der Grundschule Blender.<\/p>\n<div class=\"wp-block-image\"><img loading=\"lazy\" decoding=\"async\" class=\"wpa-warning wpa-image-missing-alt alignnone size-full wp-image-2090 aligncenter\" src=\"https:\/\/wordpress.nibis.de\/gsblender\/files\/2026\/02\/Bildschirmfoto-2026-02-03-um-10.55.34.png\" alt=\"\" width=\"622\" height=\"896\" data-warning=\"Missing alt text\" srcset=\"https:\/\/wordpress.nibis.de\/gsblender\/files\/2026\/02\/Bildschirmfoto-2026-02-03-um-10.55.34.png 622w, https:\/\/wordpress.nibis.de\/gsblender\/files\/2026\/02\/Bildschirmfoto-2026-02-03-um-10.55.34-208x300.png 208w, https:\/\/wordpress.nibis.de\/gsblender\/files\/2026\/02\/Bildschirmfoto-2026-02-03-um-10.55.34-100x144.png 100w\" sizes=\"auto, (max-width: 622px) 100vw, 622px\" \/><\/div>\n<\/header>\n","protected":false},"excerpt":{"rendered":"<p>Wir freuen uns, Sie hier begr\u00fc\u00dfen zu k\u00f6nnen und \u00fcber Ihr Interesse. Auf unserer Seite k\u00f6nnen Sie etwas \u00fcber unser Schulprogramm, unser Profil und Leitbild, \u00fcber Projekte und Aktionen erfahren. Informieren Sie sich \u00fcber Neuigkeiten und Termine oder verschaffen Sie sich einfach einen \u00dcberblick \u00fcber unser Schulleben. Sollten Sie weitere Fragen haben, steht Ihnen das &hellip; <a href=\"https:\/\/wordpress.nibis.de\/gsblender\/\" class=\"more-link\"><span class=\"screen-reader-text\">Herzlich willkommen auf der Homepage der Grundschule Blender!<\/span> weiterlesen<\/a><\/p>\n","protected":false},"author":666,"featured_media":768,"parent":0,"menu_order":0,"comment_status":"closed","ping_status":"closed","template":"","meta":{"footnotes":""},"class_list":["post-445","page","type-page","status-publish","has-post-thumbnail","hentry"],"_links":{"self":[{"href":"https:\/\/wordpress.nibis.de\/gsblender\/wp-json\/wp\/v2\/pages\/445","targetHints":{"allow":["GET"]}}],"collection":[{"href":"https:\/\/wordpress.nibis.de\/gsblender\/wp-json\/wp\/v2\/pages"}],"about":[{"href":"https:\/\/wordpress.nibis.de\/gsblender\/wp-json\/wp\/v2\/types\/page"}],"author":[{"embeddable":true,"href":"https:\/\/wordpress.nibis.de\/gsblender\/wp-json\/wp\/v2\/users\/666"}],"replies":[{"embeddable":true,"href":"https:\/\/wordpress.nibis.de\/gsblender\/wp-json\/wp\/v2\/comments?post=445"}],"version-history":[{"count":20,"href":"https:\/\/wordpress.nibis.de\/gsblender\/wp-json\/wp\/v2\/pages\/445\/revisions"}],"predecessor-version":[{"id":2091,"href":"https:\/\/wordpress.nibis.de\/gsblender\/wp-json\/wp\/v2\/pages\/445\/revisions\/2091"}],"wp:featuredmedia":[{"embeddable":true,"href":"https:\/\/wordpress.nibis.de\/gsblender\/wp-json\/wp\/v2\/media\/768"}],"wp:attachment":[{"href":"https:\/\/wordpress.nibis.de\/gsblender\/wp-json\/wp\/v2\/media?parent=445"}],"curies":[{"name":"wp","href":"https:\/\/api.w.org\/{rel}","templated":true}]}}