{"id":458,"date":"2016-01-10T20:11:06","date_gmt":"2016-01-10T19:11:06","guid":{"rendered":"http:\/\/wordpress.nibis.de\/gsblender\/?page_id=458"},"modified":"2025-10-26T10:23:16","modified_gmt":"2025-10-26T09:23:16","slug":"uebergang-zur-weiterfuehrenden-schule","status":"publish","type":"page","link":"https:\/\/wordpress.nibis.de\/gsblender\/uebergang-zur-weiterfuehrenden-schule\/","title":{"rendered":"\u00dcbergang zur weiterf\u00fchrenden Schule"},"content":{"rendered":"<p style=\"text-align: justify\"><span style=\"font-size: 12pt\">\u201eDie Grundschule bietet den Erziehungsberechtigten im 4. Schuljahrgang mindestens zwei Beratungsgespr\u00e4che an, um sie \u00fcber die individuelle Lernentwicklung ihres Kindes zu informieren und \u00fcber die Wahl der weiterf\u00fchrenden Schulformen und Bildungsg\u00e4nge (\u00a7 59 Abs. 1 Satz 1) zu beraten. Die Sch\u00fclerin oder der Sch\u00fcler ist in geeigneter Form in die Beratung einzubeziehen.\u201c (Nr. 7.2 des Erlasses \u201eDie Arbeit in der Grundschule&#8220;).<\/span><\/p>\n<p style=\"text-align: justify\"><span style=\"font-size: 12pt\">Die Beratungsgespr\u00e4che kn\u00fcpfen an die regelm\u00e4\u00dfigen Informationen der Erziehungsberechtigten zur Lernentwicklung ihrer Kinder an, wie sie in der Dokumentation der individuellen Lernentwicklung festgehalten sind. Die Dokumentation liegt zur Einsicht beim Gespr\u00e4ch vor.<\/span><\/p>\n<p style=\"text-align: justify\"><span style=\"font-size: 12pt\">Im 2. Schulhalbjahr findet ein Informationsabend der Grundschulen statt. Zudem bieten die weiterf\u00fchrenden Schulen Informationselternabende an. Weitere Informationen erhalten die Erziehungsberechtigten der Viertkl\u00e4ssler zeitnah.<\/span><\/p>\n<p style=\"text-align: justify\"><span style=\"font-size: 12pt\">Sollten Fragen bestehen, k\u00f6nnen Sie sich gern mit Ihrer Klassenlehrerin oder mit Frau Kuhr in Verbindung setzen.<\/span><\/p>\n<p style=\"text-align: justify\">\n","protected":false},"excerpt":{"rendered":"<p>\u201eDie Grundschule bietet den Erziehungsberechtigten im 4. Schuljahrgang mindestens zwei Beratungsgespr\u00e4che an, um sie \u00fcber die individuelle Lernentwicklung ihres Kindes zu informieren und \u00fcber die Wahl der weiterf\u00fchrenden Schulformen und Bildungsg\u00e4nge (\u00a7 59 Abs. 1 Satz 1) zu beraten. Die Sch\u00fclerin oder der Sch\u00fcler ist in geeigneter Form in die Beratung einzubeziehen.\u201c (Nr. 7.2 des &hellip; <a href=\"https:\/\/wordpress.nibis.de\/gsblender\/uebergang-zur-weiterfuehrenden-schule\/\" class=\"more-link\"><span class=\"screen-reader-text\">\u00dcbergang zur weiterf\u00fchrenden Schule<\/span> weiterlesen<\/a><\/p>\n","protected":false},"author":666,"featured_media":0,"parent":0,"menu_order":0,"comment_status":"closed","ping_status":"closed","template":"","meta":{"footnotes":""},"class_list":["post-458","page","type-page","status-publish","hentry"],"_links":{"self":[{"href":"https:\/\/wordpress.nibis.de\/gsblender\/wp-json\/wp\/v2\/pages\/458","targetHints":{"allow":["GET"]}}],"collection":[{"href":"https:\/\/wordpress.nibis.de\/gsblender\/wp-json\/wp\/v2\/pages"}],"about":[{"href":"https:\/\/wordpress.nibis.de\/gsblender\/wp-json\/wp\/v2\/types\/page"}],"author":[{"embeddable":true,"href":"https:\/\/wordpress.nibis.de\/gsblender\/wp-json\/wp\/v2\/users\/666"}],"replies":[{"embeddable":true,"href":"https:\/\/wordpress.nibis.de\/gsblender\/wp-json\/wp\/v2\/comments?post=458"}],"version-history":[{"count":5,"href":"https:\/\/wordpress.nibis.de\/gsblender\/wp-json\/wp\/v2\/pages\/458\/revisions"}],"predecessor-version":[{"id":2056,"href":"https:\/\/wordpress.nibis.de\/gsblender\/wp-json\/wp\/v2\/pages\/458\/revisions\/2056"}],"wp:attachment":[{"href":"https:\/\/wordpress.nibis.de\/gsblender\/wp-json\/wp\/v2\/media?parent=458"}],"curies":[{"name":"wp","href":"https:\/\/api.w.org\/{rel}","templated":true}]}}