{"id":57,"date":"2015-03-17T17:56:36","date_gmt":"2015-03-17T16:56:36","guid":{"rendered":"http:\/\/wordpress.nibis.de\/gsblender\/?page_id=57"},"modified":"2025-10-07T13:58:53","modified_gmt":"2025-10-07T11:58:53","slug":"schule","status":"publish","type":"page","link":"https:\/\/wordpress.nibis.de\/gsblender\/schule\/","title":{"rendered":"Unsere Schule"},"content":{"rendered":"<p style=\"text-align: justify\"><span class=\"alignnone\" style=\"font-size: 12pt\"><a href=\"http:\/\/wordpress.nibis.de\/gsblender\/files\/2015\/05\/Blender-Logo_dunkler.jpg\"><img loading=\"lazy\" decoding=\"async\" class=\"wp-image-344 alignright\" src=\"http:\/\/wordpress.nibis.de\/gsblender\/files\/2015\/05\/Blender-Logo_dunkler.jpg\" alt=\"\" width=\"264\" height=\"178\" srcset=\"https:\/\/wordpress.nibis.de\/gsblender\/files\/2015\/05\/Blender-Logo_dunkler.jpg 640w, https:\/\/wordpress.nibis.de\/gsblender\/files\/2015\/05\/Blender-Logo_dunkler-300x202.jpg 300w\" sizes=\"auto, (max-width: 264px) 100vw, 264px\" \/><\/a>Wir freuen uns \u00fcber Ihr Interesse und m\u00f6chten Ihnen unsere schulische Arbeit gern vorstellen.<br \/>\nDie <span style=\"font-size: 16px\">Grundschule<\/span> Blender ist eine verl\u00e4ssliche Grundschule der Gemeinde Thedinghausen.\u00a0<\/span><\/p>\n<p style=\"text-align: justify\"><span style=\"font-size: 12pt\"><strong>Ehrlichkeit und Verl\u00e4sslichkeit<\/strong> sind Grundvoraussetzungen eines gut funktionierenden Miteinanders und die Basis jeder Kooperation. Ein konstruktiver Austausch geh\u00f6rt dazu, Probleme zu l\u00f6sen und Ver\u00e4nderungen gemeinsam anzugehen.<\/span><br \/>\n<span style=\"font-size: 12pt\">Dabei d\u00fcrfen Fehler gemacht werden, denn so kann gelernt und ver\u00e4ndert werden.<\/span><\/p>\n<p style=\"text-align: justify\"><span style=\"font-size: 12pt\">Wir <strong>wertsch\u00e4tzen das Engagement<\/strong> und die Leistung aller und sch\u00e4tzen ein konstruktives Feedback.<\/span><\/p>\n<p style=\"text-align: justify\"><span style=\"font-size: 12pt\"><strong>Offenheit und Transparenz<\/strong> sind wichtige Voraussetzungen f\u00fcr die Teamf\u00e4higkeit. Konflikte oder Unsicherheiten lassen sich durch ein offenes Gespr\u00e4ch l\u00f6sen und gemeinsam bearbeiten.<\/span><\/p>\n<p style=\"text-align: justify\"><span style=\"font-size: 12pt\">Sollten Sie Fragen, W\u00fcnsche oder Anregungen haben, setzen Sie sich gern mit uns in Verbindung und vereinbaren einen Gespr\u00e4chstermin. Wir stehen Ihnen gern zur Verf\u00fcgung.<\/span><\/p>\n<p style=\"text-align: justify\">\n","protected":false},"excerpt":{"rendered":"<p>Wir freuen uns \u00fcber Ihr Interesse und m\u00f6chten Ihnen unsere schulische Arbeit gern vorstellen. Die Grundschule Blender ist eine verl\u00e4ssliche Grundschule der Gemeinde Thedinghausen.\u00a0 Ehrlichkeit und Verl\u00e4sslichkeit sind Grundvoraussetzungen eines gut funktionierenden Miteinanders und die Basis jeder Kooperation. Ein konstruktiver Austausch geh\u00f6rt dazu, Probleme zu l\u00f6sen und Ver\u00e4nderungen gemeinsam anzugehen. Dabei d\u00fcrfen Fehler gemacht werden, &hellip; <a href=\"https:\/\/wordpress.nibis.de\/gsblender\/schule\/\" class=\"more-link\"><span class=\"screen-reader-text\">Unsere Schule<\/span> weiterlesen<\/a><\/p>\n","protected":false},"author":666,"featured_media":0,"parent":0,"menu_order":0,"comment_status":"closed","ping_status":"closed","template":"","meta":{"footnotes":""},"class_list":["post-57","page","type-page","status-publish","hentry"],"_links":{"self":[{"href":"https:\/\/wordpress.nibis.de\/gsblender\/wp-json\/wp\/v2\/pages\/57","targetHints":{"allow":["GET"]}}],"collection":[{"href":"https:\/\/wordpress.nibis.de\/gsblender\/wp-json\/wp\/v2\/pages"}],"about":[{"href":"https:\/\/wordpress.nibis.de\/gsblender\/wp-json\/wp\/v2\/types\/page"}],"author":[{"embeddable":true,"href":"https:\/\/wordpress.nibis.de\/gsblender\/wp-json\/wp\/v2\/users\/666"}],"replies":[{"embeddable":true,"href":"https:\/\/wordpress.nibis.de\/gsblender\/wp-json\/wp\/v2\/comments?post=57"}],"version-history":[{"count":35,"href":"https:\/\/wordpress.nibis.de\/gsblender\/wp-json\/wp\/v2\/pages\/57\/revisions"}],"predecessor-version":[{"id":2048,"href":"https:\/\/wordpress.nibis.de\/gsblender\/wp-json\/wp\/v2\/pages\/57\/revisions\/2048"}],"wp:attachment":[{"href":"https:\/\/wordpress.nibis.de\/gsblender\/wp-json\/wp\/v2\/media?parent=57"}],"curies":[{"name":"wp","href":"https:\/\/api.w.org\/{rel}","templated":true}]}}