{"id":640,"date":"2016-04-04T15:55:39","date_gmt":"2016-04-04T13:55:39","guid":{"rendered":"http:\/\/wordpress.nibis.de\/gsblender\/?page_id=640"},"modified":"2023-10-04T09:28:23","modified_gmt":"2023-10-04T07:28:23","slug":"elternmitarbeit-und-gremien","status":"publish","type":"page","link":"https:\/\/wordpress.nibis.de\/gsblender\/elternmitarbeit-und-gremien\/","title":{"rendered":"Elternmitarbeit und Gremien"},"content":{"rendered":"<p style=\"text-align: justify\"><span style=\"font-size: 12pt\">1.\u00a0Klassenelternschaft:<\/span><br \/><span style=\"font-size: 12pt\">In der ersten und dritten Klassenstufe w\u00e4hlt die Elternschaft auf einem Elternabend nach den Sommerferien f\u00fcr zwei Jahre:<\/span><\/p>\n<ul style=\"text-align: justify\">\n<li><span style=\"font-size: 12pt\">Einen Vorsitzenden \/ eine Vorsitzende (gleichzeitige Mitgliedschaft im Schulelternrat)<\/span><\/li>\n<li><span style=\"font-size: 12pt\">Einen Stellvertreter \/ eine Stellvertreterin<\/span><\/li>\n<li><span style=\"font-size: 12pt\">Klassenkonferenzvertreter<\/span><\/li>\n<\/ul>\n<p style=\"text-align: justify\"><span style=\"font-size: 12pt\">2. Schulelternrat<strong><u><br \/><\/u><\/strong>Die gew\u00e4hlten Vertreter des Klassenelternrates geh\u00f6ren automatisch dem Schulelternrat an. Der Schulelternrat muss \u00fcber wichtige Entscheidungen der Schule (z.B. Leistungsbewertung, Einf\u00fchrung neuer B\u00fccher, organisatorische \u00c4nderungen usw.) informiert werden und hat Mitspracherecht. Er w\u00e4hlt aus seinen Mitgliedern eine\/n Vorsitzende\/n und dessen Stellvertreter, sowie Abgeordnete f\u00fcr die Gesamt- und Fachkonferenzen.<\/span><\/p>\n<p><span style=\"font-size: 12pt\"><span style=\"text-decoration: underline\">Mitglieder unseres Schulelternrates:<\/span> <\/span><br \/><span style=\"font-size: 12pt\">Vorsitzende: Jacqueline B\u00fclow \u00a0 \u00a0 \u00a0 \u00a0 \u00a0 \u00a0 \u00a0 \u00a0 \u00a0 \u00a0 \u00a0 \u00a0 \u00a0 \u00a0 \u00a0 \u00a0 \u00a0 \u00a0 \u00a0 \u00a0 \u00a0 \u00a0 \u00a0 \u00a0 \u00a0 \u00a0 \u00a0 \u00a0 \u00a0 \u00a0 \u00a0 \u00a0 \u00a0 \u00a0 \u00a0 \u00a0 \u00a0 \u00a0 \u00a0 \u00a0 \u00a0 \u00a0 \u00a0 \u00a0 \u00a0 \u00a0 \u00a0 \u00a0 <\/span><span style=\"font-size: 12pt\">Stellvertretung:\u00a0Gesa Cordes \u00a0 \u00a0 \u00a0 \u00a0 \u00a0 \u00a0 \u00a0 \u00a0 \u00a0 \u00a0 \u00a0 \u00a0 \u00a0 \u00a0 \u00a0 \u00a0 \u00a0 \u00a0 \u00a0 \u00a0 \u00a0 \u00a0 \u00a0 \u00a0 \u00a0 \u00a0 \u00a0 \u00a0 \u00a0 \u00a0 \u00a0 \u00a0 \u00a0 \u00a0 \u00a0 \u00a0 \u00a0 \u00a0 \u00a0 \u00a0 \u00a0 \u00a0 \u00a0 \u00a0 \u00a0 \u00a0 \u00a0 \u00a0 \u00a0 \u00a0 \u00a0 \u00a0 Kontakt:\u00a0s&#x63;&#104;u&#x6c;&#101;l&#x74;&#x65;&#114;&#x6e;&#x72;&#97;t&#x40;&#103;s&#x2d;&#98;l&#x65;&#x6e;&#100;&#x65;&#x72;&#46;d&#x65;<\/span><\/p>\n<p style=\"text-align: justify\"><span style=\"font-size: 12pt\">3. Gesamtkonferenz:<\/span><br \/><span style=\"font-size: 12pt\">Den Vorsitz der Gesamtkonferenz hat die Schulleitung. Alle hauptamtlichen Lehrkr\u00e4fte sind Mitglieder der Konferenz. Die Anzahl der ElternvertreterInnen in einer Gesamtkonferenz richtet sich nach der Anzahl der an der Schule t\u00e4tigen hauptamtlichen Lehrkr\u00e4fte (NSchG \u00a736).<\/span><br \/><span style=\"font-size: 12pt\">Die Gesamtkonferenz entscheidet \u00fcber allgemeine Angelegenheiten der Schule, die innere Organisation der Schule, wichtige Fragen des Unterrichtes und der Erziehung sowie \u00fcber eine allgemeine Schulordnung.<\/span><\/p>\n<p style=\"text-align: justify\"><span style=\"font-size: 12pt\">4. Schulvorstand<br \/><\/span><span style=\"font-size: 12pt\">Mitglieder der Schulvorstandes werden f\u00fcr zwei Jahre gew\u00e4hlt. Den Vorsitz des Schulvorstandes hat die Schulleitung. In Sitzungen des Schulvorstandes werden folgende Dinge entschieden:<\/span><\/p>\n<ul>\n<li style=\"text-align: justify\"><span style=\"font-size: 12pt\">Verteilung der Haushaltsmittel<\/span><\/li>\n<li style=\"text-align: justify\"><span style=\"font-size: 12pt\">Wichtigen Fragen der Zusammenarbeit mit dem Schultr\u00e4ger<\/span><\/li>\n<li style=\"text-align: justify\"><span style=\"font-size: 12pt\">Innerschulische Reformen<\/span><\/li>\n<li style=\"text-align: justify\"><span style=\"font-size: 12pt\">Einrichtungen schulischer Veranstaltungen<\/span><\/li>\n<li style=\"text-align: justify\"><span style=\"font-size: 12pt\">Wichtige Fragen der Zusammenarbeit mit Eltern<\/span><\/li>\n<\/ul>\n\n","protected":false},"excerpt":{"rendered":"<p>1.\u00a0Klassenelternschaft:In der ersten und dritten Klassenstufe w\u00e4hlt die Elternschaft auf einem Elternabend nach den Sommerferien f\u00fcr zwei Jahre: Einen Vorsitzenden \/ eine Vorsitzende (gleichzeitige Mitgliedschaft im Schulelternrat) Einen Stellvertreter \/ eine Stellvertreterin Klassenkonferenzvertreter 2. SchulelternratDie gew\u00e4hlten Vertreter des Klassenelternrates geh\u00f6ren automatisch dem Schulelternrat an. Der Schulelternrat muss \u00fcber wichtige Entscheidungen der Schule (z.B. Leistungsbewertung, Einf\u00fchrung &hellip; <a href=\"https:\/\/wordpress.nibis.de\/gsblender\/elternmitarbeit-und-gremien\/\" class=\"more-link\"><span class=\"screen-reader-text\">Elternmitarbeit und Gremien<\/span> weiterlesen<\/a><\/p>\n","protected":false},"author":666,"featured_media":0,"parent":0,"menu_order":0,"comment_status":"closed","ping_status":"closed","template":"","meta":{"footnotes":""},"class_list":["post-640","page","type-page","status-publish","hentry"],"_links":{"self":[{"href":"https:\/\/wordpress.nibis.de\/gsblender\/wp-json\/wp\/v2\/pages\/640","targetHints":{"allow":["GET"]}}],"collection":[{"href":"https:\/\/wordpress.nibis.de\/gsblender\/wp-json\/wp\/v2\/pages"}],"about":[{"href":"https:\/\/wordpress.nibis.de\/gsblender\/wp-json\/wp\/v2\/types\/page"}],"author":[{"embeddable":true,"href":"https:\/\/wordpress.nibis.de\/gsblender\/wp-json\/wp\/v2\/users\/666"}],"replies":[{"embeddable":true,"href":"https:\/\/wordpress.nibis.de\/gsblender\/wp-json\/wp\/v2\/comments?post=640"}],"version-history":[{"count":11,"href":"https:\/\/wordpress.nibis.de\/gsblender\/wp-json\/wp\/v2\/pages\/640\/revisions"}],"predecessor-version":[{"id":1833,"href":"https:\/\/wordpress.nibis.de\/gsblender\/wp-json\/wp\/v2\/pages\/640\/revisions\/1833"}],"wp:attachment":[{"href":"https:\/\/wordpress.nibis.de\/gsblender\/wp-json\/wp\/v2\/media?parent=640"}],"curies":[{"name":"wp","href":"https:\/\/api.w.org\/{rel}","templated":true}]}}