{"id":742,"date":"2016-06-01T14:52:51","date_gmt":"2016-06-01T12:52:51","guid":{"rendered":"http:\/\/wordpress.nibis.de\/gsblender\/?page_id=742"},"modified":"2023-03-16T10:57:56","modified_gmt":"2023-03-16T09:57:56","slug":"ueber-uns","status":"publish","type":"page","link":"https:\/\/wordpress.nibis.de\/gsblender\/ueber-uns\/","title":{"rendered":"\u00dcber uns"},"content":{"rendered":"<p style=\"text-align: justify\"><span style=\"font-size: 16px\"><strong>Wer wir sind\u2026<\/strong><\/span><\/p>\n<p style=\"text-align: justify\"><span style=\"font-size: 16px\">Im Januar 1996 gr\u00fcndeten Eltern und Lehrkr\u00e4fte der Grundschule Blender den Schulf\u00f6rderverein.<\/span><br \/>\n<span style=\"font-size: 16px\"> Solche Vereine gibt es mittlerweile an vielen Schulen. Sie bieten die M\u00f6glichkeit, \u00fcber Gesamtkonferenzen und Elternversammlungen hinaus das Schulleben zu unterst\u00fctzen.<\/span><br \/>\n<span style=\"font-size: 16px\"> Das hei\u00dft zum einen durch Sach- und Finanzmittel; Geld braucht man f\u00fcr fast alles. Zum anderen ist die ehrenamtliche und freiwillige Hilfe unserer Mitglieder unersetzlich, z.B. beim Flohmarkt, Kinonachmittag oder bei Schul- und Sportfesten. Wir freuen uns \u00fcber jede helfende Hand.<\/span><\/p>\n<p style=\"text-align: justify\"><span style=\"font-size: 16px\">Jeder kann im F\u00f6rderverein <a href=\"https:\/\/wordpress.nibis.de\/gsblender\/mitgliedschaft\/\">Mitglied<\/a> werden: Eltern, Lehrer, ehemalige Sch\u00fcler aber auch Gro\u00dfeltern, Paten und wer sonst noch die Kinder w\u00e4hrend ihrer Grundschulzeit ein wenig unterst\u00fctzen m\u00f6chte.<\/span><br \/>\n<span style=\"font-size: 16px\"> Mit einem Monatsbeitrag von nur Euro 1,- m\u00f6chten wir allen die M\u00f6glichkeit bieten, uns bei unserer Arbeit zu helfen.<\/span><br \/>\n<span style=\"font-size: 16px\"> Wer den Verein unterst\u00fctzen m\u00f6chte, kann das auch in Form von Spenden tun (nat\u00fcrlich stellen wir gern Spendenbescheinigungen aus!).<\/span><\/p>\n<p style=\"text-align: justify\"><span style=\"font-size: 16px\"><strong>Was wir veranstalten\u2026<\/strong><\/span><\/p>\n<p style=\"text-align: justify\"><span style=\"font-size: 16px\">Unsere regelm\u00e4\u00dfigen Veranstaltungen sind:<\/span><\/p>\n<ul style=\"text-align: justify\">\n<li><span style=\"font-size: 16px\">Bastelnachmittage<\/span><\/li>\n<li><span style=\"font-size: 16px\">Kinonachmittage<\/span><\/li>\n<li><span style=\"font-size: 16px\">Aktionstage zur Pflege des Schulhofes,\u00a0der B\u00fccherei und des Innenhofes<\/span><\/li>\n<li><span style=\"font-size: 16px\">Autorenlesungen und Informationsveranstaltungen f\u00fcr Kinder und Eltern<\/span><\/li>\n<li><span style=\"font-size: 16px\">Ferienpassaktionen<\/span><\/li>\n<li><span style=\"font-size: 16px\">Selbstbehauptungskurse f\u00fcr die vierten Klassen<\/span><\/li>\n<\/ul>\n<p style=\"text-align: justify\"><span style=\"font-size: 16px\">Ferner sind wir immer zur Einschulung und bei Elternsprechtagen in der Schule anwesend.<\/span><\/p>\n<p style=\"text-align: justify\"><span style=\"font-size: 16px\"><strong>Wie wir die Sch\u00fcler und die Schule unterst\u00fctzen:<\/strong><\/span><\/p>\n<p style=\"text-align: justify\"><span style=\"font-size: 16px\">Beispiel: Pro Fach und Jahr stehen der Schule ca. 150,-\u20ac f\u00fcr Neuanschaffungen zur Verf\u00fcgung. Die Anschaffung eines Xylophons f\u00fcr den Musikunterricht\u00a0 betr\u00e4gt aber schon 350,- \u20ac. Hier unterst\u00fctzt der F\u00f6rderverein durch seine Beitr\u00e4ge und Spenden.<\/span><\/p>\n<p style=\"text-align: justify\"><span style=\"font-size: 16px\">Andere Anschaffungen, die von uns getragen wurden sind diverse Spielger\u00e4te f\u00fcr die Pausen\u00a0 z.B. Pedalos und Roller, sowie vor kurzem der Kauf einer Schaukel f\u00fcr den Schulhof. Die B\u00fccherei wurde im letzten Jahr mit \u00fcber 100 neuen B\u00fcchern ausgestattet.<\/span><\/p>\n<p style=\"text-align: justify\"><span style=\"font-size: 16px\">Diese kurze Beschreibung hilft zu verstehen, wie wichtig unsere Arbeit ist, gerade durch immer geringere \u00f6ffentliche Mittel.\u00a0Mit einem kleinen Beitrag k\u00f6nnen wir unseren Kindern das t\u00e4gliche Schulleben bereichern und unterst\u00fctzen ihre Ausbildung und Zukunft.<\/span><\/p>\n","protected":false},"excerpt":{"rendered":"<p>Wer wir sind\u2026 Im Januar 1996 gr\u00fcndeten Eltern und Lehrkr\u00e4fte der Grundschule Blender den Schulf\u00f6rderverein. Solche Vereine gibt es mittlerweile an vielen Schulen. Sie bieten die M\u00f6glichkeit, \u00fcber Gesamtkonferenzen und Elternversammlungen hinaus das Schulleben zu unterst\u00fctzen. Das hei\u00dft zum einen durch Sach- und Finanzmittel; Geld braucht man f\u00fcr fast alles. Zum anderen ist die ehrenamtliche &hellip; <a href=\"https:\/\/wordpress.nibis.de\/gsblender\/ueber-uns\/\" class=\"more-link\"><span class=\"screen-reader-text\">\u00dcber uns<\/span> weiterlesen<\/a><\/p>\n","protected":false},"author":666,"featured_media":0,"parent":0,"menu_order":0,"comment_status":"closed","ping_status":"closed","template":"","meta":{"footnotes":""},"class_list":["post-742","page","type-page","status-publish","hentry"],"_links":{"self":[{"href":"https:\/\/wordpress.nibis.de\/gsblender\/wp-json\/wp\/v2\/pages\/742","targetHints":{"allow":["GET"]}}],"collection":[{"href":"https:\/\/wordpress.nibis.de\/gsblender\/wp-json\/wp\/v2\/pages"}],"about":[{"href":"https:\/\/wordpress.nibis.de\/gsblender\/wp-json\/wp\/v2\/types\/page"}],"author":[{"embeddable":true,"href":"https:\/\/wordpress.nibis.de\/gsblender\/wp-json\/wp\/v2\/users\/666"}],"replies":[{"embeddable":true,"href":"https:\/\/wordpress.nibis.de\/gsblender\/wp-json\/wp\/v2\/comments?post=742"}],"version-history":[{"count":5,"href":"https:\/\/wordpress.nibis.de\/gsblender\/wp-json\/wp\/v2\/pages\/742\/revisions"}],"predecessor-version":[{"id":1716,"href":"https:\/\/wordpress.nibis.de\/gsblender\/wp-json\/wp\/v2\/pages\/742\/revisions\/1716"}],"wp:attachment":[{"href":"https:\/\/wordpress.nibis.de\/gsblender\/wp-json\/wp\/v2\/media?parent=742"}],"curies":[{"name":"wp","href":"https:\/\/api.w.org\/{rel}","templated":true}]}}