{"id":746,"date":"2016-06-01T14:53:28","date_gmt":"2016-06-01T12:53:28","guid":{"rendered":"http:\/\/wordpress.nibis.de\/gsblender\/?page_id=746"},"modified":"2024-11-15T08:17:26","modified_gmt":"2024-11-15T07:17:26","slug":"mitgliedschaft","status":"publish","type":"page","link":"https:\/\/wordpress.nibis.de\/gsblender\/mitgliedschaft\/","title":{"rendered":"Mitgliedschaft"},"content":{"rendered":"<p style=\"text-align: justify\"><span style=\"font-size: 16px\">Das <a href=\"https:\/\/wordpress.nibis.de\/gsblender\/files\/2024\/11\/SFV-Flyer-Neu-2024.pdf\">Beitrittsformular<\/a> einfach im Schulsekretariat oder beim Klassenlehrer abgeben. Nat\u00fcrlich k\u00f6nnen Sie die Beitrittserkl\u00e4rung auch bei einem Vorstandsmitglied abgeben.<\/span><\/p>\n<p style=\"text-align: justify\"><span style=\"font-size: 16px\">Der j\u00e4hrliche Mitgliedsbeitrag betr\u00e4gt mindestens \u20ac 12,00. Abweichend hiervon kann auch ein h\u00f6herer Beitrag geleistet werden. Der Jahresbeitrag ist grunds\u00e4tzlich durch Lastschriftverfahren zu entrichten.<\/span><\/p>\n<p style=\"text-align: justify\"><span style=\"font-size: 16px\">K\u00fcndigung der Mitgliedschaft: Die Mitgliedschaft ist jeweils zum Ende des laufenden Kalenderjahres k\u00fcndbar. Sie kann per E-Mail an <a href=\"m&#97;&#x69;&#x6c;&#x74;o&#58;&#115;&#x63;&#x68;u&#108;&#102;&#x6f;&#x65;rd&#101;&#x72;&#x76;&#x65;r&#101;&#x69;&#x6e;&#x2d;b&#108;&#101;&#x6e;&#x64;e&#114;&#64;&#x67;&#x6d;x&#46;&#100;&#x65;\">&#x73;c&#x68;&#117;&#x6c;&#x66;o&#x65;&#114;&#x64;&#x65;r&#x76;&#101;&#x72;&#x65;i&#x6e;&#45;&#x62;&#x6c;e&#x6e;&#100;&#x65;&#x72;&#64;&#x67;&#109;&#x78;&#x2e;d&#x65;<\/a> gesandt oder schriftlich \u00fcber das Schulsekretariat oder den Klassenlehrer an den Vorstand des SFV weitergeleitet werden.<\/span><\/p>\n<p style=\"text-align: justify\"><span style=\"font-size: 16px\"><strong>Wir freuen uns ebenso \u00fcber eine einmalige Spende f\u00fcr den SFV!<\/strong><\/span><\/p>\n<p style=\"text-align: justify\"><span style=\"font-size: 16px\"><strong>Unser Spendenkonto:<br \/>\nIBAN DE53291526700010632107<br \/>\nBIC BRLADE21VER<\/strong><\/span><\/p>\n<p style=\"text-align: justify\"><span style=\"font-size: 16px\">Auf Wunsch stellen wir nat\u00fcrlich auch gern eine vom Finanzamt anerkannte Spendenquittung aus. Bitte geben Sie daf\u00fcr bei der \u00dcberweisung Ihre Anschrift mit an.<\/span><\/p>\n","protected":false},"excerpt":{"rendered":"<p>Das Beitrittsformular einfach im Schulsekretariat oder beim Klassenlehrer abgeben. Nat\u00fcrlich k\u00f6nnen Sie die Beitrittserkl\u00e4rung auch bei einem Vorstandsmitglied abgeben. Der j\u00e4hrliche Mitgliedsbeitrag betr\u00e4gt mindestens \u20ac 12,00. Abweichend hiervon kann auch ein h\u00f6herer Beitrag geleistet werden. Der Jahresbeitrag ist grunds\u00e4tzlich durch Lastschriftverfahren zu entrichten. K\u00fcndigung der Mitgliedschaft: Die Mitgliedschaft ist jeweils zum Ende des laufenden Kalenderjahres &hellip; <a href=\"https:\/\/wordpress.nibis.de\/gsblender\/mitgliedschaft\/\" class=\"more-link\"><span class=\"screen-reader-text\">Mitgliedschaft<\/span> weiterlesen<\/a><\/p>\n","protected":false},"author":666,"featured_media":0,"parent":0,"menu_order":0,"comment_status":"closed","ping_status":"closed","template":"","meta":{"footnotes":""},"class_list":["post-746","page","type-page","status-publish","hentry"],"_links":{"self":[{"href":"https:\/\/wordpress.nibis.de\/gsblender\/wp-json\/wp\/v2\/pages\/746","targetHints":{"allow":["GET"]}}],"collection":[{"href":"https:\/\/wordpress.nibis.de\/gsblender\/wp-json\/wp\/v2\/pages"}],"about":[{"href":"https:\/\/wordpress.nibis.de\/gsblender\/wp-json\/wp\/v2\/types\/page"}],"author":[{"embeddable":true,"href":"https:\/\/wordpress.nibis.de\/gsblender\/wp-json\/wp\/v2\/users\/666"}],"replies":[{"embeddable":true,"href":"https:\/\/wordpress.nibis.de\/gsblender\/wp-json\/wp\/v2\/comments?post=746"}],"version-history":[{"count":11,"href":"https:\/\/wordpress.nibis.de\/gsblender\/wp-json\/wp\/v2\/pages\/746\/revisions"}],"predecessor-version":[{"id":1953,"href":"https:\/\/wordpress.nibis.de\/gsblender\/wp-json\/wp\/v2\/pages\/746\/revisions\/1953"}],"wp:attachment":[{"href":"https:\/\/wordpress.nibis.de\/gsblender\/wp-json\/wp\/v2\/media?parent=746"}],"curies":[{"name":"wp","href":"https:\/\/api.w.org\/{rel}","templated":true}]}}