{"id":85,"date":"2015-05-12T19:04:29","date_gmt":"2015-05-12T17:04:29","guid":{"rendered":"http:\/\/wordpress.nibis.de\/gsblender\/?page_id=85"},"modified":"2016-09-01T16:26:25","modified_gmt":"2016-09-01T14:26:25","slug":"schulprofil","status":"publish","type":"page","link":"https:\/\/wordpress.nibis.de\/gsblender\/schulprofil\/","title":{"rendered":"Leitbild"},"content":{"rendered":"<p><span style=\"font-size: 16px\">Wir verstehen unsere Schule als Lern- und Lebensraum, in dem sich jede und jeder angenommen und wohl f\u00fchlt.\u00a0Soziales Lernen steht gleichberechtigt neben der Wissensvermittlung und Methodenkompetenz.<\/span><\/p>\n<p><span style=\"font-size: 16px\">Dabei sehen wir\u00a0uns als Lernbegleiter und Initiator von Lernprozessen. Die Hinf\u00fchrung zu einem selbstst\u00e4ndigen, eigent\u00e4tigen Lernen, Teamf\u00e4higkeit, Toleranz und ein respektvoller Umgang zwischen Lehrern, Sch\u00fclern und Eltern ist f\u00fcr uns eine vorrangige Aufgabe.<\/span><\/p>\n<p><span style=\"font-size: 16px\"><strong style=\"text-decoration: underline\">Diese Leits\u00e4tze bestimmen unser p\u00e4dagogisches Handeln:<\/strong><\/span><\/p>\n<ul>\n<li><span style=\"font-size: 16px\"><em><u>Wir f\u00f6rdern und fordern jedes Kind individuell.<\/u><\/em><\/span><\/li>\n<\/ul>\n<p><span style=\"font-size: 16px\">Das bedeutet, ihnen grundlegende F\u00e4higkeiten, Kenntnisse, Fertigkeiten, Normen und Werte zu vermitteln unter Beachtung der individuellen Lernm\u00f6glichkeiten.<\/span><\/p>\n<ul>\n<li><span style=\"font-size: 16px\"><em><u>Wir erhalten und f\u00f6rdern die Lernfreude der Kinder. <\/u><\/em><\/span><\/li>\n<\/ul>\n<p><span style=\"font-size: 16px\">Das bedeutet, die Neugier zu wecken, Wissen zu vermitteln und Kreativit\u00e4t auszuleben.<\/span><\/p>\n<ul>\n<li><span style=\"font-size: 16px\"><em><u>Wir setzen uns f\u00fcr ein soziales und faires Miteinander ein<\/u><\/em><strong><u>.<\/u><\/strong><\/span><\/li>\n<\/ul>\n<p><span style=\"font-size: 16px\">Das beinhaltet einen respektvollen und wertsch\u00e4tzenden Umgang zwischen allen am Schulleben beteiligten Personen.<\/span><\/p>\n<ul>\n<li><span style=\"font-size: 16px\"><em><u>Wir erziehen unsere Kinder zum selbstst\u00e4ndigen Lernen und Handeln.<\/u><\/em><\/span><\/li>\n<\/ul>\n<p><span style=\"font-size: 16px\">Das beinhaltet die Hinf\u00fchrung zu einem eigenst\u00e4ndigen und selbstgesteuerte Lernen.<\/span><\/p>\n<p style=\"text-align: justify\"><span style=\"font-size: 16px\">\u00a0<\/span><\/p>\n<p style=\"text-align: justify\"><span style=\"font-size: 16px\"><strong><span style=\"text-decoration: underline\">Folgende Arbeitsschwerpunkte wollen wir uns f\u00fcr die n\u00e4chste Zeit setzen:<\/span><\/strong><\/span><\/p>\n<blockquote>\n<p><span style=\"font-size: 16px\">1. St\u00e4rkung von sozialen Kompetenzen<\/span><\/p>\n<\/blockquote>\n<ul style=\"text-align: justify\">\n<li><span style=\"font-size: 16px\">Gute Lernatmosph\u00e4re ist Voraussetzung f\u00fcr erfolgreiches Lernen.<\/span><\/li>\n<li><span style=\"font-size: 16px\">Pr\u00e4ventionsarbeit st\u00e4rkt soziale Kompetenzen und die Pers\u00f6nlichkeit der Sch\u00fcler und bef\u00e4higt\u00a0sie zu einem toleranten und respektvollem Miteinander.<\/span><\/li>\n<\/ul>\n<blockquote>\n<p><span style=\"font-size: 16px\">2. Lesen \/ Wissensvermittlung<\/span><\/p>\n<\/blockquote>\n<ul style=\"text-align: justify\">\n<li><span style=\"font-size: 16px\">Das Lesen ist nach wie vor die zentrale Kompetenz f\u00fcr den gesamten Bildungsprozess.<\/span><\/li>\n<li><span style=\"font-size: 16px\">Eine gut entwickelte Lesekompetenz ist die Grundvoraussetzung f\u00fcr die sinnvolle Nutzung von\u00a0neuen Medien wie Computer und Internet.<\/span><\/li>\n<li><span style=\"font-size: 16px\">Die beste Schulung f\u00fcr die Entwicklung der Lesef\u00e4higkeit und von Textverst\u00e4ndnis ist ein\u00a0selbstverst\u00e4ndlicher Umgang mit B\u00fcchern aller Art.<\/span><\/li>\n<\/ul>\n<blockquote>\n<p><span style=\"font-size: 16px\">3. Gesundheitserziehung<\/span><\/p>\n<\/blockquote>\n<ul style=\"text-align: justify\">\n<li><span style=\"font-size: 16px\">Angesichts von Bewegungsmangel und schlechter Ern\u00e4hrung sehen wir es als zentrale Aufgabe an,\u00a0Angebote im Bereich der Bewegung, sowohl im Unterricht als auch in den Pausen, anzubieten.<\/span><\/li>\n<li><span style=\"font-size: 16px\">Eine gesunde k\u00f6rperliche Entwicklung und Ern\u00e4hrung f\u00f6rdern die Konzentration.<\/span><\/li>\n<li><span style=\"font-size: 16px\">Sie sind Voraussetzung f\u00fcr ein erfolgreiches Lernen.<\/span><\/li>\n<\/ul>\n","protected":false},"excerpt":{"rendered":"<p>Wir verstehen unsere Schule als Lern- und Lebensraum, in dem sich jede und jeder angenommen und wohl f\u00fchlt.\u00a0Soziales Lernen steht gleichberechtigt neben der Wissensvermittlung und Methodenkompetenz. Dabei sehen wir\u00a0uns als Lernbegleiter und Initiator von Lernprozessen. Die Hinf\u00fchrung zu einem selbstst\u00e4ndigen, eigent\u00e4tigen Lernen, Teamf\u00e4higkeit, Toleranz und ein respektvoller Umgang zwischen Lehrern, Sch\u00fclern und Eltern ist f\u00fcr &hellip; <a href=\"https:\/\/wordpress.nibis.de\/gsblender\/schulprofil\/\" class=\"more-link\"><span class=\"screen-reader-text\">Leitbild<\/span> weiterlesen<\/a><\/p>\n","protected":false},"author":666,"featured_media":895,"parent":0,"menu_order":0,"comment_status":"closed","ping_status":"closed","template":"","meta":{"footnotes":""},"class_list":["post-85","page","type-page","status-publish","has-post-thumbnail","hentry"],"_links":{"self":[{"href":"https:\/\/wordpress.nibis.de\/gsblender\/wp-json\/wp\/v2\/pages\/85","targetHints":{"allow":["GET"]}}],"collection":[{"href":"https:\/\/wordpress.nibis.de\/gsblender\/wp-json\/wp\/v2\/pages"}],"about":[{"href":"https:\/\/wordpress.nibis.de\/gsblender\/wp-json\/wp\/v2\/types\/page"}],"author":[{"embeddable":true,"href":"https:\/\/wordpress.nibis.de\/gsblender\/wp-json\/wp\/v2\/users\/666"}],"replies":[{"embeddable":true,"href":"https:\/\/wordpress.nibis.de\/gsblender\/wp-json\/wp\/v2\/comments?post=85"}],"version-history":[{"count":25,"href":"https:\/\/wordpress.nibis.de\/gsblender\/wp-json\/wp\/v2\/pages\/85\/revisions"}],"predecessor-version":[{"id":161,"href":"https:\/\/wordpress.nibis.de\/gsblender\/wp-json\/wp\/v2\/pages\/85\/revisions\/161"}],"wp:featuredmedia":[{"embeddable":true,"href":"https:\/\/wordpress.nibis.de\/gsblender\/wp-json\/wp\/v2\/media\/895"}],"wp:attachment":[{"href":"https:\/\/wordpress.nibis.de\/gsblender\/wp-json\/wp\/v2\/media?parent=85"}],"curies":[{"name":"wp","href":"https:\/\/api.w.org\/{rel}","templated":true}]}}