{"id":92,"date":"2015-05-12T19:16:15","date_gmt":"2015-05-12T17:16:15","guid":{"rendered":"http:\/\/wordpress.nibis.de\/gsblender\/?page_id=92"},"modified":"2016-01-05T13:18:39","modified_gmt":"2016-01-05T12:18:39","slug":"unsere-schulbuecherei","status":"publish","type":"page","link":"https:\/\/wordpress.nibis.de\/gsblender\/schulprofil\/unsere-schulbuecherei\/","title":{"rendered":"Unsere Schulb\u00fccherei"},"content":{"rendered":"<p style=\"text-align: justify\"><span style=\"font-size: 12pt\">Die F\u00f6rderung der Lesekompetenz und der selbstverst\u00e4ndliche Umgang mit B\u00fcchern sind F\u00e4higkeiten, die die Grundschule Blender ab der 1. Klasse f\u00f6rdert. Hierbei hilft die B\u00fccherei.<\/span><br \/>\n<span style=\"font-size: 12pt\"> Die Ausleihe der B\u00fccher wird von den Sch\u00fclerinnen und Sch\u00fclern der 4. Klassen betreut. Die verschiedenen Klassenstufen k\u00f6nnen sich an vier Wochentagen jeweils in der 1. gro\u00dfen Pause B\u00fccher auszuleihen. An der T\u00fcr der B\u00fccherei h\u00e4ngt ein Plan, auf dem steht, an welchen Tagen die verschiedenen Klassenstufen die M\u00f6glichkeit der Ausleihe haben.<\/span><\/p>\n<p style=\"text-align: justify\"><span style=\"font-size: 12pt\">Die B\u00fccher unserer B\u00fccherei sind nach unterschiedlichen Themen in den Regalen eingeordnet. Au\u00dferdem sind sie durch farbliche Aufkleber markiert (rot, gelb, gr\u00fcn), die den Leseschwierigkeitsgrad angeben. So k\u00f6nnen die Sch\u00fclerinnen und Sch\u00fcler schnell erkennen, welches Buch ihrer aktuellen Lesef\u00e4higkeit entspricht und f\u00fcr sie zum Lesen gut geeignet ist.<\/span><\/p>\n<p><a href=\"http:\/\/wordpress.nibis.de\/gsblender\/files\/2015\/05\/DSC_0746.jpg\"><img loading=\"lazy\" decoding=\"async\" class=\"alignnone size-full wp-image-217\" src=\"http:\/\/wordpress.nibis.de\/gsblender\/files\/2015\/05\/DSC_0746.jpg\" alt=\"DSC_0746\" width=\"640\" height=\"427\" srcset=\"https:\/\/wordpress.nibis.de\/gsblender\/files\/2015\/05\/DSC_0746.jpg 640w, https:\/\/wordpress.nibis.de\/gsblender\/files\/2015\/05\/DSC_0746-300x200.jpg 300w\" sizes=\"auto, (max-width: 640px) 100vw, 640px\" \/><\/a><\/p>\n","protected":false},"excerpt":{"rendered":"<p>Die F\u00f6rderung der Lesekompetenz und der selbstverst\u00e4ndliche Umgang mit B\u00fcchern sind F\u00e4higkeiten, die die Grundschule Blender ab der 1. Klasse f\u00f6rdert. Hierbei hilft die B\u00fccherei. Die Ausleihe der B\u00fccher wird von den Sch\u00fclerinnen und Sch\u00fclern der 4. Klassen betreut. Die verschiedenen Klassenstufen k\u00f6nnen sich an vier Wochentagen jeweils in der 1. gro\u00dfen Pause B\u00fccher auszuleihen. &hellip; <a href=\"https:\/\/wordpress.nibis.de\/gsblender\/schulprofil\/unsere-schulbuecherei\/\" class=\"more-link\"><span class=\"screen-reader-text\">Unsere Schulb\u00fccherei<\/span> weiterlesen<\/a><\/p>\n","protected":false},"author":666,"featured_media":218,"parent":85,"menu_order":0,"comment_status":"closed","ping_status":"closed","template":"","meta":{"footnotes":""},"class_list":["post-92","page","type-page","status-publish","has-post-thumbnail","hentry"],"_links":{"self":[{"href":"https:\/\/wordpress.nibis.de\/gsblender\/wp-json\/wp\/v2\/pages\/92","targetHints":{"allow":["GET"]}}],"collection":[{"href":"https:\/\/wordpress.nibis.de\/gsblender\/wp-json\/wp\/v2\/pages"}],"about":[{"href":"https:\/\/wordpress.nibis.de\/gsblender\/wp-json\/wp\/v2\/types\/page"}],"author":[{"embeddable":true,"href":"https:\/\/wordpress.nibis.de\/gsblender\/wp-json\/wp\/v2\/users\/666"}],"replies":[{"embeddable":true,"href":"https:\/\/wordpress.nibis.de\/gsblender\/wp-json\/wp\/v2\/comments?post=92"}],"version-history":[{"count":7,"href":"https:\/\/wordpress.nibis.de\/gsblender\/wp-json\/wp\/v2\/pages\/92\/revisions"}],"predecessor-version":[{"id":425,"href":"https:\/\/wordpress.nibis.de\/gsblender\/wp-json\/wp\/v2\/pages\/92\/revisions\/425"}],"up":[{"embeddable":true,"href":"https:\/\/wordpress.nibis.de\/gsblender\/wp-json\/wp\/v2\/pages\/85"}],"wp:featuredmedia":[{"embeddable":true,"href":"https:\/\/wordpress.nibis.de\/gsblender\/wp-json\/wp\/v2\/media\/218"}],"wp:attachment":[{"href":"https:\/\/wordpress.nibis.de\/gsblender\/wp-json\/wp\/v2\/media?parent=92"}],"curies":[{"name":"wp","href":"https:\/\/api.w.org\/{rel}","templated":true}]}}