{"id":174,"date":"2020-09-18T13:30:09","date_gmt":"2020-09-18T11:30:09","guid":{"rendered":"https:\/\/wordpress.nibis.de\/gsbloneu\/?page_id=174"},"modified":"2024-07-03T13:51:54","modified_gmt":"2024-07-03T11:51:54","slug":"lehrkraefte","status":"publish","type":"page","link":"https:\/\/wordpress.nibis.de\/gsbloneu\/lehrkraefte\/","title":{"rendered":"Unsere Lehrkr\u00e4fte"},"content":{"rendered":"\n<figure class=\"wp-block-image size-large\"><img loading=\"lazy\" decoding=\"async\" width=\"1200\" height=\"675\" src=\"https:\/\/wordpress.nibis.de\/gsbloneu\/files\/2024\/07\/Kollegium_2023-2-1200x675.jpg\" alt=\"\" class=\"wp-image-665\" srcset=\"https:\/\/wordpress.nibis.de\/gsbloneu\/files\/2024\/07\/Kollegium_2023-2-1200x675.jpg 1200w, https:\/\/wordpress.nibis.de\/gsbloneu\/files\/2024\/07\/Kollegium_2023-2-850x478.jpg 850w, https:\/\/wordpress.nibis.de\/gsbloneu\/files\/2024\/07\/Kollegium_2023-2-250x141.jpg 250w\" sizes=\"auto, (max-width: 1200px) 100vw, 1200px\" \/><\/figure>\n\n\n\n<h2 class=\"wp-block-heading\"><strong><span class=\"has-inline-color has-blue-color\">Blomberg<\/span><\/strong><\/h2>\n\n\n\n<div class=\"wp-block-media-text alignwide is-stacked-on-mobile\"><figure class=\"wp-block-media-text__media\"><\/figure><div class=\"wp-block-media-text__content\">\n<h2 class=\"wp-block-heading\">Marlene Lippok<\/h2>\n\n\n\n<p>Klassenlehrerin der B1<\/p>\n<p>Fachkonferenzleitung Sport<\/p>\n<p>\u00a0<\/p>\n<\/div><\/div>\n\n\n\n<div class=\"wp-block-media-text alignwide is-stacked-on-mobile\"><figure class=\"wp-block-media-text__media\"><img loading=\"lazy\" decoding=\"async\" width=\"150\" height=\"150\" src=\"https:\/\/wordpress.nibis.de\/gsbloneu\/files\/2020\/09\/silke_stampka-150x150-1.jpg\" alt=\"\" class=\"wp-image-449 size-full\" \/><\/figure><div class=\"wp-block-media-text__content\">\n<h2 class=\"wp-block-heading\">Silke Stampka<\/h2>\n\n\n\n<p>Klassenlehrerin der B2<\/p>\n<p>Fachkonferenzleitung Kunst, Textiles Gestalten und Gestaltendes Werken<br \/><br \/>Beauftragte f\u00fcr BNE<\/p>\n<p>\u00a0<\/p>\n<\/div><\/div>\n\n\n\n<div class=\"wp-block-media-text alignwide is-stacked-on-mobile\"><figure class=\"wp-block-media-text__media\"><\/figure><div class=\"wp-block-media-text__content\">\n<h2 class=\"wp-block-heading\">Sarah Kaune<\/h2>\n\n\n\n<p>Klassenlehrerin der B3<\/p>\n<p>Fachkonferenzleitung Englisch<\/p>\n<p>\u00a0<\/p>\n<\/div><\/div>\n\n\n\n<div class=\"wp-block-media-text alignwide is-stacked-on-mobile\"><figure class=\"wp-block-media-text__media\"><\/figure><div class=\"wp-block-media-text__content\">\n<h2 class=\"wp-block-heading\">Janna Schoon<\/h2>\n\n\n\n<p>Klassenlehrerin der B4a<\/p>\n<p>Fachkonferenzleitung Mathematik<\/p>\n<p>\u00a0<\/p>\n<\/div><\/div>\n\n\n\n<div class=\"wp-block-media-text alignwide is-stacked-on-mobile\"><figure class=\"wp-block-media-text__media\"><img loading=\"lazy\" decoding=\"async\" width=\"141\" height=\"141\" src=\"https:\/\/wordpress.nibis.de\/gsbloneu\/files\/2020\/09\/ibi-141x150-1-141x141.jpg\" alt=\"\" class=\"wp-image-455 size-thumbnail\" \/><\/figure><div class=\"wp-block-media-text__content\">\n<h2 class=\"wp-block-heading\">Imke Bigl<\/h2>\n\n\n\n<p>Klassenlehrerin der B4b<\/p>\n<p>Fachkonferenzleitung Deutsch<\/p>\n<\/div><\/div>\n\n\n\n<h2 class=\"wp-block-heading\"><strong><span class=\"has-inline-color has-blue-color\">Neuschoo<\/span><\/strong><\/h2>\n\n\n\n<div class=\"wp-block-media-text alignwide is-stacked-on-mobile\"><figure class=\"wp-block-media-text__media\"><img loading=\"lazy\" decoding=\"async\" width=\"135\" height=\"141\" src=\"https:\/\/wordpress.nibis.de\/gsbloneu\/files\/2020\/09\/je-135x150-1-135x141.jpg\" alt=\"\" class=\"wp-image-451 size-thumbnail\" \/><\/figure><div class=\"wp-block-media-text__content\">\n<h2 class=\"wp-block-heading\">Julia Edenhuizen<\/h2>\n\n\n\n<p>Klassenlehrerin der N1<\/p>\n<p>Fachkonferenzleitung Musik<\/p>\n<p>Gleichstellungsbeauftragte<\/p>\n<\/div><\/div>\n\n\n\n<div class=\"wp-block-media-text alignwide is-stacked-on-mobile\"><figure class=\"wp-block-media-text__media\"><img loading=\"lazy\" decoding=\"async\" width=\"103\" height=\"141\" src=\"https:\/\/wordpress.nibis.de\/gsbloneu\/files\/2020\/09\/ja-103x150-1-103x141.jpg\" alt=\"\" class=\"wp-image-452 size-thumbnail\" \/><\/figure><div class=\"wp-block-media-text__content\">\n<h2 class=\"wp-block-heading\">Julia Anders<\/h2>\n\n\n\n<p>Klassenlehrerin der N2<\/p>\n<p>Fachkonferenzleitung Deutsch und Religion<\/p>\n<\/div><\/div>\n\n\n\n<div class=\"wp-block-media-text alignwide is-stacked-on-mobile\"><figure class=\"wp-block-media-text__media\"><img loading=\"lazy\" decoding=\"async\" width=\"150\" height=\"141\" src=\"https:\/\/wordpress.nibis.de\/gsbloneu\/files\/2020\/09\/dana_krey-150x147-1-150x141.jpg\" alt=\"\" class=\"wp-image-454 size-thumbnail\" \/><\/figure><div class=\"wp-block-media-text__content\">\n<h2 class=\"wp-block-heading\">Dana Krey<\/h2>\n\n\n\n<p>Klassenlehrerin der N3 <br \/><br \/>Fachkonferenzleitung Mathematik<\/p>\n<\/div><\/div>\n\n\n\n<div class=\"wp-block-media-text alignwide is-stacked-on-mobile\"><figure class=\"wp-block-media-text__media\"><img loading=\"lazy\" decoding=\"async\" width=\"140\" height=\"141\" src=\"https:\/\/wordpress.nibis.de\/gsbloneu\/files\/2020\/09\/tanja_soeker-140x150-1-140x141.jpg\" alt=\"\" class=\"wp-image-456 size-thumbnail\" \/><\/figure><div class=\"wp-block-media-text__content\">\n<h2 class=\"wp-block-heading\">Tanja S\u00f6ker<\/h2>\n\n\n\n<p>Klassenlehrerin der N3<\/p>\n<\/div><\/div>\n\n\n\n<div class=\"wp-block-media-text alignwide is-stacked-on-mobile is-vertically-aligned-center\"><figure class=\"wp-block-media-text__media\"><img loading=\"lazy\" decoding=\"async\" width=\"104\" height=\"141\" src=\"https:\/\/wordpress.nibis.de\/gsbloneu\/files\/2020\/09\/mr-104x150-1-104x141.jpg\" alt=\"\" class=\"wp-image-448 size-thumbnail\" \/><\/figure><div class=\"wp-block-media-text__content\">\n<h2 class=\"wp-block-heading\">Markus Richert <\/h2>\n\n\n\n<p>Klassenlehrer der N4<\/p>\n\n\n\n<p>Beauftragter f\u00fcr Sprachf\u00f6rderung und Durchg\u00e4ngige Sprachentwicklung<\/p>\n\n\n<\/div><\/div>\n\n\n\n\n\n<h2 class=\"wp-block-heading\"><strong><span class=\"has-inline-color has-blue-color\">Weitere<\/span><\/strong><\/h2>\n\n\n\n<div class=\"wp-block-media-text alignwide is-stacked-on-mobile\"><figure class=\"wp-block-media-text__media\"><img loading=\"lazy\" decoding=\"async\" width=\"150\" height=\"113\" src=\"https:\/\/wordpress.nibis.de\/gsbloneu\/files\/2020\/09\/alexander_kraft-150x113-1.jpg\" alt=\"\" class=\"wp-image-450 size-full\" \/><\/figure><div class=\"wp-block-media-text__content\">\n<h2 class=\"wp-block-heading\">Alexander Kraft<\/h2>\n\n\n\n<p>Fachlehrkraft<br \/><br \/>Schulleitung<\/p>\n<\/div><\/div>\n\n\n\n<div class=\"wp-block-media-text alignwide is-stacked-on-mobile\"><figure class=\"wp-block-media-text__media\"><\/figure><div class=\"wp-block-media-text__content\">\n<h2 class=\"wp-block-heading\">Viktoria Bruns<\/h2>\n\n\n\n<p>Fachlehrerin <br \/><br \/>Fachkonferenzleitung Sachunterricht<\/p>\n<\/div><\/div>\n\n\n\n<div class=\"wp-block-media-text alignwide is-stacked-on-mobile\"><figure class=\"wp-block-media-text__media\"><\/figure><div class=\"wp-block-media-text__content\">\n<h2 class=\"wp-block-heading\">Vera-Maria Jonscher<\/h2>\n\n\n\n<p>Fachlehrerin<\/p>\n<p>Im Sj. 2024\/25 abgeordnet an die GS Esens-Nord.<\/p>\n<\/div><\/div>\n\n\n\n<h2 class=\"wp-block-heading\"><strong><span class=\"has-inline-color has-blue-color\">Lehrkraft im Vorbereitungsdienst<\/span><\/strong><\/h2>\n\n\n\n<div class=\"wp-block-media-text alignwide is-stacked-on-mobile\"><figure class=\"wp-block-media-text__media\"><\/figure><div class=\"wp-block-media-text__content\">\n<h2 class=\"wp-block-heading\">Lisa-Marie Mostert<\/h2>\n\n\n\n<p>Ausbildungsf\u00e4cher: Deutsch und ev. Religion<\/p>\n<\/div><\/div>\n\n\n\n<h2 class=\"wp-block-heading\"><strong><span class=\"has-inline-color has-blue-color\">Abordnungen<\/span><\/strong><\/h2>\n\n\n\n<div class=\"wp-block-media-text alignwide is-stacked-on-mobile\"><figure class=\"wp-block-media-text__media\"><img loading=\"lazy\" decoding=\"async\" width=\"90\" height=\"141\" src=\"https:\/\/wordpress.nibis.de\/gsbloneu\/files\/2020\/09\/imke_ballschmiede-90x150-1-90x141.jpg\" alt=\"\" class=\"wp-image-457 size-thumbnail\" \/><\/figure><div class=\"wp-block-media-text__content\">\n<h2 class=\"wp-block-heading\">Imke Ballschmiede<\/h2>\n\n\n\n<p>F\u00f6rderschullehrkraft von der Christian Wilhelm Schneider Schule Esens f\u00fcr die Inklusion<\/p>\n<\/div><\/div>\n","protected":false},"excerpt":{"rendered":"<p>Blomberg Neuschoo Weitere Lehrkraft im Vorbereitungsdienst Abordnungen<\/p>\n","protected":false},"author":9192955,"featured_media":0,"parent":0,"menu_order":0,"comment_status":"closed","ping_status":"closed","template":"","meta":{"footnotes":""},"class_list":["post-174","page","type-page","status-publish","hentry"],"_links":{"self":[{"href":"https:\/\/wordpress.nibis.de\/gsbloneu\/wp-json\/wp\/v2\/pages\/174","targetHints":{"allow":["GET"]}}],"collection":[{"href":"https:\/\/wordpress.nibis.de\/gsbloneu\/wp-json\/wp\/v2\/pages"}],"about":[{"href":"https:\/\/wordpress.nibis.de\/gsbloneu\/wp-json\/wp\/v2\/types\/page"}],"author":[{"embeddable":true,"href":"https:\/\/wordpress.nibis.de\/gsbloneu\/wp-json\/wp\/v2\/users\/9192955"}],"replies":[{"embeddable":true,"href":"https:\/\/wordpress.nibis.de\/gsbloneu\/wp-json\/wp\/v2\/comments?post=174"}],"version-history":[{"count":13,"href":"https:\/\/wordpress.nibis.de\/gsbloneu\/wp-json\/wp\/v2\/pages\/174\/revisions"}],"predecessor-version":[{"id":675,"href":"https:\/\/wordpress.nibis.de\/gsbloneu\/wp-json\/wp\/v2\/pages\/174\/revisions\/675"}],"wp:attachment":[{"href":"https:\/\/wordpress.nibis.de\/gsbloneu\/wp-json\/wp\/v2\/media?parent=174"}],"curies":[{"name":"wp","href":"https:\/\/api.w.org\/{rel}","templated":true}]}}