{"id":178,"date":"2020-09-18T13:31:10","date_gmt":"2020-09-18T11:31:10","guid":{"rendered":"https:\/\/wordpress.nibis.de\/gsbloneu\/?page_id=178"},"modified":"2024-07-03T13:56:26","modified_gmt":"2024-07-03T11:56:26","slug":"sekretaerinnen","status":"publish","type":"page","link":"https:\/\/wordpress.nibis.de\/gsbloneu\/sekretaerinnen\/","title":{"rendered":"Unsere Sekret\u00e4rinnen"},"content":{"rendered":"\n<p class=\"has-text-align-left\">In unserem Sekretariat k\u00fcmmert sich Ute Tr\u00e4napp um nahezu alle Belange der Eltern und der Sch\u00fclerinnen und Sch\u00fcler. Vom kleinen \u201eTrostpflaster\u201c bis zur kompetenten Fachberatung und praktischer Hilfe beim Ausf\u00fcllen von Formularen.<\/p>\n\n\n<p style=\"text-align: center\"><span style=\"color: #3366ff\"><strong>Unser Sekretariat ist im Regelfall montags, dienstags, mittwochs und freitags von 8.30 &#8211; 12.00 Uhr besetzt <\/strong><\/span><span style=\"color: #3366ff\"><strong>(au\u00dfer in den Ferien).<\/strong><\/span><\/p>\n\n\n<div class=\"wp-block-image\"><figure class=\"aligncenter size-large is-resized\"><img loading=\"lazy\" decoding=\"async\" src=\"https:\/\/wordpress.nibis.de\/gsbloneu\/files\/2020\/10\/DSCN6031-1200x675.jpg\" alt=\"\" class=\"wp-image-574\" width=\"550\" height=\"308\" srcset=\"https:\/\/wordpress.nibis.de\/gsbloneu\/files\/2020\/10\/DSCN6031-1200x675.jpg 1200w, https:\/\/wordpress.nibis.de\/gsbloneu\/files\/2020\/10\/DSCN6031-850x478.jpg 850w, https:\/\/wordpress.nibis.de\/gsbloneu\/files\/2020\/10\/DSCN6031-250x141.jpg 250w\" sizes=\"auto, (max-width: 550px) 100vw, 550px\" \/><figcaption>Ute Tr\u00e4napp, Schulsekret\u00e4rin<\/figcaption><\/figure><\/div>\n\n\n","protected":false},"excerpt":{"rendered":"<p>In unserem Sekretariat k\u00fcmmert sich Ute Tr\u00e4napp um nahezu alle Belange der Eltern und der Sch\u00fclerinnen und Sch\u00fcler. Vom kleinen \u201eTrostpflaster\u201c bis zur kompetenten Fachberatung und praktischer Hilfe beim Ausf\u00fcllen von Formularen. Unser Sekretariat ist im Regelfall montags, dienstags, mittwochs &hellip; <a href=\"https:\/\/wordpress.nibis.de\/gsbloneu\/sekretaerinnen\/\">Weiterlesen <span class=\"meta-nav\">&rarr;<\/span><\/a><\/p>\n","protected":false},"author":9192955,"featured_media":0,"parent":0,"menu_order":0,"comment_status":"closed","ping_status":"closed","template":"","meta":{"footnotes":""},"class_list":["post-178","page","type-page","status-publish","hentry"],"_links":{"self":[{"href":"https:\/\/wordpress.nibis.de\/gsbloneu\/wp-json\/wp\/v2\/pages\/178","targetHints":{"allow":["GET"]}}],"collection":[{"href":"https:\/\/wordpress.nibis.de\/gsbloneu\/wp-json\/wp\/v2\/pages"}],"about":[{"href":"https:\/\/wordpress.nibis.de\/gsbloneu\/wp-json\/wp\/v2\/types\/page"}],"author":[{"embeddable":true,"href":"https:\/\/wordpress.nibis.de\/gsbloneu\/wp-json\/wp\/v2\/users\/9192955"}],"replies":[{"embeddable":true,"href":"https:\/\/wordpress.nibis.de\/gsbloneu\/wp-json\/wp\/v2\/comments?post=178"}],"version-history":[{"count":8,"href":"https:\/\/wordpress.nibis.de\/gsbloneu\/wp-json\/wp\/v2\/pages\/178\/revisions"}],"predecessor-version":[{"id":680,"href":"https:\/\/wordpress.nibis.de\/gsbloneu\/wp-json\/wp\/v2\/pages\/178\/revisions\/680"}],"wp:attachment":[{"href":"https:\/\/wordpress.nibis.de\/gsbloneu\/wp-json\/wp\/v2\/media?parent=178"}],"curies":[{"name":"wp","href":"https:\/\/api.w.org\/{rel}","templated":true}]}}