{"id":180,"date":"2020-09-18T13:31:37","date_gmt":"2020-09-18T11:31:37","guid":{"rendered":"https:\/\/wordpress.nibis.de\/gsbloneu\/?page_id=180"},"modified":"2024-07-03T14:07:01","modified_gmt":"2024-07-03T12:07:01","slug":"sozialarbeiterin","status":"publish","type":"page","link":"https:\/\/wordpress.nibis.de\/gsbloneu\/sozialarbeiterin\/","title":{"rendered":"Schulsozialarbeit"},"content":{"rendered":"\n<div class=\"wp-block-media-text alignwide is-stacked-on-mobile\"><figure class=\"wp-block-media-text__media\"><\/figure><div class=\"wp-block-media-text__content\">\n<h2 class=\"wp-block-heading\">Rena Krist<\/h2>\n\n\n\n<p>Schulsozialarbeiterin<\/p>\n\n\n<\/div><\/div>\n\n\n<p style=\"text-align: left\">Liebe Eltern und Erziehungsberechtigte,<\/p>\n<p style=\"text-align: left\">mein Name ist Rena Krist und ich vertrete seit August 2023 Frau Damm als Schulsozialarbeiterin in schulischer Verantwortung an der Grundschule Blomberg-Neuschoo. Die Zusammenarbeit mit den Kindern, Eltern, Erziehungsberechtigen und Lehrkr\u00e4ften erm\u00f6glicht uns ein positives Schulklima zu schaffen, indem das individuelle Wohlbefinden jedes einzelnen im Mittelpunkt steht. Ein respektvoller Umgang und der sensible Umgang mit vertraulichen Informationen sind dabei die Grundlage meiner Arbeit.<\/p>\n<h2><span style=\"color: #0000ff\">Zu meinen Aufgaben geh\u00f6ren u.a.:<\/span><\/h2>\n<ul>\n<li>Beratungsgespr\u00e4che und Konfliktberatung f\u00fcr Sch\u00fclerInnen, Eltern, Erziehungsberechtigte und Lehrkr\u00e4ften<\/li>\n<li>P\u00e4dagogische und pr\u00e4ventive Angebote zum sozialen Lernen in Gruppen- und in Einzelsettings<\/li>\n<li>Mitarbeit und Entwicklung schulischer Projekte<\/li>\n<li>P\u00e4dagogische Angebote f\u00fcr die Sch\u00fclerInnen in den Pausen und im Ganztag<\/li>\n<li>Vermittlung von Hilfsangeboten<\/li>\n<li>Netzwerkarbeit mit au\u00dferschulischen Institutionen<\/li>\n<\/ul>\n<h2><span style=\"color: #0000ff\">Meine Erreichbarkeit:<\/span><\/h2>\n<p>04977\/ 939535<\/p>\n<p>sch&#117;&#108;&#115;&#111;&#x7a;&#x69;&#x61;&#x6c;&#x61;&#x72;&#x62;eit&#64;&#103;&#115;&#45;&#98;&#x6c;&#x6f;&#x6d;&#x62;&#x65;&#x72;g-ne&#117;&#115;&#99;&#104;&#x6f;&#x6f;&#x2e;&#x64;&#x65;<\/p>\n<p>Termine und Sprechzeiten derzeit nach Vereinbarung<\/p>\n<p>\u00a0<\/p>\n<p>Gerne stehe ich Ihnen bei Fragen und Anliegen pers\u00f6nlich zur Verf\u00fcgung, hierbei unterliegen die Inhalte der <strong>Schweigepflicht<\/strong>.<br \/><br \/><\/p>\n<p>Mit freundlichen Gr\u00fc\u00dfen<\/p>\n<p>Rena Krist<\/p>\n<p>\u00a0<\/p>","protected":false},"excerpt":{"rendered":"<p>Liebe Eltern und Erziehungsberechtigte, mein Name ist Rena Krist und ich vertrete seit August 2023 Frau Damm als Schulsozialarbeiterin in schulischer Verantwortung an der Grundschule Blomberg-Neuschoo. Die Zusammenarbeit mit den Kindern, Eltern, Erziehungsberechtigen und Lehrkr\u00e4ften erm\u00f6glicht uns ein positives Schulklima &hellip; <a href=\"https:\/\/wordpress.nibis.de\/gsbloneu\/sozialarbeiterin\/\">Weiterlesen <span class=\"meta-nav\">&rarr;<\/span><\/a><\/p>\n","protected":false},"author":9192955,"featured_media":0,"parent":0,"menu_order":0,"comment_status":"closed","ping_status":"closed","template":"","meta":{"footnotes":""},"class_list":["post-180","page","type-page","status-publish","hentry"],"_links":{"self":[{"href":"https:\/\/wordpress.nibis.de\/gsbloneu\/wp-json\/wp\/v2\/pages\/180","targetHints":{"allow":["GET"]}}],"collection":[{"href":"https:\/\/wordpress.nibis.de\/gsbloneu\/wp-json\/wp\/v2\/pages"}],"about":[{"href":"https:\/\/wordpress.nibis.de\/gsbloneu\/wp-json\/wp\/v2\/types\/page"}],"author":[{"embeddable":true,"href":"https:\/\/wordpress.nibis.de\/gsbloneu\/wp-json\/wp\/v2\/users\/9192955"}],"replies":[{"embeddable":true,"href":"https:\/\/wordpress.nibis.de\/gsbloneu\/wp-json\/wp\/v2\/comments?post=180"}],"version-history":[{"count":7,"href":"https:\/\/wordpress.nibis.de\/gsbloneu\/wp-json\/wp\/v2\/pages\/180\/revisions"}],"predecessor-version":[{"id":684,"href":"https:\/\/wordpress.nibis.de\/gsbloneu\/wp-json\/wp\/v2\/pages\/180\/revisions\/684"}],"wp:attachment":[{"href":"https:\/\/wordpress.nibis.de\/gsbloneu\/wp-json\/wp\/v2\/media?parent=180"}],"curies":[{"name":"wp","href":"https:\/\/api.w.org\/{rel}","templated":true}]}}