{"id":182,"date":"2020-09-18T13:31:56","date_gmt":"2020-09-18T11:31:56","guid":{"rendered":"https:\/\/wordpress.nibis.de\/gsbloneu\/?page_id=182"},"modified":"2024-07-03T13:59:52","modified_gmt":"2024-07-03T11:59:52","slug":"bufdi","status":"publish","type":"page","link":"https:\/\/wordpress.nibis.de\/gsbloneu\/bufdi\/","title":{"rendered":"Unser BuFDi"},"content":{"rendered":"\n<div class=\"wp-block-media-text alignwide is-stacked-on-mobile\"><figure class=\"wp-block-media-text__media\"><\/figure><div class=\"wp-block-media-text__content\">\n<h2 class=\"wp-block-heading\">Leon Haak <\/h2>\n<\/div><\/div>\n\n\n<p><span style=\"color: #333333\">Im Schuljahr 2023\/24 \u00fcbernimmt Leon den Bundesfreiwilligendienst bei uns an der Schule.<\/span><\/p>\n<p><span style=\"color: #333333\">Bei uns an der Schule \u00fcbernimmt er u.a. folgende Aufgaben:<\/span><\/p>\n<ul>\n<li><span style=\"color: #333333\">Unterst\u00fctzung unserer Sekret\u00e4rin<\/span><\/li>\n<li><span style=\"color: #333333\">Mithilfe\/Unterst\u00fctzung im Unterricht und im Ganztagsbetrieb<\/span><\/li>\n<li>Weiterleitung der Abrechnungen des Mittagessens<\/li>\n<li>Buchf\u00fchrung der Ganztags-AGs<\/li>\n<li>&#8230;<\/li>\n<\/ul>","protected":false},"excerpt":{"rendered":"<p>Leon Haak Im Schuljahr 2023\/24 \u00fcbernimmt Leon den Bundesfreiwilligendienst bei uns an der Schule. Bei uns an der Schule \u00fcbernimmt er u.a. folgende Aufgaben: Unterst\u00fctzung unserer Sekret\u00e4rin Mithilfe\/Unterst\u00fctzung im Unterricht und im Ganztagsbetrieb Weiterleitung der Abrechnungen des Mittagessens Buchf\u00fchrung der &hellip; <a href=\"https:\/\/wordpress.nibis.de\/gsbloneu\/bufdi\/\">Weiterlesen <span class=\"meta-nav\">&rarr;<\/span><\/a><\/p>\n","protected":false},"author":9192955,"featured_media":0,"parent":0,"menu_order":0,"comment_status":"closed","ping_status":"closed","template":"","meta":{"footnotes":""},"class_list":["post-182","page","type-page","status-publish","hentry"],"_links":{"self":[{"href":"https:\/\/wordpress.nibis.de\/gsbloneu\/wp-json\/wp\/v2\/pages\/182","targetHints":{"allow":["GET"]}}],"collection":[{"href":"https:\/\/wordpress.nibis.de\/gsbloneu\/wp-json\/wp\/v2\/pages"}],"about":[{"href":"https:\/\/wordpress.nibis.de\/gsbloneu\/wp-json\/wp\/v2\/types\/page"}],"author":[{"embeddable":true,"href":"https:\/\/wordpress.nibis.de\/gsbloneu\/wp-json\/wp\/v2\/users\/9192955"}],"replies":[{"embeddable":true,"href":"https:\/\/wordpress.nibis.de\/gsbloneu\/wp-json\/wp\/v2\/comments?post=182"}],"version-history":[{"count":7,"href":"https:\/\/wordpress.nibis.de\/gsbloneu\/wp-json\/wp\/v2\/pages\/182\/revisions"}],"predecessor-version":[{"id":682,"href":"https:\/\/wordpress.nibis.de\/gsbloneu\/wp-json\/wp\/v2\/pages\/182\/revisions\/682"}],"wp:attachment":[{"href":"https:\/\/wordpress.nibis.de\/gsbloneu\/wp-json\/wp\/v2\/media?parent=182"}],"curies":[{"name":"wp","href":"https:\/\/api.w.org\/{rel}","templated":true}]}}