{"id":184,"date":"2020-09-18T13:32:33","date_gmt":"2020-09-18T11:32:33","guid":{"rendered":"https:\/\/wordpress.nibis.de\/gsbloneu\/?page_id=184"},"modified":"2026-03-02T09:40:58","modified_gmt":"2026-03-02T08:40:58","slug":"schulregeln","status":"publish","type":"page","link":"https:\/\/wordpress.nibis.de\/gsbloneu\/schulregeln\/","title":{"rendered":"Schulregeln"},"content":{"rendered":"<blockquote>\n<h3 style=\"text-align: center\"><span style=\"color: #0000ff\">F\u00fcr ein wertsch\u00e4tzendes und r\u00fccksichtsvolles Miteinander haben wir ein Erziehungskonzept erarbeitet. Dieses wurde im Dezember 2022 durch die schulischen Gremien beschlossen.<\/span><\/h3>\n<\/blockquote>\n\n\n<p>Hier finden Sie unser <strong><a href=\"https:\/\/wordpress.nibis.de\/gsbloneu\/files\/2026\/03\/Erziehungskonzept-Stand-Nov.-2025.pdf\" target=\"_blank\" rel=\"noopener\">Erziehungskonzept<\/a><\/strong>!<\/p>\n\n\n\n<figure class=\"wp-block-image size-large\"><img loading=\"lazy\" decoding=\"async\" width=\"836\" height=\"675\" src=\"https:\/\/wordpress.nibis.de\/gsbloneu\/files\/2024\/07\/image-836x675.png\" alt=\"\" class=\"wp-image-725\" \/><figcaption class=\"wp-element-caption\"><strong>Unsere Schule &#8211; ein Haus des Lebens und Lernens<\/strong><\/figcaption><\/figure>\n\n\n\n<div data-wp-interactive=\"core\/file\" class=\"wp-block-file\"><object data-wp-bind--hidden=\"!state.hasPdfPreview\" hidden class=\"wp-block-file__embed\" data=\"https:\/\/wordpress.nibis.de\/gsbloneu\/files\/2024\/07\/Wetterbericht-mit-Symbolen-und-Kommentar.pdf\" type=\"application\/pdf\" style=\"width:100%;height:600px\" aria-label=\"Einbettung von Wetterbericht-mit-Symbolen-und-Kommentar.\"><\/object><a id=\"wp-block-file--media-d8eba297-b61b-4bf5-ad78-82a6828ff693\" href=\"https:\/\/wordpress.nibis.de\/gsbloneu\/files\/2024\/07\/Wetterbericht-mit-Symbolen-und-Kommentar.pdf\">Wetterbericht-mit-Symbolen-und-Kommentar<\/a><\/div>\n","protected":false},"excerpt":{"rendered":"<p>F\u00fcr ein wertsch\u00e4tzendes und r\u00fccksichtsvolles Miteinander haben wir ein Erziehungskonzept erarbeitet. Dieses wurde im Dezember 2022 durch die schulischen Gremien beschlossen. Hier finden Sie unser Erziehungskonzept!<\/p>\n","protected":false},"author":9192955,"featured_media":0,"parent":0,"menu_order":0,"comment_status":"closed","ping_status":"closed","template":"","meta":{"footnotes":""},"class_list":["post-184","page","type-page","status-publish","hentry"],"_links":{"self":[{"href":"https:\/\/wordpress.nibis.de\/gsbloneu\/wp-json\/wp\/v2\/pages\/184","targetHints":{"allow":["GET"]}}],"collection":[{"href":"https:\/\/wordpress.nibis.de\/gsbloneu\/wp-json\/wp\/v2\/pages"}],"about":[{"href":"https:\/\/wordpress.nibis.de\/gsbloneu\/wp-json\/wp\/v2\/types\/page"}],"author":[{"embeddable":true,"href":"https:\/\/wordpress.nibis.de\/gsbloneu\/wp-json\/wp\/v2\/users\/9192955"}],"replies":[{"embeddable":true,"href":"https:\/\/wordpress.nibis.de\/gsbloneu\/wp-json\/wp\/v2\/comments?post=184"}],"version-history":[{"count":7,"href":"https:\/\/wordpress.nibis.de\/gsbloneu\/wp-json\/wp\/v2\/pages\/184\/revisions"}],"predecessor-version":[{"id":1219,"href":"https:\/\/wordpress.nibis.de\/gsbloneu\/wp-json\/wp\/v2\/pages\/184\/revisions\/1219"}],"wp:attachment":[{"href":"https:\/\/wordpress.nibis.de\/gsbloneu\/wp-json\/wp\/v2\/media?parent=184"}],"curies":[{"name":"wp","href":"https:\/\/api.w.org\/{rel}","templated":true}]}}