{"id":186,"date":"2020-09-18T13:32:53","date_gmt":"2020-09-18T11:32:53","guid":{"rendered":"https:\/\/wordpress.nibis.de\/gsbloneu\/?page_id=186"},"modified":"2024-10-02T08:39:45","modified_gmt":"2024-10-02T06:39:45","slug":"schulvorstand","status":"publish","type":"page","link":"https:\/\/wordpress.nibis.de\/gsbloneu\/schulvorstand\/","title":{"rendered":"Unser Schulvorstand"},"content":{"rendered":"\n<p class=\"has-text-align-center\">Dem Schulvorstand der Grundschule Blomberg-Neuschoo geh\u00f6ren im Schuljahr 2023\/24 an:<\/p>\n\n\n<figure class=\"wp-block-table\">\n<table style=\"height: 180px;width: 100%\">\n<tbody>\n<tr style=\"height: 36px\">\n<td style=\"height: 36px;width: 325.9px;text-align: left\"><strong>Mitglieder -Eltern<\/strong><\/td>\n<td style=\"height: 36px;width: 331.1px\"><strong>Mitglieder &#8211; Lehrkr\u00e4fte<\/strong><\/td>\n<\/tr>\n<tr style=\"height: 36px\">\n<td style=\"height: 36px;width: 325.9px\">Frau Torn<\/td>\n<td style=\"height: 36px;width: 331.1px\">Herr Kraft (Schulleiter)<\/td>\n<\/tr>\n<tr style=\"height: 36px\">\n<td style=\"height: 36px;width: 325.9px\">Frau Schmidt<\/td>\n<td style=\"height: 36px;width: 331.1px\">Frau Edenhuizen<\/td>\n<\/tr>\n<tr style=\"height: 36px\">\n<td style=\"height: 36px;width: 325.9px\">Frau Voller<\/td>\n<td style=\"height: 36px;width: 331.1px\">Frau Stampka<\/td>\n<\/tr>\n<tr style=\"height: 36px\">\n<td style=\"height: 36px;width: 325.9px\">Herr Ihnken<\/td>\n<td style=\"height: 36px;width: 331.1px\">Herr Richert<\/td>\n<\/tr>\n<\/tbody>\n<\/table>\n<\/figure>\n\n\n<p class=\"has-text-align-left\">Die Aufgaben des Schulvorstandes werden im Nieders\u00e4chsischen Schulgesetz (NSchG) unter \u00a738a wie folgt beschrieben:<br><\/p>\n\n\n\n<h2 class=\"has-text-align-center wp-block-heading\"><strong><span class=\"has-inline-color has-blue-color\">\u00a7 38 a&nbsp;&nbsp; Aufgaben des Schulvorstandes<\/span><\/strong><\/h2>\n\n\n\n<p class=\"has-text-align-left\">(1) Im Schulvorstand wirken der Schulleiter oder die Schulleiterin mit Vertreterinnen oder Vertretern der Lehrkr\u00e4fte, der Erziehungsberechtigten sowie der Sch\u00fclerinnen und Sch\u00fcler zusammen, um die Arbeit der Schule mit dem Ziel der Qualit\u00e4tsentwicklung zu gestalten.<\/p>\n\n\n\n<p class=\"has-text-align-left\">(2) Die Schulleiterin oder der Schulleiter unterrichtet den Schulvorstand \u00fcber alle wesentlichen Angelegenheiten der Schule, insbesondere \u00fcber die Umsetzung des Schulprogramms sowie den Stand der Verbesserungsma\u00dfnahmen nach \u00a7 32 Abs. 3.<\/p>\n\n\n\n<p class=\"has-text-align-left\">(3) Der Schulvorstand entscheidet \u00fcber 1. die Inanspruchnahme der den Schulen im Hinblick auf ihre Eigenverantwortlichkeit von der obersten Schulbeh\u00f6rde einger\u00e4umten Entscheidungsspielr\u00e4ume, 2. den Plan \u00fcber die Verwendung der Haushaltsmittel und die Entlastung der Schulleiterin oder des Schulleiters, 3. die Beteiligung berufsbildender Schulen an Ma\u00dfnahmen Dritter (\u00a7 21 Abs. 3), 4. Antr\u00e4ge an die Schulbeh\u00f6rde auf Genehmigung einer Ganztagsschule (\u00a7 23 Abs. 1 Satz 1) oder eines Ganztagsschulzugs (\u00a7 23 Abs. 5 Satz 1), 5. die Zusammenarbeit mit anderen Schulen (\u00a7 25 Abs. 1), 6. das F\u00fchren der Eingangsstufe (\u00a7 6 Abs. 4 Satz 1) und das F\u00fchren des 3. und 4. Schuljahrgangs als p\u00e4dagogische Einheit (\u00a7 6 Abs. 4 Satz 3), 7. die Vorschl\u00e4ge an die Schulbeh\u00f6rde zur Besetzung der Stelle der Schulleiterin oder des Schulleiters (\u00a7 45 Abs. 1 Satz 3), der Stelle der st\u00e4ndigen Vertreterin oder des st\u00e4ndigen Vertreters (\u00a7 52 Abs. 3 Satz 1) sowie anderer Bef\u00f6rderungsstellen (\u00a7 52 Abs. 3 Satz 2), 8. die Abgabe der Stellungnahmen zur Herstellung des Benehmens bei der Besetzung der Stelle der Schulleiterin oder des Schulleiters (\u00a7 45 Abs. 2 Satz 1 und \u00a7 48 Abs. 2 Satz 1) und bei der Besetzung der Stelle der st\u00e4ndigen Vertreterin oder des st\u00e4ndigen Vertreters (\u00a7 52 Abs. 3 Satz 3), 9. die Form, in der die Oberschule gef\u00fchrt wird (\u00a7 10 a Abs. 2 Satz 1), und dar\u00fcber, in welchen F\u00e4chern und Schuljahrg\u00e4ngen der Oberschule der Unterricht jahrgangsbezogen und in welchen er schulzweigspezifisch erteilt wird, 10. die Ausgestaltung der Stundentafel, 11. Schulpartnerschaften, 12. die von der Schule bei der Namensgebung zu treffenden Mitwirkungsentscheidungen (\u00a7 107), 13. Antr\u00e4ge an die Schulbeh\u00f6rde auf Genehmigung von Schulversuchen (\u00a7 22), 14. Vorschl\u00e4ge der berufsbildenden Schulen an den Schultr\u00e4ger f\u00fcr Antr\u00e4ge auf Genehmigung schulorganisatorischer Entscheidungen sowie 15. Grunds\u00e4tze f\u00fcr a) die T\u00e4tigkeit der p\u00e4dagogischen Mitarbeiterinnen und Mitarbeiter an Grundschulen, b) die Durchf\u00fchrung von Projektwochen, c) die Werbung und das Sponsoring in der Schule und d) die j\u00e4hrliche \u00dcberpr\u00fcfung der Arbeit der Schule nach \u00a7 32 Abs. 3.<\/p>\n\n\n\n<p class=\"has-text-align-left\">(4) <sup>1<\/sup> Der Schulvorstand macht einen Vorschlag f\u00fcr das Schulprogramm und f\u00fcr die Schulordnung. <sup>2<\/sup> Will die Gesamtkonferenz von den Entw\u00fcrfen des Schulvorstandes f\u00fcr das Schulprogramm oder f\u00fcr die Schulordnung abweichen, so ist das Benehmen mit dem Schulvorstand herzustellen.<\/p>\n\n\n\n<p>Stand: September 2024<\/p>\n","protected":false},"excerpt":{"rendered":"<p>Dem Schulvorstand der Grundschule Blomberg-Neuschoo geh\u00f6ren im Schuljahr 2023\/24 an: Mitglieder -Eltern Mitglieder &#8211; Lehrkr\u00e4fte Frau Torn Herr Kraft (Schulleiter) Frau Schmidt Frau Edenhuizen Frau Voller Frau Stampka Herr Ihnken Herr Richert Die Aufgaben des Schulvorstandes werden im Nieders\u00e4chsischen Schulgesetz &hellip; <a href=\"https:\/\/wordpress.nibis.de\/gsbloneu\/schulvorstand\/\">Weiterlesen <span class=\"meta-nav\">&rarr;<\/span><\/a><\/p>\n","protected":false},"author":9192955,"featured_media":0,"parent":0,"menu_order":0,"comment_status":"closed","ping_status":"closed","template":"","meta":{"footnotes":""},"class_list":["post-186","page","type-page","status-publish","hentry"],"_links":{"self":[{"href":"https:\/\/wordpress.nibis.de\/gsbloneu\/wp-json\/wp\/v2\/pages\/186","targetHints":{"allow":["GET"]}}],"collection":[{"href":"https:\/\/wordpress.nibis.de\/gsbloneu\/wp-json\/wp\/v2\/pages"}],"about":[{"href":"https:\/\/wordpress.nibis.de\/gsbloneu\/wp-json\/wp\/v2\/types\/page"}],"author":[{"embeddable":true,"href":"https:\/\/wordpress.nibis.de\/gsbloneu\/wp-json\/wp\/v2\/users\/9192955"}],"replies":[{"embeddable":true,"href":"https:\/\/wordpress.nibis.de\/gsbloneu\/wp-json\/wp\/v2\/comments?post=186"}],"version-history":[{"count":9,"href":"https:\/\/wordpress.nibis.de\/gsbloneu\/wp-json\/wp\/v2\/pages\/186\/revisions"}],"predecessor-version":[{"id":897,"href":"https:\/\/wordpress.nibis.de\/gsbloneu\/wp-json\/wp\/v2\/pages\/186\/revisions\/897"}],"wp:attachment":[{"href":"https:\/\/wordpress.nibis.de\/gsbloneu\/wp-json\/wp\/v2\/media?parent=186"}],"curies":[{"name":"wp","href":"https:\/\/api.w.org\/{rel}","templated":true}]}}