{"id":188,"date":"2020-09-18T13:51:07","date_gmt":"2020-09-18T11:51:07","guid":{"rendered":"https:\/\/wordpress.nibis.de\/gsbloneu\/?page_id=188"},"modified":"2024-10-02T08:58:07","modified_gmt":"2024-10-02T06:58:07","slug":"elternvertreter","status":"publish","type":"page","link":"https:\/\/wordpress.nibis.de\/gsbloneu\/elternvertreter\/","title":{"rendered":"Unsere Elternvertreter\/innen"},"content":{"rendered":"\n<blockquote class=\"wp-block-quote has-text-align-center is-style-large is-layout-flow wp-block-quote-is-layout-flow\"><p><span class=\"has-inline-color has-blue-color\">\u201eDie Erziehungsberechtigten wirken in der Schule mit.\u201c <\/span>(Schulgesetz)<\/p><\/blockquote>\n\n\n<h3 style=\"text-align: left\">Mit dieser Aussage aus dem Schulgesetz wird deutlich, dass es um eine gemeinsame Sache zwischen der Schule und den Eltern bzw. Erziehungsberechtigten gehen soll. Ebenso ist klar ausgedr\u00fcckt, dass die Schule im Vordergrund steht. Mitwirkung hei\u00dft, die Schule bei der Durchf\u00fchrung ihres Auftrages zu unterst\u00fctzen.<\/h3>\n<h3 style=\"text-align: left\">Dies bedeutet aber auch, dass es Auftrag f\u00fcr die Schulen ist, Elternarbeit zu f\u00f6rdern! Es h\u00e4ngt also nicht vom \u201eGuten Willen\u201c der Schulleitung und des Kollegiums ab, ob eine vern\u00fcnftige Elternarbeit an der Schule gemacht wird, sondern es ist ganz klar Aufgabe der Schule Elternarbeit zu unterst\u00fctzen.<\/h3>\n<h3 style=\"text-align: left\">Erw\u00e4hnenswert ist, dass Eltern in der Schule ehrenamtlich mitarbeiten \u2013 sie machen das zus\u00e4tzlich zu ihrer normalen Arbeit. An unserer Schule bedeutet das zum Beispiel: Sie nehmen an Elterversammlung teil, arbeiten in Fachkonferenzen mit und helfen bei Aktionen von Klassen oder von der Schule.<\/h3>\n\n\n<h2 class=\"has-text-align-left wp-block-heading\"><strong><span class=\"has-inline-color has-blue-color\">Mitglieder des Schulelternrates<\/span> <\/strong><\/h2>\n\n\n<p style=\"text-align: left\">Die Vorsitzenden der Klassenelternschaften bilden den Schulelternrat unserer Schule. Sie w\u00e4hlen aus ihrer Mitte eine Vorsitzende \/ einen Vorsitzenden und eine Stellvertreterin \/ einen Stellvertreter. Nach den Wahlen zu Beginn des Schuljahres 2023\/24 besteht der Schulelternrat f\u00fcr dieses Schuljahr aus: Stand: Juni 2024<\/p>\n\n\n<div class=\"wp-block-media-text alignwide is-stacked-on-mobile\"><figure class=\"wp-block-media-text__media\"><\/figure><div class=\"wp-block-media-text__content\">\n<h2 class=\"wp-block-heading\">Vorsitz des Schulelternrates<\/h2>\n\n\n\n<p>Vorsitzende: Frau Torn<\/p>\n<p>Stellvertreterin: Frau Voller<\/p>\n<p>&nbsp;<\/p>\n<\/div><\/div>\n\n\n\n<div class=\"wp-block-media-text alignwide is-stacked-on-mobile\"><figure class=\"wp-block-media-text__media\"><\/figure><div class=\"wp-block-media-text__content\">\n<h2 class=\"wp-block-heading\">Elternvertretung Klasse B1:<\/h2>\n\n\n\n<p>Vorsitzende: Herr Ihnken<\/p>\n<p>Stellvertreterin: Frau Schremmer<\/p>\n<p>&nbsp;<\/p>\n<\/div><\/div>\n\n\n\n<div class=\"wp-block-media-text alignwide is-stacked-on-mobile\"><figure class=\"wp-block-media-text__media\"><\/figure><div class=\"wp-block-media-text__content\">\n<h2 class=\"wp-block-heading\">Elternvertretung Klasse N1:<\/h2>\n\n\n\n<p>Vorsitzende: Frau Heymann<\/p>\n<p>Stellvertreterin: Frau Manthey<\/p>\n<p>&nbsp;<\/p>\n<\/div><\/div>\n\n\n\n<div class=\"wp-block-media-text alignwide is-stacked-on-mobile\"><figure class=\"wp-block-media-text__media\"><\/figure><div class=\"wp-block-media-text__content\">\n<h2 class=\"wp-block-heading\">Elternvertretung Klasse B2:<\/h2>\n\n\n\n<p>Vorsitzende: Frau Schoolmann<\/p>\n<p>Stellvertreterin: Frau Steffens<\/p>\n<p>&nbsp;<\/p>\n<\/div><\/div>\n\n\n\n<div class=\"wp-block-media-text alignwide is-stacked-on-mobile\"><figure class=\"wp-block-media-text__media\"><\/figure><div class=\"wp-block-media-text__content\">\n<h2 class=\"wp-block-heading\">Elternvertretung Klasse N2:<\/h2>\n\n\n\n<p>Vorsitzende: Frau Folkers<\/p>\n<p>Stellvertreterin: Frau Torn<\/p>\n<p>&nbsp;<\/p>\n<\/div><\/div>\n\n\n\n<div class=\"wp-block-media-text alignwide is-stacked-on-mobile\"><figure class=\"wp-block-media-text__media\"><\/figure><div class=\"wp-block-media-text__content\">\n<h2 class=\"wp-block-heading\">Elternvertretung Klasse B3:<\/h2>\n\n\n\n<p>Vorsitzende: Frau Horn<\/p>\n<p>Stellvertreterin: Frau Weber<\/p>\n<p>&nbsp;<\/p>\n<\/div><\/div>\n\n\n\n<div class=\"wp-block-media-text alignwide is-stacked-on-mobile\"><figure class=\"wp-block-media-text__media\"><\/figure><div class=\"wp-block-media-text__content\">\n<h2 class=\"wp-block-heading\">Elternvertretung Klasse N3:<\/h2>\n\n\n\n<p>Vorsitzende: Frau Heymann<\/p>\n<p>Stellvertreterin: Frau Homeyer<\/p>\n<p>\u00a0<\/p>\n<\/div><\/div>\n\n\n\n<div class=\"wp-block-media-text alignwide is-stacked-on-mobile\"><figure class=\"wp-block-media-text__media\"><\/figure><div class=\"wp-block-media-text__content\">\n<h2 class=\"wp-block-heading\">Elternvertretung Klasse B4a:<\/h2>\n\n\n\n<p>Vorsitzende: Frau Schmidt<\/p>\n<p>Stellvertreterin: Frau Voller<\/p>\n<p>&nbsp;<\/p>\n<\/div><\/div>\n\n\n\n<div class=\"wp-block-media-text alignwide is-stacked-on-mobile\"><figure class=\"wp-block-media-text__media\"><\/figure><div class=\"wp-block-media-text__content\">\n<h2 class=\"wp-block-heading\">Elternvertretung Klasse B4b:<\/h2>\n\n\n\n<p>Vorsitzende: Frau Steffens<\/p>\n<p>Stellvertreterin: Frau Voller<\/p>\n<p>&nbsp;<\/p>\n<\/div><\/div>\n\n\n\n<div class=\"wp-block-media-text alignwide is-stacked-on-mobile\"><figure class=\"wp-block-media-text__media\"><\/figure><div class=\"wp-block-media-text__content\">\n<h2 class=\"wp-block-heading\">Elternvertretung Klasse N4:<\/h2>\n\n\n\n<p>Vorsitzende: Frau Torn<\/p>\n<p>Stellvertreterin: Frau Homeyer<\/p>\n<\/div><\/div>\n\n\n\n<p>Stand: September 2024<\/p>\n","protected":false},"excerpt":{"rendered":"<p>\u201eDie Erziehungsberechtigten wirken in der Schule mit.\u201c (Schulgesetz) Mit dieser Aussage aus dem Schulgesetz wird deutlich, dass es um eine gemeinsame Sache zwischen der Schule und den Eltern bzw. Erziehungsberechtigten gehen soll. Ebenso ist klar ausgedr\u00fcckt, dass die Schule im &hellip; <a href=\"https:\/\/wordpress.nibis.de\/gsbloneu\/elternvertreter\/\">Weiterlesen <span class=\"meta-nav\">&rarr;<\/span><\/a><\/p>\n","protected":false},"author":9192955,"featured_media":0,"parent":0,"menu_order":0,"comment_status":"closed","ping_status":"closed","template":"","meta":{"footnotes":""},"class_list":["post-188","page","type-page","status-publish","hentry"],"_links":{"self":[{"href":"https:\/\/wordpress.nibis.de\/gsbloneu\/wp-json\/wp\/v2\/pages\/188","targetHints":{"allow":["GET"]}}],"collection":[{"href":"https:\/\/wordpress.nibis.de\/gsbloneu\/wp-json\/wp\/v2\/pages"}],"about":[{"href":"https:\/\/wordpress.nibis.de\/gsbloneu\/wp-json\/wp\/v2\/types\/page"}],"author":[{"embeddable":true,"href":"https:\/\/wordpress.nibis.de\/gsbloneu\/wp-json\/wp\/v2\/users\/9192955"}],"replies":[{"embeddable":true,"href":"https:\/\/wordpress.nibis.de\/gsbloneu\/wp-json\/wp\/v2\/comments?post=188"}],"version-history":[{"count":12,"href":"https:\/\/wordpress.nibis.de\/gsbloneu\/wp-json\/wp\/v2\/pages\/188\/revisions"}],"predecessor-version":[{"id":901,"href":"https:\/\/wordpress.nibis.de\/gsbloneu\/wp-json\/wp\/v2\/pages\/188\/revisions\/901"}],"wp:attachment":[{"href":"https:\/\/wordpress.nibis.de\/gsbloneu\/wp-json\/wp\/v2\/media?parent=188"}],"curies":[{"name":"wp","href":"https:\/\/api.w.org\/{rel}","templated":true}]}}