{"id":196,"date":"2020-09-18T13:53:05","date_gmt":"2020-09-18T11:53:05","guid":{"rendered":"https:\/\/wordpress.nibis.de\/gsbloneu\/?page_id=196"},"modified":"2026-03-20T14:29:08","modified_gmt":"2026-03-20T13:29:08","slug":"zeitplan","status":"publish","type":"page","link":"https:\/\/wordpress.nibis.de\/gsbloneu\/zeitplan\/","title":{"rendered":"Unser Zeitplan"},"content":{"rendered":"\n<h4 class=\"wp-block-heading\"><strong>Seit dem Schuljahr 2018\/2019 gelten an unserer Schule folgende Unterrichtszeiten:<\/strong><\/h4>\n\n\n<figure class=\"wp-block-table\">\n<table style=\"height: 333px;width: 100%\">\n<tbody>\n<tr style=\"height: 37px\">\n<td style=\"height: 37px;width: 326.883px\"><strong>Uhrzeit<\/strong><\/td>\n<td style=\"height: 37px;width: 330.117px\">\u00a0<\/td>\n<\/tr>\n<tr style=\"height: 37px\">\n<td style=\"height: 37px;width: 326.883px\">ab 7.50 Uhr<\/td>\n<td style=\"height: 37px;width: 330.117px\">Einlass in die Schule<\/td>\n<\/tr>\n<tr style=\"height: 37px\">\n<td style=\"height: 37px;width: 326.883px\">7.56 \u2013 8.05 Uhr<\/td>\n<td style=\"height: 37px;width: 330.117px\">Meisterzeit<\/td>\n<\/tr>\n<tr style=\"height: 37px\">\n<td style=\"height: 37px;width: 326.883px\"><strong>8.05 \u2013 9.35 Uhr<\/strong><\/td>\n<td style=\"height: 37px;width: 330.117px\"><strong>1. und 2. Stunde<\/strong><\/td>\n<\/tr>\n<tr style=\"height: 37px\">\n<td style=\"height: 37px;width: 326.883px\">9.35 \u2013 9.45 Uhr<\/td>\n<td style=\"height: 37px;width: 330.117px\">Fr\u00fchst\u00fcckspause<\/td>\n<\/tr>\n<tr style=\"height: 37px\">\n<td style=\"height: 37px;width: 326.883px\">9.45 \u2013 10.05 Uhr<\/td>\n<td style=\"height: 37px;width: 330.117px\">1. gro\u00dfe Pause<\/td>\n<\/tr>\n<tr style=\"height: 37px\">\n<td style=\"height: 37px;width: 326.883px\"><strong>10.05 \u2013 11.40 Uhr<\/strong><\/td>\n<td style=\"height: 37px;width: 330.117px\"><strong>3. und 4. Stunde<\/strong><\/td>\n<\/tr>\n<tr style=\"height: 37px\">\n<td style=\"height: 37px;width: 326.883px\">11.40 \u2013 12.05 Uhr<\/td>\n<td style=\"height: 37px;width: 330.117px\">2. gro\u00dfe Pause<\/td>\n<\/tr>\n<tr style=\"height: 37px\">\n<td style=\"height: 37px;width: 326.883px\"><strong>12.05 \u2013 12.50 Uhr<\/strong><\/td>\n<td style=\"height: 37px;width: 330.117px\"><strong>5. Stunde\/ <a href=\"https:\/\/wordpress.nibis.de\/gsbloneu\/betreuung-2\/\">Betreuung<\/a><br \/><\/strong><\/td>\n<\/tr>\n<\/tbody>\n<\/table>\n<\/figure>\n\n\n<h4 class=\"wp-block-heading\"><strong>Ganztagsbetreuung von Montag bis Donnerstag:<\/strong><\/h4>\n\n\n<figure class=\"wp-block-table\">\n<table style=\"width: 100.3%;height: 92px\">\n<tbody>\n<tr style=\"height: 23px\">\n<td style=\"width: 330px;height: 23px\">12.50 \u2013 13.00 Uhr<\/td>\n<td style=\"width: 338px;height: 23px\">Pause<\/td>\n<\/tr>\n<tr style=\"height: 23px\">\n<td style=\"width: 330px;height: 23px\">13.00 \u2013 13.30 Uhr<\/td>\n<td style=\"width: 338px;height: 23px\"><strong><a href=\"https:\/\/wordpress.nibis.de\/gsbloneu\/mensa\/\">Mittagessen<\/a><\/strong><\/td>\n<\/tr>\n<tr style=\"height: 23px\">\n<td style=\"width: 330px;height: 23px\">13.30 \u2013 14.00 Uhr<\/td>\n<td style=\"width: 338px;height: 23px\">Lernzeit<\/td>\n<\/tr>\n<tr style=\"height: 23px\">\n<td style=\"width: 330px;height: 23px\"><strong>14.00 \u2013 15.00 Uhr<\/strong><\/td>\n<td style=\"width: 338px;height: 23px\"><strong><a href=\"https:\/\/wordpress.nibis.de\/gsbloneu\/ganztag\/\">Ganztagsangebote<\/a><\/strong><\/td>\n<\/tr>\n<\/tbody>\n<\/table>\n<\/figure>\n\n\n<h3 class=\"wp-block-heading\">Jeden Morgen arbeiten die Sch\u00fclerinnen und Sch\u00fcler ab 7.56 Uhr, w\u00e4hrend der Meisterzeit, in ihren Klassen individuell. Entweder an noch nicht erledigten Aufgaben oder in f\u00fcr sie zusammengestellte F\u00f6rder- oder Forderheften. Anschlie\u00dfend finden die ersten beiden Unterrichtsstunden in Form des Wochenplanes statt. Um 9.35 Uhr machen alle Klassen in ihrem Klassenraum eine Fr\u00fchst\u00fcckspause. Von 9.45 Uhr bis 10.05 Uhr haben die Sch\u00fclerinnen und Sch\u00fcler ihre erste gro\u00dfe Pause. Nach der Pause schlie\u00dfen sich die 3. und 4. Stunde an. Um 11.40 Uhr endet f\u00fcr die 1. Kl\u00e4ssler und f\u00fcr einige 2. Kl\u00e4ssler der Unterricht. Von 11.40 Uhr bis 12.05 Uhr findet die zweite gro\u00dfe Pause statt.<\/h3>\n\n\n<h3>In der 5. Stunde haben die Kinder entweder Unterricht nach Plan oder sie k\u00f6nnen das <a href=\"https:\/\/wordpress.nibis.de\/gsbloneu\/betreuung-2\/\">Betreuungsangebot<\/a> besuchen. Um 12.50 Uhr endet der normale Schultag.<\/h3>\n<h3>Das offene (freiwillige) <a href=\"https:\/\/wordpress.nibis.de\/gsbloneu\/ganztag\/\">Ganztagsangebot<\/a> beginnt um 12.50 Uhr mit einer kurzen Pause, sodass die Neuschooer und Blomberger Kinder um 13.00 Uhr gemeinsam mit dem Mittagessen in unserer <a href=\"https:\/\/wordpress.nibis.de\/gsbloneu\/mensa\/\">Mensa<\/a> beginnen k\u00f6nnen. Anschlie\u00dfend werden von 13.30 Uhr bis 14.00 Uhr in verschiedenen Lerngruppen die Hausaufgaben bearbeitet. Ab 14.00 Uhr besuchen die Kinder ihre gew\u00e4hlten <a href=\"https:\/\/wordpress.nibis.de\/gsbloneu\/ganztag\/\">Ganztagsangebote<\/a>. Um 15 Uhr endet das Ganztagsangebot.<\/h3>\n<p>\u00a0<\/p>\n\n\n<p><strong>Ab dem Schuljahr 2026\/27 gilt folgender Zeitplan*:<\/strong><\/p>\n\n\n\n<figure class=\"wp-block-table\"><table class=\"has-fixed-layout\"><tbody><tr><td><strong>Uhrzeit<\/strong><\/td><td>&nbsp;<\/td><\/tr><tr><td>07.30 &#8211; 07.45<\/td><td>Fr\u00fchaufsicht<\/td><\/tr><tr><td><strong>7.45 \u2013 8.15 Uhr<\/strong><\/td><td><strong>Sichere Basis \/ Lernzeit<\/strong><\/td><\/tr><tr><td><strong>8.15 \u2013 9.15 Uhr<\/strong><\/td><td><strong>Mathe \/ Deutsch (Band)<\/strong><\/td><\/tr><tr><td>9.15 \u2013 9.30 Uhr<\/td><td>Fr\u00fchst\u00fcckspause<\/td><\/tr><tr><td>9.30 \u2013 10.01 Uhr<\/td><td>1. gro\u00dfe Pause<\/td><\/tr><tr><td><strong>10.01 \u2013 10.10 Uhr<\/strong><\/td><td><strong>Leseband<\/strong><\/td><\/tr><tr><td><strong>10.10 &#8211; 11.40 Uhr<\/strong><\/td><td><strong>3. und 4. Stunde<\/strong><\/td><\/tr><tr><td>11.40 \u2013 12.05 Uhr<\/td><td>2. gro\u00dfe Pause<\/td><\/tr><tr><td><strong>12.05 \u2013 12.50 Uhr<\/strong><\/td><td><strong>5. Stunde\/ <a href=\"https:\/\/wordpress.nibis.de\/gsbloneu\/betreuung-2\/\">Betreuung<\/a><\/strong><\/td><\/tr><\/tbody><\/table><\/figure>\n\n\n\n<p><strong>T\u00e4gliche Ganztagsbetreuung:<\/strong><\/p>\n\n\n\n<figure class=\"wp-block-table\"><table class=\"has-fixed-layout\"><tbody><tr><td>12.50 \u2013 13.00 Uhr<\/td><td>Pause<\/td><\/tr><tr><td>13.00 \u2013 14.00 Uhr<\/td><td><strong><a href=\"https:\/\/wordpress.nibis.de\/gsbloneu\/mensa\/\">Mittagessen<\/a><\/strong> und Mittagspause<\/td><\/tr><tr><td>14.00 \u2013 14.30 Uhr<\/td><td>Lernzeit<\/td><\/tr><tr><td><strong>14.30 \u2013 15.30 Uhr<\/strong><\/td><td><strong><a href=\"https:\/\/wordpress.nibis.de\/gsbloneu\/ganztag\/\">Ganztagsangebote<\/a><\/strong><\/td><\/tr><tr><td>15.30 &#8211; 15.45 Uhr<\/td><td>Pause<\/td><\/tr><\/tbody><\/table><\/figure>\n\n\n\n<p class=\"has-small-font-size\">*Gem. Beschluss der Gesamtkonferenz und des Schulvorstandes vom 21.01.2026.<\/p>\n\n\n\n<p><\/p>\n","protected":false},"excerpt":{"rendered":"<p>Seit dem Schuljahr 2018\/2019 gelten an unserer Schule folgende Unterrichtszeiten: Uhrzeit \u00a0 ab 7.50 Uhr Einlass in die Schule 7.56 \u2013 8.05 Uhr Meisterzeit 8.05 \u2013 9.35 Uhr 1. und 2. Stunde 9.35 \u2013 9.45 Uhr Fr\u00fchst\u00fcckspause 9.45 \u2013 10.05 &hellip; <a href=\"https:\/\/wordpress.nibis.de\/gsbloneu\/zeitplan\/\">Weiterlesen <span class=\"meta-nav\">&rarr;<\/span><\/a><\/p>\n","protected":false},"author":9192955,"featured_media":0,"parent":0,"menu_order":0,"comment_status":"closed","ping_status":"closed","template":"","meta":{"footnotes":""},"class_list":["post-196","page","type-page","status-publish","hentry"],"_links":{"self":[{"href":"https:\/\/wordpress.nibis.de\/gsbloneu\/wp-json\/wp\/v2\/pages\/196","targetHints":{"allow":["GET"]}}],"collection":[{"href":"https:\/\/wordpress.nibis.de\/gsbloneu\/wp-json\/wp\/v2\/pages"}],"about":[{"href":"https:\/\/wordpress.nibis.de\/gsbloneu\/wp-json\/wp\/v2\/types\/page"}],"author":[{"embeddable":true,"href":"https:\/\/wordpress.nibis.de\/gsbloneu\/wp-json\/wp\/v2\/users\/9192955"}],"replies":[{"embeddable":true,"href":"https:\/\/wordpress.nibis.de\/gsbloneu\/wp-json\/wp\/v2\/comments?post=196"}],"version-history":[{"count":7,"href":"https:\/\/wordpress.nibis.de\/gsbloneu\/wp-json\/wp\/v2\/pages\/196\/revisions"}],"predecessor-version":[{"id":1234,"href":"https:\/\/wordpress.nibis.de\/gsbloneu\/wp-json\/wp\/v2\/pages\/196\/revisions\/1234"}],"wp:attachment":[{"href":"https:\/\/wordpress.nibis.de\/gsbloneu\/wp-json\/wp\/v2\/media?parent=196"}],"curies":[{"name":"wp","href":"https:\/\/api.w.org\/{rel}","templated":true}]}}