{"id":249,"date":"2020-09-21T09:12:56","date_gmt":"2020-09-21T07:12:56","guid":{"rendered":"https:\/\/wordpress.nibis.de\/gsbloneu\/?page_id=249"},"modified":"2020-09-25T20:46:44","modified_gmt":"2020-09-25T18:46:44","slug":"hilfe-bei-problemen-familien-und-kinderservicebuero","status":"publish","type":"page","link":"https:\/\/wordpress.nibis.de\/gsbloneu\/hilfe-bei-problemen-familien-und-kinderservicebuero\/","title":{"rendered":"Hilfe bei Problemen"},"content":{"rendered":"\n<h2 class=\"wp-block-heading\"><strong><span class=\"has-inline-color has-blue-color\">Schulsozialarbeiterin<\/span><\/strong><\/h2>\n\n\n<p><a href=\"https:\/\/wordpress.nibis.de\/gsbloneu\/sozialarbeiterin\/\">Hier geht es zu unserer Schulsozialarbeiterin.<\/a><\/p>\n\n\n<h2 class=\"wp-block-heading\"><strong><span class=\"has-inline-color has-blue-color\">Familien und Kinderservice B\u00fcro<\/span><\/strong><\/h2>\n\n\n\n<p>Eine Kurz\u00fcbersicht \u00fcber Anlaufstellen und Ansprechpartner:<\/p>\n<p>Folgende Adresse ist immer 1. Ansprechpartner beim Landkreis Wittmund:<\/p>\n<p>FAMILIEN UND KINDERSERVICE B\u00dcRO<\/p>\n<p>Tel: 04462 \u2013 861362<\/p>\n<p><a href=\"http:\/\/gs-blomberg-neuschoo.holtriem.de\/wp-content\/uploads\/2015\/02\/anlaufstellen-und-ansprechpartner.pdf\" target=\"_blank\" rel=\"noopener noreferrer\">Anlaufstellen und Ansprechpartner<\/a><\/p>\n","protected":false},"excerpt":{"rendered":"<p>Schulsozialarbeiterin Hier geht es zu unserer Schulsozialarbeiterin. Familien und Kinderservice B\u00fcro Eine Kurz\u00fcbersicht \u00fcber Anlaufstellen und Ansprechpartner: Folgende Adresse ist immer 1. Ansprechpartner beim Landkreis Wittmund: FAMILIEN UND KINDERSERVICE B\u00dcRO Tel: 04462 \u2013 861362 Anlaufstellen und Ansprechpartner<\/p>\n","protected":false},"author":9192955,"featured_media":0,"parent":0,"menu_order":0,"comment_status":"closed","ping_status":"closed","template":"","meta":{"footnotes":""},"class_list":["post-249","page","type-page","status-publish","hentry"],"_links":{"self":[{"href":"https:\/\/wordpress.nibis.de\/gsbloneu\/wp-json\/wp\/v2\/pages\/249","targetHints":{"allow":["GET"]}}],"collection":[{"href":"https:\/\/wordpress.nibis.de\/gsbloneu\/wp-json\/wp\/v2\/pages"}],"about":[{"href":"https:\/\/wordpress.nibis.de\/gsbloneu\/wp-json\/wp\/v2\/types\/page"}],"author":[{"embeddable":true,"href":"https:\/\/wordpress.nibis.de\/gsbloneu\/wp-json\/wp\/v2\/users\/9192955"}],"replies":[{"embeddable":true,"href":"https:\/\/wordpress.nibis.de\/gsbloneu\/wp-json\/wp\/v2\/comments?post=249"}],"version-history":[{"count":5,"href":"https:\/\/wordpress.nibis.de\/gsbloneu\/wp-json\/wp\/v2\/pages\/249\/revisions"}],"predecessor-version":[{"id":640,"href":"https:\/\/wordpress.nibis.de\/gsbloneu\/wp-json\/wp\/v2\/pages\/249\/revisions\/640"}],"wp:attachment":[{"href":"https:\/\/wordpress.nibis.de\/gsbloneu\/wp-json\/wp\/v2\/media?parent=249"}],"curies":[{"name":"wp","href":"https:\/\/api.w.org\/{rel}","templated":true}]}}